{"id":7996,"date":"2026-04-04T23:19:35","date_gmt":"2026-04-05T04:19:35","guid":{"rendered":"https:\/\/redsimbiotic.com\/?page_id=7996"},"modified":"2026-04-05T01:36:05","modified_gmt":"2026-04-05T06:36:05","slug":"herramienta-digital-puerto-narino-turismo-sostenible","status":"publish","type":"page","link":"https:\/\/redsimbiotic.com\/en\/herramienta-digital-puerto-narino-turismo-sostenible\/","title":{"rendered":"Herramienta Digital Puerto Nari\u00f1o \u2013 Amazonas: Caso de \u00c9xito en Turismo Sostenible"},"content":{"rendered":"<div class=\"wp-block-columns is-layout-flex wp-container-core-columns-is-layout-28f84493 wp-block-columns-is-layout-flex\">\n<div class=\"wp-block-column is-layout-flow wp-block-column-is-layout-flow\" style=\"flex-basis:40%\">\n<p class=\"has-medium-font-size\"><br>La herramienta digital de Puerto Nari\u00f1o representa un hito en la aplicaci\u00f3n del Turismo 4.0 en territorios de alta sensibilidad ambiental. Desarrollada por Simbiotic como resultado del Living Lab de Turismo Sostenible, esta plataforma demuestra que la transformaci\u00f3n digital puede:<\/p>\n\n\n\n<ul class=\"wp-block-list has-medium-font-size\">\n<li>Fortalecer la identidad cultural<\/li>\n\n\n\n<li>Dinamizar la econom\u00eda local <\/li>\n\n\n\n<li>Mantener coherencia con los est\u00e1ndares de un destino certificado como sostenible.<\/li>\n<\/ul>\n\n\n\n<p class=\"has-text-color has-link-color has-medium-font-size wp-elements-9e5c352492605d0b63aca7862da0c985\" style=\"color:#7600ff\"><a href=\"htttps:\/\/puertonarinoamazonas.com\" target=\"_blank\" rel=\"noreferrer noopener\">htttps:\/\/puertonarinoamazonas.com<\/a><\/p>\n<\/div>\n\n\n\n<div class=\"wp-block-column is-layout-flow wp-block-column-is-layout-flow\" style=\"flex-basis:66.66%\">\n<figure class=\"wp-block-image size-full is-resized\"><img fetchpriority=\"high\" decoding=\"async\" width=\"1280\" height=\"853\" src=\"https:\/\/redsimbiotic.com\/wp-content\/uploads\/2026\/04\/IMG_7924-edited.jpg\" alt=\"\" class=\"wp-image-8083\" style=\"width:707px;height:auto\" srcset=\"https:\/\/redsimbiotic.com\/wp-content\/uploads\/2026\/04\/IMG_7924-edited.jpg 1280w, https:\/\/redsimbiotic.com\/wp-content\/uploads\/2026\/04\/IMG_7924-edited-300x200.jpg 300w, https:\/\/redsimbiotic.com\/wp-content\/uploads\/2026\/04\/IMG_7924-edited-1024x682.jpg 1024w, https:\/\/redsimbiotic.com\/wp-content\/uploads\/2026\/04\/IMG_7924-edited-768x512.jpg 768w, https:\/\/redsimbiotic.com\/wp-content\/uploads\/2026\/04\/IMG_7924-edited-18x12.jpg 18w\" sizes=\"(max-width: 1280px) 100vw, 1280px\" \/><\/figure>\n\n\n\n<figure class=\"wp-block-image size-large\"><img decoding=\"async\" width=\"1024\" height=\"614\" src=\"https:\/\/redsimbiotic.com\/wp-content\/uploads\/2026\/04\/Screenshot-2026-04-04-at-10.39.12-PM-1024x614.jpg\" alt=\"\" class=\"wp-image-8080\" srcset=\"https:\/\/redsimbiotic.com\/wp-content\/uploads\/2026\/04\/Screenshot-2026-04-04-at-10.39.12-PM-1024x614.jpg 1024w, https:\/\/redsimbiotic.com\/wp-content\/uploads\/2026\/04\/Screenshot-2026-04-04-at-10.39.12-PM-300x180.jpg 300w, https:\/\/redsimbiotic.com\/wp-content\/uploads\/2026\/04\/Screenshot-2026-04-04-at-10.39.12-PM-768x461.jpg 768w, https:\/\/redsimbiotic.com\/wp-content\/uploads\/2026\/04\/Screenshot-2026-04-04-at-10.39.12-PM-1536x922.jpg 1536w, https:\/\/redsimbiotic.com\/wp-content\/uploads\/2026\/04\/Screenshot-2026-04-04-at-10.39.12-PM-18x12.jpg 18w, https:\/\/redsimbiotic.com\/wp-content\/uploads\/2026\/04\/Screenshot-2026-04-04-at-10.39.12-PM.jpg 1920w\" sizes=\"(max-width: 1024px) 100vw, 1024px\" \/><\/figure>\n<\/div>\n<\/div>\n\n\n\n<div class=\"wp-block-uagb-advanced-heading uagb-block-9951dfe3\"><h3 class=\"uagb-heading-text\"><strong>Methodology<\/strong><\/h3><\/div>\n\n\n\n<p class=\"has-medium-font-size\">Simbiotic estructur\u00f3 el proyecto bajo un enfoque de co-creaci\u00f3n territorial, involucrando comunidad, autoridades y emprendedores para asegurar que la herramienta digital de Puerto Nari\u00f1o respondiera a las din\u00e1micas reales del destino. M\u00e1s que dise\u00f1ar un sitio web, se implement\u00f3 una estrategia integral que integr\u00f3 sostenibilidad desde la arquitectura tecnol\u00f3gica hasta la gesti\u00f3n futura de contenidos.<\/p>\n\n\n\n<p class=\"has-medium-font-size\">La plataforma fue desarrollada bajo criterios concretos: <\/p>\n\n\n\n<ul class=\"wp-block-list has-medium-font-size\">\n<li>Alojamiento en servidor verde<\/li>\n\n\n\n<li>Optimizaci\u00f3n para bajo consumo de datos<\/li>\n\n\n\n<li>Opci\u00f3n de acceso offline ante conectividad limitada<\/li>\n\n\n\n<li>Criterios de accesibilidad e inclusi\u00f3n<\/li>\n\n\n\n<li>Priorizaci\u00f3n de experiencias y emprendimientos locales. <\/li>\n<\/ul>\n\n\n\n<div style=\"height:40px\" aria-hidden=\"true\" class=\"wp-block-spacer\"><\/div>\n\n\n\n<p class=\"has-medium-font-size\">Paralelamente, se definieron lineamientos operativos, est\u00e1ndares e indicadores de seguimiento para garantizar apropiaci\u00f3n comunitaria y mejora continua.<\/p>\n\n\n\n<div style=\"height:30px\" aria-hidden=\"true\" class=\"wp-block-spacer\"><\/div>\n\n\n\n<div class=\"wp-block-columns is-layout-flex wp-container-core-columns-is-layout-28f84493 wp-block-columns-is-layout-flex\">\n<div class=\"wp-block-column is-layout-flow wp-block-column-is-layout-flow\" style=\"flex-basis:66.66%\">\n<figure class=\"wp-block-embed is-type-video is-provider-youtube wp-block-embed-youtube wp-embed-aspect-4-3 wp-has-aspect-ratio\"><div class=\"wp-block-embed__wrapper\">\n<iframe title=\"Screen Recording puertonarinoamazons.com\" width=\"800\" height=\"600\" src=\"https:\/\/www.youtube.com\/embed\/qpdRLNTo2B0?feature=oembed\" frameborder=\"0\" allow=\"accelerometer; autoplay; clipboard-write; encrypted-media; gyroscope; picture-in-picture; web-share\" referrerpolicy=\"strict-origin-when-cross-origin\" allowfullscreen><\/iframe>\n<\/div><\/figure>\n\n\n\n<figure class=\"wp-block-image size-large\"><img decoding=\"async\" width=\"1024\" height=\"619\" src=\"https:\/\/redsimbiotic.com\/wp-content\/uploads\/2026\/04\/Screenshot-2026-04-04-at-11.28.13-PM-1024x619.jpg\" alt=\"Captura de pantalla de la secci\u00f3n &quot;UN MUNICIPIO DIFERENTE&quot; del sitio web de Puerto Nari\u00f1o, Amazonas. El texto describe al municipio como un lugar peatonal donde no circulan carros ni motos por decisi\u00f3n colectiva para proteger el entorno. En la parte central destaca un recuadro naranja que indica que es el primer municipio de Colombia certificado como &quot;DESTINO TUR\u00cdSTICO SOSTENIBLE NTC 6725-2023&quot;. A la derecha, se muestra una fotograf\u00eda de un sendero peatonal de madera que conduce hacia malocas tradicionales rodeadas de abundante vegetaci\u00f3n selv\u00e1tica. La interfaz mantiene el logo de la rana verde y el men\u00fa de navegaci\u00f3n superior.\" class=\"wp-image-8099\" srcset=\"https:\/\/redsimbiotic.com\/wp-content\/uploads\/2026\/04\/Screenshot-2026-04-04-at-11.28.13-PM-1024x619.jpg 1024w, https:\/\/redsimbiotic.com\/wp-content\/uploads\/2026\/04\/Screenshot-2026-04-04-at-11.28.13-PM-300x181.jpg 300w, https:\/\/redsimbiotic.com\/wp-content\/uploads\/2026\/04\/Screenshot-2026-04-04-at-11.28.13-PM-768x464.jpg 768w, https:\/\/redsimbiotic.com\/wp-content\/uploads\/2026\/04\/Screenshot-2026-04-04-at-11.28.13-PM-1536x929.jpg 1536w, https:\/\/redsimbiotic.com\/wp-content\/uploads\/2026\/04\/Screenshot-2026-04-04-at-11.28.13-PM-18x12.jpg 18w, https:\/\/redsimbiotic.com\/wp-content\/uploads\/2026\/04\/Screenshot-2026-04-04-at-11.28.13-PM.jpg 1920w\" sizes=\"(max-width: 1024px) 100vw, 1024px\" \/><\/figure>\n\n\n\n<p><br><\/p>\n<\/div>\n\n\n\n<div class=\"wp-block-column is-layout-flow wp-block-column-is-layout-flow\" style=\"flex-basis:33.33%\">\n<div class=\"wp-block-uagb-advanced-heading uagb-block-cfe88c98\"><h3 class=\"uagb-heading-text\"><strong>Impact and Results<\/strong><\/h3><\/div>\n\n\n\n<ul class=\"wp-block-list has-medium-font-size\">\n<li class=\"has-medium-font-size\">Herramienta digital alineada con los est\u00e1ndares de destino tur\u00edstico sostenible.<\/li>\n\n\n\n<li>Reducci\u00f3n del uso de materiales impresos mediante comunicaci\u00f3n responsable.<\/li>\n\n\n\n<li>Mayor visibilidad de la econom\u00eda y cultura local, fortaleciendo la bioeconom\u00eda amaz\u00f3nica.<\/li>\n\n\n\n<li>Acceso funcional en contextos de conectividad limitada.<\/li>\n\n\n\n<li class=\"has-medium-font-size\">Caso presentado como referente nacional de innovaci\u00f3n en turismo sostenible en ANATO 2026.<\/li>\n<\/ul>\n<\/div>\n<\/div>\n\n\n\n<div class=\"wp-block-uagb-advanced-heading uagb-block-f739cc7a\"><h3 class=\"uagb-heading-text\"><strong><strong>Conclusion<\/strong><\/strong><\/h3><\/div>\n\n\n\n<p class=\"has-medium-font-size\">La herramienta digital de Puerto Nari\u00f1o no es solo un activo tecnol\u00f3gico. <\/p>\n\n\n\n<p class=\"has-white-color has-text-color has-background has-link-color has-medium-font-size wp-elements-2f094b0d59f31be74dc39a54d8f511a5\" style=\"background-color:#7600ff\"><strong>Es un modelo replicable de innovaci\u00f3n territorial donde tecnolog\u00eda, sostenibilidad y comunidad operan como un sistema integrado.<\/strong> <\/p>\n\n\n\n<p class=\"has-medium-font-size\">En Simbiotic entendemos que la transformaci\u00f3n digital debe generar impacto real, medible y coherente con el prop\u00f3sito del territorio. \ud83c\udf3f\ud83d\udcbb\ud83c\udf0e<\/p>\n\n\n\n<p class=\"has-medium-font-size\">\u00bfTe gustar\u00eda desarrollar una herramienta digital como esta para tu destino y fortalecer su sostenibilidad? Descubre c\u00f3mo podemos <a href=\"https:\/\/redsimbiotic.com\/en\/#servicios\">co-crear soluciones<\/a> a la medida de tu territorio. <a href=\"https:\/\/cal.com\/simbiotic\/agenda-web-simbiotic\" type=\"link\" id=\"https:\/\/cal.com\/simbiotic\/agenda-web-simbiotic\" target=\"_blank\" rel=\"noreferrer noopener\">Cont\u00e1ctanos y agenda una conversaci\u00f3n con nuestro equipo.<\/a><\/p>\n\n\n\n<p><\/p>","protected":false},"excerpt":{"rendered":"<p>La herramienta digital de Puerto Nari\u00f1o representa un hito en la aplicaci\u00f3n del Turismo 4.0 en territorios de alta sensibilidad ambiental. Desarrollada por Simbiotic como resultado del Living Lab de Turismo Sostenible, esta plataforma demuestra que la transformaci\u00f3n digital puede: htttps:\/\/puertonarinoamazonas.com Metodolog\u00eda Simbiotic estructur\u00f3 el proyecto bajo un enfoque de co-creaci\u00f3n territorial, involucrando comunidad, autoridades [&hellip;]<\/p>\n","protected":false},"author":4,"featured_media":8119,"parent":0,"menu_order":0,"comment_status":"closed","ping_status":"closed","template":"","meta":{"_uag_custom_page_level_css":"","footnotes":""},"categories":[71,69,70,117],"tags":[136,135,87,137,134,74],"folder":[66],"class_list":["post-7996","page","type-page","status-publish","has-post-thumbnail","hentry","category-comunicacion","category-consultoria","category-formacion","category-turismo","tag-amazonas","tag-innovacion-turistica","tag-simbiotic","tag-transformacion-digital","tag-turismo-4-0","tag-turismo-sostenible"],"yoast_head":"<!-- This site is optimized with the Yoast SEO Premium plugin v27.0 (Yoast SEO v27.3) - https:\/\/yoast.com\/product\/yoast-seo-premium-wordpress\/ -->\n<title>Herramienta Digital Puerto Nari\u00f1o | Turismo Sostenible 4.0<\/title>\n<meta name=\"description\" content=\"Caso de \u00e9xito de Simbiotic: herramienta digital de Puerto Nari\u00f1o con co-creaci\u00f3n territorial, Turismo 4.0 y enfoque sostenible.\" \/>\n<meta name=\"robots\" content=\"index, follow, max-snippet:-1, max-image-preview:large, max-video-preview:-1\" \/>\n<link rel=\"canonical\" href=\"https:\/\/redsimbiotic.com\/en\/herramienta-digital-puerto-narino-turismo-sostenible\/\" \/>\n<meta property=\"og:locale\" content=\"en_US\" \/>\n<meta property=\"og:type\" content=\"article\" \/>\n<meta property=\"og:title\" content=\"Herramienta Digital Puerto Nari\u00f1o \u2013 Amazonas: Caso de \u00c9xito en Turismo Sostenible\" \/>\n<meta property=\"og:description\" content=\"Caso de \u00e9xito de Simbiotic: herramienta digital de Puerto Nari\u00f1o con co-creaci\u00f3n territorial, Turismo 4.0 y enfoque sostenible.\" \/>\n<meta property=\"og:url\" content=\"https:\/\/redsimbiotic.com\/en\/herramienta-digital-puerto-narino-turismo-sostenible\/\" \/>\n<meta property=\"og:site_name\" content=\"Simbiotic\" \/>\n<meta property=\"article:publisher\" content=\"https:\/\/www.facebook.com\/Redsimbiotic\/\" \/>\n<meta property=\"article:modified_time\" content=\"2026-04-05T06:36:05+00:00\" \/>\n<meta property=\"og:image\" content=\"https:\/\/redsimbiotic.com\/wp-content\/uploads\/2026\/04\/Screeen-ptonarino.gif\" \/>\n\t<meta property=\"og:image:width\" content=\"400\" \/>\n\t<meta property=\"og:image:height\" content=\"258\" \/>\n\t<meta property=\"og:image:type\" content=\"image\/gif\" \/>\n<meta name=\"twitter:card\" content=\"summary_large_image\" \/>\n<meta name=\"twitter:site\" content=\"@simbiotic1\" \/>\n<meta name=\"twitter:label1\" content=\"Est. reading time\" \/>\n\t<meta name=\"twitter:data1\" content=\"3 minutes\" \/>\n<script type=\"application\/ld+json\" class=\"yoast-schema-graph\">{\"@context\":\"https:\\\/\\\/schema.org\",\"@graph\":[{\"@type\":\"WebPage\",\"@id\":\"https:\\\/\\\/redsimbiotic.com\\\/herramienta-digital-puerto-narino-turismo-sostenible\\\/\",\"url\":\"https:\\\/\\\/redsimbiotic.com\\\/herramienta-digital-puerto-narino-turismo-sostenible\\\/\",\"name\":\"Herramienta Digital Puerto Nari\u00f1o | Turismo Sostenible 4.0\",\"isPartOf\":{\"@id\":\"https:\\\/\\\/redsimbiotic.com\\\/#website\"},\"primaryImageOfPage\":{\"@id\":\"https:\\\/\\\/redsimbiotic.com\\\/herramienta-digital-puerto-narino-turismo-sostenible\\\/#primaryimage\"},\"image\":{\"@id\":\"https:\\\/\\\/redsimbiotic.com\\\/herramienta-digital-puerto-narino-turismo-sostenible\\\/#primaryimage\"},\"thumbnailUrl\":\"https:\\\/\\\/redsimbiotic.com\\\/wp-content\\\/uploads\\\/2026\\\/04\\\/Screeen-ptonarino.gif\",\"datePublished\":\"2026-04-05T04:19:35+00:00\",\"dateModified\":\"2026-04-05T06:36:05+00:00\",\"description\":\"Caso de \u00e9xito de Simbiotic: herramienta digital de Puerto Nari\u00f1o con co-creaci\u00f3n territorial, Turismo 4.0 y enfoque sostenible.\",\"breadcrumb\":{\"@id\":\"https:\\\/\\\/redsimbiotic.com\\\/herramienta-digital-puerto-narino-turismo-sostenible\\\/#breadcrumb\"},\"inLanguage\":\"en-US\",\"potentialAction\":[{\"@type\":\"ReadAction\",\"target\":[\"https:\\\/\\\/redsimbiotic.com\\\/herramienta-digital-puerto-narino-turismo-sostenible\\\/\"]}]},{\"@type\":\"ImageObject\",\"inLanguage\":\"en-US\",\"@id\":\"https:\\\/\\\/redsimbiotic.com\\\/herramienta-digital-puerto-narino-turismo-sostenible\\\/#primaryimage\",\"url\":\"https:\\\/\\\/redsimbiotic.com\\\/wp-content\\\/uploads\\\/2026\\\/04\\\/Screeen-ptonarino.gif\",\"contentUrl\":\"https:\\\/\\\/redsimbiotic.com\\\/wp-content\\\/uploads\\\/2026\\\/04\\\/Screeen-ptonarino.gif\",\"width\":400,\"height\":258,\"caption\":\"Video de Herramienta digital de Puerto Nari\u00f1o que muestra de manera corta el inicio de esta soluci\u00f3n digital\"},{\"@type\":\"BreadcrumbList\",\"@id\":\"https:\\\/\\\/redsimbiotic.com\\\/herramienta-digital-puerto-narino-turismo-sostenible\\\/#breadcrumb\",\"itemListElement\":[{\"@type\":\"ListItem\",\"position\":1,\"name\":\"Inicio\",\"item\":\"https:\\\/\\\/redsimbiotic.com\\\/\"},{\"@type\":\"ListItem\",\"position\":2,\"name\":\"Herramienta Digital Puerto Nari\u00f1o \u2013 Amazonas: Caso de \u00c9xito en Turismo Sostenible\"}]},{\"@type\":\"WebSite\",\"@id\":\"https:\\\/\\\/redsimbiotic.com\\\/#website\",\"url\":\"https:\\\/\\\/redsimbiotic.com\\\/\",\"name\":\"Red Simbiotic\",\"description\":\"Somos una consultora estrat\u00e9gica que genera rentabilidad a trav\u00e9s de hacer lo ambientalmente correcto.\",\"publisher\":{\"@id\":\"https:\\\/\\\/redsimbiotic.com\\\/#organization\"},\"potentialAction\":[{\"@type\":\"SearchAction\",\"target\":{\"@type\":\"EntryPoint\",\"urlTemplate\":\"https:\\\/\\\/redsimbiotic.com\\\/?s={search_term_string}\"},\"query-input\":{\"@type\":\"PropertyValueSpecification\",\"valueRequired\":true,\"valueName\":\"search_term_string\"}}],\"inLanguage\":\"en-US\"},{\"@type\":\"Organization\",\"@id\":\"https:\\\/\\\/redsimbiotic.com\\\/#organization\",\"name\":\"Simbiotic\",\"url\":\"https:\\\/\\\/redsimbiotic.com\\\/\",\"logo\":{\"@type\":\"ImageObject\",\"inLanguage\":\"en-US\",\"@id\":\"https:\\\/\\\/redsimbiotic.com\\\/#\\\/schema\\\/logo\\\/image\\\/\",\"url\":\"https:\\\/\\\/redsimbiotic.com\\\/wp-content\\\/uploads\\\/2021\\\/11\\\/logo-final-14-e1637467835938.png\",\"contentUrl\":\"https:\\\/\\\/redsimbiotic.com\\\/wp-content\\\/uploads\\\/2021\\\/11\\\/logo-final-14-e1637467835938.png\",\"width\":100,\"height\":110,\"caption\":\"Simbiotic\"},\"image\":{\"@id\":\"https:\\\/\\\/redsimbiotic.com\\\/#\\\/schema\\\/logo\\\/image\\\/\"},\"sameAs\":[\"https:\\\/\\\/www.facebook.com\\\/Redsimbiotic\\\/\",\"https:\\\/\\\/x.com\\\/simbiotic1\",\"https:\\\/\\\/www.instagram.com\\\/simbiotic2018\\\/\",\"https:\\\/\\\/co.linkedin.com\\\/company\\\/simbiotic-s-a-s\",\"https:\\\/\\\/www.youtube.com\\\/c\\\/RedSimbiotic\"],\"actionableFeedbackPolicy\":\"https:\\\/\\\/redsimbiotic.com\\\/politica-de-privacidad\\\/\",\"correctionsPolicy\":\"https:\\\/\\\/redsimbiotic.com\\\/politica-de-privacidad\\\/\"}]}<\/script>\n<!-- \/ Yoast SEO Premium plugin. -->","yoast_head_json":{"title":"Herramienta Digital Puerto Nari\u00f1o | Turismo Sostenible 4.0","description":"Caso de \u00e9xito de Simbiotic: herramienta digital de Puerto Nari\u00f1o con co-creaci\u00f3n territorial, Turismo 4.0 y enfoque sostenible.","robots":{"index":"index","follow":"follow","max-snippet":"max-snippet:-1","max-image-preview":"max-image-preview:large","max-video-preview":"max-video-preview:-1"},"canonical":"https:\/\/redsimbiotic.com\/en\/herramienta-digital-puerto-narino-turismo-sostenible\/","og_locale":"en_US","og_type":"article","og_title":"Herramienta Digital Puerto Nari\u00f1o \u2013 Amazonas: Caso de \u00c9xito en Turismo Sostenible","og_description":"Caso de \u00e9xito de Simbiotic: herramienta digital de Puerto Nari\u00f1o con co-creaci\u00f3n territorial, Turismo 4.0 y enfoque sostenible.","og_url":"https:\/\/redsimbiotic.com\/en\/herramienta-digital-puerto-narino-turismo-sostenible\/","og_site_name":"Simbiotic","article_publisher":"https:\/\/www.facebook.com\/Redsimbiotic\/","article_modified_time":"2026-04-05T06:36:05+00:00","og_image":[{"url":"https:\/\/redsimbiotic.com\/wp-content\/uploads\/2026\/04\/Screeen-ptonarino.gif","width":400,"height":258,"type":"image\/gif"}],"twitter_card":"summary_large_image","twitter_site":"@simbiotic1","twitter_misc":{"Est. reading time":"3 minutes"},"schema":{"@context":"https:\/\/schema.org","@graph":[{"@type":"WebPage","@id":"https:\/\/redsimbiotic.com\/herramienta-digital-puerto-narino-turismo-sostenible\/","url":"https:\/\/redsimbiotic.com\/herramienta-digital-puerto-narino-turismo-sostenible\/","name":"Herramienta Digital Puerto Nari\u00f1o | Turismo Sostenible 4.0","isPartOf":{"@id":"https:\/\/redsimbiotic.com\/#website"},"primaryImageOfPage":{"@id":"https:\/\/redsimbiotic.com\/herramienta-digital-puerto-narino-turismo-sostenible\/#primaryimage"},"image":{"@id":"https:\/\/redsimbiotic.com\/herramienta-digital-puerto-narino-turismo-sostenible\/#primaryimage"},"thumbnailUrl":"https:\/\/redsimbiotic.com\/wp-content\/uploads\/2026\/04\/Screeen-ptonarino.gif","datePublished":"2026-04-05T04:19:35+00:00","dateModified":"2026-04-05T06:36:05+00:00","description":"Caso de \u00e9xito de Simbiotic: herramienta digital de Puerto Nari\u00f1o con co-creaci\u00f3n territorial, Turismo 4.0 y enfoque sostenible.","breadcrumb":{"@id":"https:\/\/redsimbiotic.com\/herramienta-digital-puerto-narino-turismo-sostenible\/#breadcrumb"},"inLanguage":"en-US","potentialAction":[{"@type":"ReadAction","target":["https:\/\/redsimbiotic.com\/herramienta-digital-puerto-narino-turismo-sostenible\/"]}]},{"@type":"ImageObject","inLanguage":"en-US","@id":"https:\/\/redsimbiotic.com\/herramienta-digital-puerto-narino-turismo-sostenible\/#primaryimage","url":"https:\/\/redsimbiotic.com\/wp-content\/uploads\/2026\/04\/Screeen-ptonarino.gif","contentUrl":"https:\/\/redsimbiotic.com\/wp-content\/uploads\/2026\/04\/Screeen-ptonarino.gif","width":400,"height":258,"caption":"Video de Herramienta digital de Puerto Nari\u00f1o que muestra de manera corta el inicio de esta soluci\u00f3n digital"},{"@type":"BreadcrumbList","@id":"https:\/\/redsimbiotic.com\/herramienta-digital-puerto-narino-turismo-sostenible\/#breadcrumb","itemListElement":[{"@type":"ListItem","position":1,"name":"Inicio","item":"https:\/\/redsimbiotic.com\/"},{"@type":"ListItem","position":2,"name":"Herramienta Digital Puerto Nari\u00f1o \u2013 Amazonas: Caso de \u00c9xito en Turismo Sostenible"}]},{"@type":"WebSite","@id":"https:\/\/redsimbiotic.com\/#website","url":"https:\/\/redsimbiotic.com\/","name":"Red Simbiotic","description":"We are a strategic consulting firm that generates profitability through doing the environmentally correct thing.","publisher":{"@id":"https:\/\/redsimbiotic.com\/#organization"},"potentialAction":[{"@type":"SearchAction","target":{"@type":"EntryPoint","urlTemplate":"https:\/\/redsimbiotic.com\/?s={search_term_string}"},"query-input":{"@type":"PropertyValueSpecification","valueRequired":true,"valueName":"search_term_string"}}],"inLanguage":"en-US"},{"@type":"Organization","@id":"https:\/\/redsimbiotic.com\/#organization","name":"Simbiotic","url":"https:\/\/redsimbiotic.com\/","logo":{"@type":"ImageObject","inLanguage":"en-US","@id":"https:\/\/redsimbiotic.com\/#\/schema\/logo\/image\/","url":"https:\/\/redsimbiotic.com\/wp-content\/uploads\/2021\/11\/logo-final-14-e1637467835938.png","contentUrl":"https:\/\/redsimbiotic.com\/wp-content\/uploads\/2021\/11\/logo-final-14-e1637467835938.png","width":100,"height":110,"caption":"Simbiotic"},"image":{"@id":"https:\/\/redsimbiotic.com\/#\/schema\/logo\/image\/"},"sameAs":["https:\/\/www.facebook.com\/Redsimbiotic\/","https:\/\/x.com\/simbiotic1","https:\/\/www.instagram.com\/simbiotic2018\/","https:\/\/co.linkedin.com\/company\/simbiotic-s-a-s","https:\/\/www.youtube.com\/c\/RedSimbiotic"],"actionableFeedbackPolicy":"https:\/\/redsimbiotic.com\/politica-de-privacidad\/","correctionsPolicy":"https:\/\/redsimbiotic.com\/politica-de-privacidad\/"}]}},"uagb_featured_image_src":{"full":["https:\/\/redsimbiotic.com\/wp-content\/uploads\/2026\/04\/Screeen-ptonarino.gif",400,258,false],"thumbnail":["https:\/\/redsimbiotic.com\/wp-content\/uploads\/2026\/04\/Screeen-ptonarino-150x150.gif",150,150,true],"medium":["https:\/\/redsimbiotic.com\/wp-content\/uploads\/2026\/04\/Screeen-ptonarino-300x194.gif",300,194,true],"medium_large":["https:\/\/redsimbiotic.com\/wp-content\/uploads\/2026\/04\/Screeen-ptonarino.gif",400,258,false],"large":["https:\/\/redsimbiotic.com\/wp-content\/uploads\/2026\/04\/Screeen-ptonarino.gif",400,258,false],"1536x1536":["https:\/\/redsimbiotic.com\/wp-content\/uploads\/2026\/04\/Screeen-ptonarino.gif",400,258,false],"2048x2048":["https:\/\/redsimbiotic.com\/wp-content\/uploads\/2026\/04\/Screeen-ptonarino.gif",400,258,false],"trp-custom-language-flag":["https:\/\/redsimbiotic.com\/wp-content\/uploads\/2026\/04\/Screeen-ptonarino-18x12.gif",18,12,true],"gform-image-choice-sm":["https:\/\/redsimbiotic.com\/wp-content\/uploads\/2026\/04\/Screeen-ptonarino.gif",300,194,false],"gform-image-choice-md":["https:\/\/redsimbiotic.com\/wp-content\/uploads\/2026\/04\/Screeen-ptonarino.gif",400,258,false],"gform-image-choice-lg":["https:\/\/redsimbiotic.com\/wp-content\/uploads\/2026\/04\/Screeen-ptonarino.gif",400,258,false]},"uagb_author_info":{"display_name":"caso estudio","author_link":"https:\/\/redsimbiotic.com\/en\/author\/casos\/"},"uagb_comment_info":0,"uagb_excerpt":"La herramienta digital de Puerto Nari\u00f1o representa un hito en la aplicaci\u00f3n del Turismo 4.0 en territorios de alta sensibilidad ambiental. Desarrollada por Simbiotic como resultado del Living Lab de Turismo Sostenible, esta plataforma demuestra que la transformaci\u00f3n digital puede: htttps:\/\/puertonarinoamazonas.com Metodolog\u00eda Simbiotic estructur\u00f3 el proyecto bajo un enfoque de co-creaci\u00f3n territorial, involucrando comunidad, autoridades&hellip;","_links":{"self":[{"href":"https:\/\/redsimbiotic.com\/en\/wp-json\/wp\/v2\/pages\/7996","targetHints":{"allow":["GET"]}}],"collection":[{"href":"https:\/\/redsimbiotic.com\/en\/wp-json\/wp\/v2\/pages"}],"about":[{"href":"https:\/\/redsimbiotic.com\/en\/wp-json\/wp\/v2\/types\/page"}],"author":[{"embeddable":true,"href":"https:\/\/redsimbiotic.com\/en\/wp-json\/wp\/v2\/users\/4"}],"replies":[{"embeddable":true,"href":"https:\/\/redsimbiotic.com\/en\/wp-json\/wp\/v2\/comments?post=7996"}],"version-history":[{"count":13,"href":"https:\/\/redsimbiotic.com\/en\/wp-json\/wp\/v2\/pages\/7996\/revisions"}],"predecessor-version":[{"id":8113,"href":"https:\/\/redsimbiotic.com\/en\/wp-json\/wp\/v2\/pages\/7996\/revisions\/8113"}],"wp:featuredmedia":[{"embeddable":true,"href":"https:\/\/redsimbiotic.com\/en\/wp-json\/wp\/v2\/media\/8119"}],"wp:attachment":[{"href":"https:\/\/redsimbiotic.com\/en\/wp-json\/wp\/v2\/media?parent=7996"}],"wp:term":[{"taxonomy":"category","embeddable":true,"href":"https:\/\/redsimbiotic.com\/en\/wp-json\/wp\/v2\/categories?post=7996"},{"taxonomy":"post_tag","embeddable":true,"href":"https:\/\/redsimbiotic.com\/en\/wp-json\/wp\/v2\/tags?post=7996"},{"taxonomy":"folder","embeddable":true,"href":"https:\/\/redsimbiotic.com\/en\/wp-json\/wp\/v2\/folder?post=7996"}],"curies":[{"name":"wp","href":"https:\/\/api.w.org\/{rel}","templated":true}]}}