{"id":6844,"date":"2024-06-14T22:57:37","date_gmt":"2024-06-15T03:57:37","guid":{"rendered":"https:\/\/redsimbiotic.com\/?page_id=6844"},"modified":"2025-08-09T20:59:02","modified_gmt":"2025-08-10T01:59:02","slug":"sensibilizacion-y-asesoria-en-sostenibilidad-para-empresas-del-sector-turismo-en-bogota-region-camara-de-comercio-de-bogota","status":"publish","type":"page","link":"https:\/\/redsimbiotic.com\/en\/sensibilizacion-y-asesoria-en-sostenibilidad-para-empresas-del-sector-turismo-en-bogota-region-camara-de-comercio-de-bogota\/","title":{"rendered":"Sustainability Awareness and Advice on Tourism Companies of Bogota + Region - Chamber of Commerce of Bogota"},"content":{"rendered":"<div class=\"wp-block-columns is-layout-flex wp-container-core-columns-is-layout-28f84493 wp-block-columns-is-layout-flex\">\n<div class=\"wp-block-column is-layout-flow wp-block-column-is-layout-flow\" style=\"flex-basis:40%\">\n<p class=\"has-medium-font-size\">In the dynamic and vibrant tourism sector, sustainability has become an essential pillar for growth and competitiveness. Aware of this reality, the Bogot\u00e1 Chamber of Commerce, together with Simbiotic, transformed the way in which 50 entrepreneurs in the tourism sector integrate sustainability into their businesses. <\/p>\n\n\n\n<p class=\"has-medium-font-size\">This project not only sought to raise awareness among entrepreneurs about the importance of sustainability and the Sustainable Development Goals (SDGs), but also to equip them with practical tools and deep knowledge to implement meaningful and measurable changes. From the first workshop, there was an atmosphere of enthusiasm and collaboration, where each participant was willing to learn and share their own experiences.<\/p>\n<\/div>\n\n\n\n<div class=\"wp-block-column is-layout-flow wp-block-column-is-layout-flow\" style=\"flex-basis:66.66%\">\n<figure class=\"wp-block-image size-full is-resized\"><img fetchpriority=\"high\" decoding=\"async\" width=\"1920\" height=\"1080\" src=\"https:\/\/redsimbiotic.com\/wp-content\/uploads\/2024\/06\/IMG_8805-edited-scaled.jpg\" alt=\"\" class=\"wp-image-6896\" style=\"width:707px;height:auto\" srcset=\"https:\/\/redsimbiotic.com\/wp-content\/uploads\/2024\/06\/IMG_8805-edited-scaled.jpg 1920w, https:\/\/redsimbiotic.com\/wp-content\/uploads\/2024\/06\/IMG_8805-edited-300x169.jpg 300w, https:\/\/redsimbiotic.com\/wp-content\/uploads\/2024\/06\/IMG_8805-edited-1024x576.jpg 1024w, https:\/\/redsimbiotic.com\/wp-content\/uploads\/2024\/06\/IMG_8805-edited-768x432.jpg 768w, https:\/\/redsimbiotic.com\/wp-content\/uploads\/2024\/06\/IMG_8805-edited-1536x864.jpg 1536w, https:\/\/redsimbiotic.com\/wp-content\/uploads\/2024\/06\/IMG_8805-edited-2048x1152.jpg 2048w, https:\/\/redsimbiotic.com\/wp-content\/uploads\/2024\/06\/IMG_8805-edited-18x10.jpg 18w\" sizes=\"(max-width: 1920px) 100vw, 1920px\" \/><\/figure>\n\n\n\n<figure class=\"wp-block-image size-large\"><img decoding=\"async\" width=\"1024\" height=\"640\" src=\"https:\/\/redsimbiotic.com\/wp-content\/uploads\/2024\/06\/WhatsApp-Image-2024-06-14-at-11.49.44-PM-1024x640.jpeg\" alt=\"\" class=\"wp-image-6885\" srcset=\"https:\/\/redsimbiotic.com\/wp-content\/uploads\/2024\/06\/WhatsApp-Image-2024-06-14-at-11.49.44-PM-1024x640.jpeg 1024w, https:\/\/redsimbiotic.com\/wp-content\/uploads\/2024\/06\/WhatsApp-Image-2024-06-14-at-11.49.44-PM-300x188.jpeg 300w, https:\/\/redsimbiotic.com\/wp-content\/uploads\/2024\/06\/WhatsApp-Image-2024-06-14-at-11.49.44-PM-768x480.jpeg 768w, https:\/\/redsimbiotic.com\/wp-content\/uploads\/2024\/06\/WhatsApp-Image-2024-06-14-at-11.49.44-PM-1536x960.jpeg 1536w, https:\/\/redsimbiotic.com\/wp-content\/uploads\/2024\/06\/WhatsApp-Image-2024-06-14-at-11.49.44-PM-18x12.jpeg 18w, https:\/\/redsimbiotic.com\/wp-content\/uploads\/2024\/06\/WhatsApp-Image-2024-06-14-at-11.49.44-PM.jpeg 1600w\" sizes=\"(max-width: 1024px) 100vw, 1024px\" \/><\/figure>\n<\/div>\n<\/div>\n\n\n\n<div class=\"wp-block-uagb-advanced-heading uagb-block-9951dfe3\"><h3 class=\"uagb-heading-text\"><strong>Methodology<\/strong><\/h3><\/div>\n\n\n\n<p class=\"has-medium-font-size\">Simbiotic implemented a comprehensive methodology that included in-person and virtual workshops, group and individual counseling, and the use of pedagogical tools and resources adapted to the specific needs of each company. In addition, awareness was raised about the use of indicators as a fundamental exercise for the implementation of coherent sustainability and continuous improvement. The training was designed to be interactive and practical, facilitating the application of the concepts in the real environment of each business.<\/p>\n\n\n\n<div style=\"height:30px\" aria-hidden=\"true\" class=\"wp-block-spacer\"><\/div>\n\n\n\n<div class=\"wp-block-columns is-layout-flex wp-container-core-columns-is-layout-28f84493 wp-block-columns-is-layout-flex\">\n<div class=\"wp-block-column is-layout-flow wp-block-column-is-layout-flow\" style=\"flex-basis:66.66%\">\n<figure class=\"wp-block-image size-full is-resized\"><img decoding=\"async\" width=\"1920\" height=\"1080\" src=\"https:\/\/redsimbiotic.com\/wp-content\/uploads\/2024\/06\/IMG_8798-edited-scaled.jpg\" alt=\"\" class=\"wp-image-6894\" style=\"width:507px;height:auto\" srcset=\"https:\/\/redsimbiotic.com\/wp-content\/uploads\/2024\/06\/IMG_8798-edited-scaled.jpg 1920w, https:\/\/redsimbiotic.com\/wp-content\/uploads\/2024\/06\/IMG_8798-edited-300x169.jpg 300w, https:\/\/redsimbiotic.com\/wp-content\/uploads\/2024\/06\/IMG_8798-edited-1024x576.jpg 1024w, https:\/\/redsimbiotic.com\/wp-content\/uploads\/2024\/06\/IMG_8798-edited-768x432.jpg 768w, https:\/\/redsimbiotic.com\/wp-content\/uploads\/2024\/06\/IMG_8798-edited-1536x864.jpg 1536w, https:\/\/redsimbiotic.com\/wp-content\/uploads\/2024\/06\/IMG_8798-edited-2048x1152.jpg 2048w, https:\/\/redsimbiotic.com\/wp-content\/uploads\/2024\/06\/IMG_8798-edited-18x10.jpg 18w\" sizes=\"(max-width: 1920px) 100vw, 1920px\" \/><\/figure>\n\n\n\n<p><br><figure class=\"wp-block-image size-large is-resized\"><img loading=\"lazy\" decoding=\"async\" width=\"505\" height=\"284\" class=\"wp-image-6895\" style=\"width: 505px;\" src=\"https:\/\/redsimbiotic.com\/wp-content\/uploads\/2024\/06\/IMG_8810-edited-scaled.jpg\" alt=\"\" srcset=\"https:\/\/redsimbiotic.com\/wp-content\/uploads\/2024\/06\/IMG_8810-edited-scaled.jpg 1920w, https:\/\/redsimbiotic.com\/wp-content\/uploads\/2024\/06\/IMG_8810-edited-300x169.jpg 300w, https:\/\/redsimbiotic.com\/wp-content\/uploads\/2024\/06\/IMG_8810-edited-1024x576.jpg 1024w, https:\/\/redsimbiotic.com\/wp-content\/uploads\/2024\/06\/IMG_8810-edited-768x432.jpg 768w, https:\/\/redsimbiotic.com\/wp-content\/uploads\/2024\/06\/IMG_8810-edited-1536x864.jpg 1536w, https:\/\/redsimbiotic.com\/wp-content\/uploads\/2024\/06\/IMG_8810-edited-2048x1152.jpg 2048w, https:\/\/redsimbiotic.com\/wp-content\/uploads\/2024\/06\/IMG_8810-edited-18x10.jpg 18w\" sizes=\"(max-width: 505px) 100vw, 505px\" \/><\/figure><br><\/p>\n<\/div>\n\n\n\n<div class=\"wp-block-column is-layout-flow wp-block-column-is-layout-flow\" style=\"flex-basis:33.33%\">\n<div class=\"wp-block-uagb-advanced-heading uagb-block-cfe88c98\"><h3 class=\"uagb-heading-text\"><strong>Impact and Results<\/strong><\/h3><\/div>\n\n\n\n<ul class=\"wp-block-list\">\n<li class=\"has-medium-font-size\"><strong>Awareness raising and training of 50 businessmen<\/strong> of the tourism sector in sustainable and quality practices.<\/li>\n\n\n\n<li class=\"has-medium-font-size\"><strong>Implementation of concrete sustainable actions<\/strong> within companies, with measurable results in terms of reducing environmental impact and improving resource management.<\/li>\n\n\n\n<li class=\"has-medium-font-size\"><strong>Improvement in the quality of tourist services<\/strong>, increasing customer satisfaction and strengthening the reputation of participating companies.<\/li>\n\n\n\n<li class=\"has-medium-font-size\"><strong>Strengthening tourism security<\/strong>, guaranteeing a safer and more pleasant experience for visitors.<\/li>\n<\/ul>\n<\/div>\n<\/div>\n\n\n\n<div class=\"wp-block-uagb-advanced-heading uagb-block-f739cc7a\"><h3 class=\"uagb-heading-text\"><strong><strong>Conclusion<\/strong><\/strong><\/h3><\/div>\n\n\n\n<p class=\"has-medium-font-size\">This project was a notable success, achieving a significant impact on the sustainability and quality of the tourism sector in Bogot\u00e1. The collaboration with the Bogot\u00e1 Chamber of Commerce allowed Simbiotic to contribute its experience and knowledge to transform the operation of these companies, aligning them with the principles of sustainability and the SDGs, improving their competitiveness in the market.<\/p>\n\n\n\n<p class=\"has-medium-font-size\">\ud83d\udc47\ud83c\udffcTo learn more about the metrics and achievements of this project, review the CCB Sustainable Tourism Route 2023-24.\ud83d\udc47\ud83c\udffc<\/p>\n\n\n\n<iframe  scrolling=\"no\" width=\"700\" height=\"2700\" src=\"https:\/\/lookerstudio.google.com\/embed\/reporting\/60f11565-4ba1-4dbf-88b4-33a4cb0a217e\/page\/p_xmwla7ommc\" frameborder=\"0\" style=\"border:0\" allowfullscreen=\"allowfullscreen\"><\/iframe>","protected":false},"excerpt":{"rendered":"<p>En el din\u00e1mico y vibrante sector del turismo, la sostenibilidad se ha convertido en un pilar esencial para el crecimiento y la competitividad. Conscientes de esta realidad, la C\u00e1mara de Comercio de Bogot\u00e1 de la mano de Simbiotic transform\u00f3 la manera en que 50 empresarios del sector turismo integran la sostenibilidad en sus negocios. Este [&hellip;]<\/p>\n","protected":false},"author":4,"featured_media":6889,"parent":0,"menu_order":0,"comment_status":"closed","ping_status":"closed","template":"","meta":{"_uag_custom_page_level_css":"","footnotes":""},"categories":[69,70,117],"tags":[],"folder":[66],"class_list":["post-6844","page","type-page","status-publish","has-post-thumbnail","hentry","category-consultoria","category-formacion","category-turismo"],"yoast_head":"<!-- This site is optimized with the Yoast SEO Premium plugin v27.0 (Yoast SEO v27.3) - https:\/\/yoast.com\/product\/yoast-seo-premium-wordpress\/ -->\n<title>Sensibilizaci\u00f3n y Asesor\u00eda en Sostenibilidad para Empresas del Sector Turismo en Bogot\u00e1 + Regi\u00f3n - C\u00e1mara de Comercio de Bogot\u00e1 - Simbiotic<\/title>\n<meta name=\"robots\" content=\"index, follow, max-snippet:-1, max-image-preview:large, max-video-preview:-1\" \/>\n<link rel=\"canonical\" href=\"https:\/\/redsimbiotic.com\/en\/sensibilizacion-y-asesoria-en-sostenibilidad-para-empresas-del-sector-turismo-en-bogota-region-camara-de-comercio-de-bogota\/\" \/>\n<meta property=\"og:locale\" content=\"en_US\" \/>\n<meta property=\"og:type\" content=\"article\" \/>\n<meta property=\"og:title\" content=\"Sensibilizaci\u00f3n y Asesor\u00eda en Sostenibilidad para Empresas del Sector Turismo en Bogot\u00e1 + Regi\u00f3n - C\u00e1mara de Comercio de Bogot\u00e1\" \/>\n<meta property=\"og:description\" content=\"En el din\u00e1mico y vibrante sector del turismo, la sostenibilidad se ha convertido en un pilar esencial para el crecimiento y la competitividad. Conscientes de esta realidad, la C\u00e1mara de Comercio de Bogot\u00e1 de la mano de Simbiotic transform\u00f3 la manera en que 50 empresarios del sector turismo integran la sostenibilidad en sus negocios. Este [&hellip;]\" \/>\n<meta property=\"og:url\" content=\"https:\/\/redsimbiotic.com\/en\/sensibilizacion-y-asesoria-en-sostenibilidad-para-empresas-del-sector-turismo-en-bogota-region-camara-de-comercio-de-bogota\/\" \/>\n<meta property=\"og:site_name\" content=\"Simbiotic\" \/>\n<meta property=\"article:publisher\" content=\"https:\/\/www.facebook.com\/Redsimbiotic\/\" \/>\n<meta property=\"article:modified_time\" content=\"2025-08-10T01:59:02+00:00\" \/>\n<meta property=\"og:image\" content=\"https:\/\/redsimbiotic.com\/wp-content\/uploads\/2024\/06\/IMG_8804-scaled.jpg\" \/>\n\t<meta property=\"og:image:width\" content=\"1920\" \/>\n\t<meta property=\"og:image:height\" content=\"1440\" \/>\n\t<meta property=\"og:image:type\" content=\"image\/jpeg\" \/>\n<meta name=\"twitter:card\" content=\"summary_large_image\" \/>\n<meta name=\"twitter:site\" content=\"@simbiotic1\" \/>\n<meta name=\"twitter:label1\" content=\"Est. reading time\" \/>\n\t<meta name=\"twitter:data1\" content=\"3 minutes\" \/>\n<script type=\"application\/ld+json\" class=\"yoast-schema-graph\">{\"@context\":\"https:\\\/\\\/schema.org\",\"@graph\":[{\"@type\":\"WebPage\",\"@id\":\"https:\\\/\\\/redsimbiotic.com\\\/sensibilizacion-y-asesoria-en-sostenibilidad-para-empresas-del-sector-turismo-en-bogota-region-camara-de-comercio-de-bogota\\\/\",\"url\":\"https:\\\/\\\/redsimbiotic.com\\\/sensibilizacion-y-asesoria-en-sostenibilidad-para-empresas-del-sector-turismo-en-bogota-region-camara-de-comercio-de-bogota\\\/\",\"name\":\"Sensibilizaci\u00f3n y Asesor\u00eda en Sostenibilidad para Empresas del Sector Turismo en Bogot\u00e1 + Regi\u00f3n - C\u00e1mara de Comercio de Bogot\u00e1 - Simbiotic\",\"isPartOf\":{\"@id\":\"https:\\\/\\\/redsimbiotic.com\\\/#website\"},\"primaryImageOfPage\":{\"@id\":\"https:\\\/\\\/redsimbiotic.com\\\/sensibilizacion-y-asesoria-en-sostenibilidad-para-empresas-del-sector-turismo-en-bogota-region-camara-de-comercio-de-bogota\\\/#primaryimage\"},\"image\":{\"@id\":\"https:\\\/\\\/redsimbiotic.com\\\/sensibilizacion-y-asesoria-en-sostenibilidad-para-empresas-del-sector-turismo-en-bogota-region-camara-de-comercio-de-bogota\\\/#primaryimage\"},\"thumbnailUrl\":\"https:\\\/\\\/redsimbiotic.com\\\/wp-content\\\/uploads\\\/2024\\\/06\\\/IMG_8804-scaled.jpg\",\"datePublished\":\"2024-06-15T03:57:37+00:00\",\"dateModified\":\"2025-08-10T01:59:02+00:00\",\"breadcrumb\":{\"@id\":\"https:\\\/\\\/redsimbiotic.com\\\/sensibilizacion-y-asesoria-en-sostenibilidad-para-empresas-del-sector-turismo-en-bogota-region-camara-de-comercio-de-bogota\\\/#breadcrumb\"},\"inLanguage\":\"en-US\",\"potentialAction\":[{\"@type\":\"ReadAction\",\"target\":[\"https:\\\/\\\/redsimbiotic.com\\\/sensibilizacion-y-asesoria-en-sostenibilidad-para-empresas-del-sector-turismo-en-bogota-region-camara-de-comercio-de-bogota\\\/\"]}]},{\"@type\":\"ImageObject\",\"inLanguage\":\"en-US\",\"@id\":\"https:\\\/\\\/redsimbiotic.com\\\/sensibilizacion-y-asesoria-en-sostenibilidad-para-empresas-del-sector-turismo-en-bogota-region-camara-de-comercio-de-bogota\\\/#primaryimage\",\"url\":\"https:\\\/\\\/redsimbiotic.com\\\/wp-content\\\/uploads\\\/2024\\\/06\\\/IMG_8804-scaled.jpg\",\"contentUrl\":\"https:\\\/\\\/redsimbiotic.com\\\/wp-content\\\/uploads\\\/2024\\\/06\\\/IMG_8804-scaled.jpg\",\"width\":1920,\"height\":1440},{\"@type\":\"BreadcrumbList\",\"@id\":\"https:\\\/\\\/redsimbiotic.com\\\/sensibilizacion-y-asesoria-en-sostenibilidad-para-empresas-del-sector-turismo-en-bogota-region-camara-de-comercio-de-bogota\\\/#breadcrumb\",\"itemListElement\":[{\"@type\":\"ListItem\",\"position\":1,\"name\":\"Inicio\",\"item\":\"https:\\\/\\\/redsimbiotic.com\\\/\"},{\"@type\":\"ListItem\",\"position\":2,\"name\":\"Sensibilizaci\u00f3n y Asesor\u00eda en Sostenibilidad para Empresas del Sector Turismo en Bogot\u00e1 + Regi\u00f3n &#8211; C\u00e1mara de Comercio de Bogot\u00e1\"}]},{\"@type\":\"WebSite\",\"@id\":\"https:\\\/\\\/redsimbiotic.com\\\/#website\",\"url\":\"https:\\\/\\\/redsimbiotic.com\\\/\",\"name\":\"Red Simbiotic\",\"description\":\"Somos una consultora estrat\u00e9gica que genera rentabilidad a trav\u00e9s de hacer lo ambientalmente correcto.\",\"publisher\":{\"@id\":\"https:\\\/\\\/redsimbiotic.com\\\/#organization\"},\"potentialAction\":[{\"@type\":\"SearchAction\",\"target\":{\"@type\":\"EntryPoint\",\"urlTemplate\":\"https:\\\/\\\/redsimbiotic.com\\\/?s={search_term_string}\"},\"query-input\":{\"@type\":\"PropertyValueSpecification\",\"valueRequired\":true,\"valueName\":\"search_term_string\"}}],\"inLanguage\":\"en-US\"},{\"@type\":\"Organization\",\"@id\":\"https:\\\/\\\/redsimbiotic.com\\\/#organization\",\"name\":\"Simbiotic\",\"url\":\"https:\\\/\\\/redsimbiotic.com\\\/\",\"logo\":{\"@type\":\"ImageObject\",\"inLanguage\":\"en-US\",\"@id\":\"https:\\\/\\\/redsimbiotic.com\\\/#\\\/schema\\\/logo\\\/image\\\/\",\"url\":\"https:\\\/\\\/redsimbiotic.com\\\/wp-content\\\/uploads\\\/2021\\\/11\\\/logo-final-14-e1637467835938.png\",\"contentUrl\":\"https:\\\/\\\/redsimbiotic.com\\\/wp-content\\\/uploads\\\/2021\\\/11\\\/logo-final-14-e1637467835938.png\",\"width\":100,\"height\":110,\"caption\":\"Simbiotic\"},\"image\":{\"@id\":\"https:\\\/\\\/redsimbiotic.com\\\/#\\\/schema\\\/logo\\\/image\\\/\"},\"sameAs\":[\"https:\\\/\\\/www.facebook.com\\\/Redsimbiotic\\\/\",\"https:\\\/\\\/x.com\\\/simbiotic1\",\"https:\\\/\\\/www.instagram.com\\\/simbiotic2018\\\/\",\"https:\\\/\\\/co.linkedin.com\\\/company\\\/simbiotic-s-a-s\",\"https:\\\/\\\/www.youtube.com\\\/c\\\/RedSimbiotic\"],\"actionableFeedbackPolicy\":\"https:\\\/\\\/redsimbiotic.com\\\/politica-de-privacidad\\\/\",\"correctionsPolicy\":\"https:\\\/\\\/redsimbiotic.com\\\/politica-de-privacidad\\\/\"}]}<\/script>\n<!-- \/ Yoast SEO Premium plugin. -->","yoast_head_json":{"title":"Sensibilizaci\u00f3n y Asesor\u00eda en Sostenibilidad para Empresas del Sector Turismo en Bogot\u00e1 + Regi\u00f3n - C\u00e1mara de Comercio de Bogot\u00e1 - Simbiotic","robots":{"index":"index","follow":"follow","max-snippet":"max-snippet:-1","max-image-preview":"max-image-preview:large","max-video-preview":"max-video-preview:-1"},"canonical":"https:\/\/redsimbiotic.com\/en\/sensibilizacion-y-asesoria-en-sostenibilidad-para-empresas-del-sector-turismo-en-bogota-region-camara-de-comercio-de-bogota\/","og_locale":"en_US","og_type":"article","og_title":"Sensibilizaci\u00f3n y Asesor\u00eda en Sostenibilidad para Empresas del Sector Turismo en Bogot\u00e1 + Regi\u00f3n - C\u00e1mara de Comercio de Bogot\u00e1","og_description":"En el din\u00e1mico y vibrante sector del turismo, la sostenibilidad se ha convertido en un pilar esencial para el crecimiento y la competitividad. Conscientes de esta realidad, la C\u00e1mara de Comercio de Bogot\u00e1 de la mano de Simbiotic transform\u00f3 la manera en que 50 empresarios del sector turismo integran la sostenibilidad en sus negocios. Este [&hellip;]","og_url":"https:\/\/redsimbiotic.com\/en\/sensibilizacion-y-asesoria-en-sostenibilidad-para-empresas-del-sector-turismo-en-bogota-region-camara-de-comercio-de-bogota\/","og_site_name":"Simbiotic","article_publisher":"https:\/\/www.facebook.com\/Redsimbiotic\/","article_modified_time":"2025-08-10T01:59:02+00:00","og_image":[{"width":1920,"height":1440,"url":"https:\/\/redsimbiotic.com\/wp-content\/uploads\/2024\/06\/IMG_8804-scaled.jpg","type":"image\/jpeg"}],"twitter_card":"summary_large_image","twitter_site":"@simbiotic1","twitter_misc":{"Est. reading time":"3 minutes"},"schema":{"@context":"https:\/\/schema.org","@graph":[{"@type":"WebPage","@id":"https:\/\/redsimbiotic.com\/sensibilizacion-y-asesoria-en-sostenibilidad-para-empresas-del-sector-turismo-en-bogota-region-camara-de-comercio-de-bogota\/","url":"https:\/\/redsimbiotic.com\/sensibilizacion-y-asesoria-en-sostenibilidad-para-empresas-del-sector-turismo-en-bogota-region-camara-de-comercio-de-bogota\/","name":"Sensibilizaci\u00f3n y Asesor\u00eda en Sostenibilidad para Empresas del Sector Turismo en Bogot\u00e1 + Regi\u00f3n - C\u00e1mara de Comercio de Bogot\u00e1 - Simbiotic","isPartOf":{"@id":"https:\/\/redsimbiotic.com\/#website"},"primaryImageOfPage":{"@id":"https:\/\/redsimbiotic.com\/sensibilizacion-y-asesoria-en-sostenibilidad-para-empresas-del-sector-turismo-en-bogota-region-camara-de-comercio-de-bogota\/#primaryimage"},"image":{"@id":"https:\/\/redsimbiotic.com\/sensibilizacion-y-asesoria-en-sostenibilidad-para-empresas-del-sector-turismo-en-bogota-region-camara-de-comercio-de-bogota\/#primaryimage"},"thumbnailUrl":"https:\/\/redsimbiotic.com\/wp-content\/uploads\/2024\/06\/IMG_8804-scaled.jpg","datePublished":"2024-06-15T03:57:37+00:00","dateModified":"2025-08-10T01:59:02+00:00","breadcrumb":{"@id":"https:\/\/redsimbiotic.com\/sensibilizacion-y-asesoria-en-sostenibilidad-para-empresas-del-sector-turismo-en-bogota-region-camara-de-comercio-de-bogota\/#breadcrumb"},"inLanguage":"en-US","potentialAction":[{"@type":"ReadAction","target":["https:\/\/redsimbiotic.com\/sensibilizacion-y-asesoria-en-sostenibilidad-para-empresas-del-sector-turismo-en-bogota-region-camara-de-comercio-de-bogota\/"]}]},{"@type":"ImageObject","inLanguage":"en-US","@id":"https:\/\/redsimbiotic.com\/sensibilizacion-y-asesoria-en-sostenibilidad-para-empresas-del-sector-turismo-en-bogota-region-camara-de-comercio-de-bogota\/#primaryimage","url":"https:\/\/redsimbiotic.com\/wp-content\/uploads\/2024\/06\/IMG_8804-scaled.jpg","contentUrl":"https:\/\/redsimbiotic.com\/wp-content\/uploads\/2024\/06\/IMG_8804-scaled.jpg","width":1920,"height":1440},{"@type":"BreadcrumbList","@id":"https:\/\/redsimbiotic.com\/sensibilizacion-y-asesoria-en-sostenibilidad-para-empresas-del-sector-turismo-en-bogota-region-camara-de-comercio-de-bogota\/#breadcrumb","itemListElement":[{"@type":"ListItem","position":1,"name":"Inicio","item":"https:\/\/redsimbiotic.com\/"},{"@type":"ListItem","position":2,"name":"Sensibilizaci\u00f3n y Asesor\u00eda en Sostenibilidad para Empresas del Sector Turismo en Bogot\u00e1 + Regi\u00f3n &#8211; C\u00e1mara de Comercio de Bogot\u00e1"}]},{"@type":"WebSite","@id":"https:\/\/redsimbiotic.com\/#website","url":"https:\/\/redsimbiotic.com\/","name":"Red Simbiotic","description":"We are a strategic consulting firm that generates profitability through doing the environmentally correct thing.","publisher":{"@id":"https:\/\/redsimbiotic.com\/#organization"},"potentialAction":[{"@type":"SearchAction","target":{"@type":"EntryPoint","urlTemplate":"https:\/\/redsimbiotic.com\/?s={search_term_string}"},"query-input":{"@type":"PropertyValueSpecification","valueRequired":true,"valueName":"search_term_string"}}],"inLanguage":"en-US"},{"@type":"Organization","@id":"https:\/\/redsimbiotic.com\/#organization","name":"Simbiotic","url":"https:\/\/redsimbiotic.com\/","logo":{"@type":"ImageObject","inLanguage":"en-US","@id":"https:\/\/redsimbiotic.com\/#\/schema\/logo\/image\/","url":"https:\/\/redsimbiotic.com\/wp-content\/uploads\/2021\/11\/logo-final-14-e1637467835938.png","contentUrl":"https:\/\/redsimbiotic.com\/wp-content\/uploads\/2021\/11\/logo-final-14-e1637467835938.png","width":100,"height":110,"caption":"Simbiotic"},"image":{"@id":"https:\/\/redsimbiotic.com\/#\/schema\/logo\/image\/"},"sameAs":["https:\/\/www.facebook.com\/Redsimbiotic\/","https:\/\/x.com\/simbiotic1","https:\/\/www.instagram.com\/simbiotic2018\/","https:\/\/co.linkedin.com\/company\/simbiotic-s-a-s","https:\/\/www.youtube.com\/c\/RedSimbiotic"],"actionableFeedbackPolicy":"https:\/\/redsimbiotic.com\/politica-de-privacidad\/","correctionsPolicy":"https:\/\/redsimbiotic.com\/politica-de-privacidad\/"}]}},"uagb_featured_image_src":{"full":["https:\/\/redsimbiotic.com\/wp-content\/uploads\/2024\/06\/IMG_8804-scaled.jpg",1920,1440,false],"thumbnail":["https:\/\/redsimbiotic.com\/wp-content\/uploads\/2024\/06\/IMG_8804-150x150.jpg",150,150,true],"medium":["https:\/\/redsimbiotic.com\/wp-content\/uploads\/2024\/06\/IMG_8804-300x225.jpg",300,225,true],"medium_large":["https:\/\/redsimbiotic.com\/wp-content\/uploads\/2024\/06\/IMG_8804-768x576.jpg",768,576,true],"large":["https:\/\/redsimbiotic.com\/wp-content\/uploads\/2024\/06\/IMG_8804-1024x768.jpg",800,600,true],"1536x1536":["https:\/\/redsimbiotic.com\/wp-content\/uploads\/2024\/06\/IMG_8804-1536x1152.jpg",1536,1152,true],"2048x2048":["https:\/\/redsimbiotic.com\/wp-content\/uploads\/2024\/06\/IMG_8804-2048x1536.jpg",2048,1536,true],"trp-custom-language-flag":["https:\/\/redsimbiotic.com\/wp-content\/uploads\/2024\/06\/IMG_8804-16x12.jpg",16,12,true],"gform-image-choice-sm":["https:\/\/redsimbiotic.com\/wp-content\/uploads\/2024\/06\/IMG_8804-scaled.jpg",300,225,false],"gform-image-choice-md":["https:\/\/redsimbiotic.com\/wp-content\/uploads\/2024\/06\/IMG_8804-scaled.jpg",400,300,false],"gform-image-choice-lg":["https:\/\/redsimbiotic.com\/wp-content\/uploads\/2024\/06\/IMG_8804-scaled.jpg",600,450,false]},"uagb_author_info":{"display_name":"caso estudio","author_link":"https:\/\/redsimbiotic.com\/en\/author\/casos\/"},"uagb_comment_info":0,"uagb_excerpt":"En el din\u00e1mico y vibrante sector del turismo, la sostenibilidad se ha convertido en un pilar esencial para el crecimiento y la competitividad. Conscientes de esta realidad, la C\u00e1mara de Comercio de Bogot\u00e1 de la mano de Simbiotic transform\u00f3 la manera en que 50 empresarios del sector turismo integran la sostenibilidad en sus negocios. Este&hellip;","_links":{"self":[{"href":"https:\/\/redsimbiotic.com\/en\/wp-json\/wp\/v2\/pages\/6844","targetHints":{"allow":["GET"]}}],"collection":[{"href":"https:\/\/redsimbiotic.com\/en\/wp-json\/wp\/v2\/pages"}],"about":[{"href":"https:\/\/redsimbiotic.com\/en\/wp-json\/wp\/v2\/types\/page"}],"author":[{"embeddable":true,"href":"https:\/\/redsimbiotic.com\/en\/wp-json\/wp\/v2\/users\/4"}],"replies":[{"embeddable":true,"href":"https:\/\/redsimbiotic.com\/en\/wp-json\/wp\/v2\/comments?post=6844"}],"version-history":[{"count":17,"href":"https:\/\/redsimbiotic.com\/en\/wp-json\/wp\/v2\/pages\/6844\/revisions"}],"predecessor-version":[{"id":7010,"href":"https:\/\/redsimbiotic.com\/en\/wp-json\/wp\/v2\/pages\/6844\/revisions\/7010"}],"wp:featuredmedia":[{"embeddable":true,"href":"https:\/\/redsimbiotic.com\/en\/wp-json\/wp\/v2\/media\/6889"}],"wp:attachment":[{"href":"https:\/\/redsimbiotic.com\/en\/wp-json\/wp\/v2\/media?parent=6844"}],"wp:term":[{"taxonomy":"category","embeddable":true,"href":"https:\/\/redsimbiotic.com\/en\/wp-json\/wp\/v2\/categories?post=6844"},{"taxonomy":"post_tag","embeddable":true,"href":"https:\/\/redsimbiotic.com\/en\/wp-json\/wp\/v2\/tags?post=6844"},{"taxonomy":"folder","embeddable":true,"href":"https:\/\/redsimbiotic.com\/en\/wp-json\/wp\/v2\/folder?post=6844"}],"curies":[{"name":"wp","href":"https:\/\/api.w.org\/{rel}","templated":true}]}}