{"id":6693,"date":"2024-06-08T11:00:33","date_gmt":"2024-06-08T16:00:33","guid":{"rendered":"https:\/\/redsimbiotic.com\/?page_id=6693"},"modified":"2024-07-04T19:19:13","modified_gmt":"2024-07-05T00:19:13","slug":"manejo-integral-de-residuos-en-edificio-teleskop","status":"publish","type":"page","link":"https:\/\/redsimbiotic.com\/en\/manejo-integral-de-residuos-en-edificio-teleskop\/","title":{"rendered":"Integral Waste Management in Teleskop Building"},"content":{"rendered":"<div class=\"wp-block-columns is-layout-flex wp-container-core-columns-is-layout-28f84493 wp-block-columns-is-layout-flex\">\n<div class=\"wp-block-column is-layout-flow wp-block-column-is-layout-flow\" style=\"flex-basis:40%\">\n<p class=\"has-medium-font-size\">In 2021, Simbiotic S.A.S. undertook comprehensive consulting for waste management at the Teleskop Building in the international center of Bogot\u00e1. The objective is to optimise the disposal and use of waste, adapt collection and signalling spaces in accordance with current regulations, and promote sustainable practices through collaborative and transparent solutions.<\/p>\n<\/div>\n\n\n\n<div class=\"wp-block-column is-layout-flow wp-block-column-is-layout-flow\" style=\"flex-basis:66.66%\">\n<figure class=\"wp-block-image size-full is-resized\"><img fetchpriority=\"high\" decoding=\"async\" width=\"1280\" height=\"720\" src=\"https:\/\/redsimbiotic.com\/wp-content\/uploads\/2022\/05\/f36da932-f8a6-41ce-bef8-58934b4a0b1e.jpg\" alt=\"Recicladores en Edificio Teleskop\" class=\"wp-image-3736\" style=\"width:518px;height:auto\" srcset=\"https:\/\/redsimbiotic.com\/wp-content\/uploads\/2022\/05\/f36da932-f8a6-41ce-bef8-58934b4a0b1e.jpg 1280w, https:\/\/redsimbiotic.com\/wp-content\/uploads\/2022\/05\/f36da932-f8a6-41ce-bef8-58934b4a0b1e-300x169.jpg 300w, https:\/\/redsimbiotic.com\/wp-content\/uploads\/2022\/05\/f36da932-f8a6-41ce-bef8-58934b4a0b1e-1024x576.jpg 1024w, https:\/\/redsimbiotic.com\/wp-content\/uploads\/2022\/05\/f36da932-f8a6-41ce-bef8-58934b4a0b1e-768x432.jpg 768w\" sizes=\"(max-width: 1280px) 100vw, 1280px\" \/><\/figure>\n<\/div>\n<\/div>\n\n\n\n<div class=\"wp-block-uagb-advanced-heading uagb-block-9951dfe3\"><h3 class=\"uagb-heading-text\"><strong>Methodology<\/strong><\/h3><\/div>\n\n\n\n<ol class=\"wp-block-list\">\n<li class=\"has-medium-font-size\"><strong>Diagnostic and Planning:<\/strong>\n<ul class=\"wp-block-list\">\n<li>Initial assessment of the waste management situation in the Teleskop Building.<\/li>\n\n\n\n<li>Design of a customized comprehensive waste management plan that includes the adaptation of collection spaces and the necessary signage.<\/li>\n<\/ul>\n<\/li>\n<\/ol>\n\n\n\n<div style=\"height:30px\" aria-hidden=\"true\" class=\"wp-block-spacer\"><\/div>\n\n\n\n<ol class=\"wp-block-list\" start=\"2\">\n<li class=\"has-medium-font-size\"><strong>Adaptation of Collection Spaces:<\/strong>\n<ul class=\"wp-block-list\">\n<li>Identification and adaptation of specific areas for the collection of different types of waste.<\/li>\n\n\n\n<li>Implementation of clear and visible signage in accordance with current regulations to facilitate the proper segregation and disposal of waste.<\/li>\n<\/ul>\n<\/li>\n<\/ol>\n\n\n\n<div style=\"height:30px\" aria-hidden=\"true\" class=\"wp-block-spacer\"><\/div>\n\n\n\n<ol class=\"wp-block-list\" start=\"3\">\n<li class=\"has-medium-font-size\"><strong>Collaboration with Waste Pickers Recyclers and Post-consumer Programs:<\/strong>\n<ul class=\"wp-block-list\">\n<li>Establishing alliances with waste pickers to ensure the proper collection and use of waste.<\/li>\n\n\n\n<li>Integration of post-consumer programs and environmental initiatives to promote recycling and reuse of materials.<\/li>\n<\/ul>\n<\/li>\n<\/ol>\n\n\n\n<div style=\"height:30px\" aria-hidden=\"true\" class=\"wp-block-spacer\"><\/div>\n\n\n\n<ol class=\"wp-block-list\" start=\"4\">\n<li class=\"has-medium-font-size\"><strong>Implementation of the SimbIOT Methodology:<\/strong>\n<ul class=\"wp-block-list\">\n<li>Digitalization of waste management through the SimbIOT platform to ensure traceability and transparency in processes.<\/li>\n\n\n\n<li>Continuous monitoring and reporting to evaluate program performance and results.<\/li>\n<\/ul>\n<\/li>\n<\/ol>\n\n\n\n<div style=\"height:30px\" aria-hidden=\"true\" class=\"wp-block-spacer\"><\/div>\n\n\n\n<div class=\"wp-block-group alignwide is-layout-constrained wp-block-group-is-layout-constrained\">\n<div class=\"wp-block-columns is-layout-flex wp-container-core-columns-is-layout-28f84493 wp-block-columns-is-layout-flex\">\n<div class=\"wp-block-column is-layout-flow wp-block-column-is-layout-flow\" style=\"flex-basis:60%\">\n<figure class=\"wp-block-image size-full is-resized\"><img decoding=\"async\" width=\"1280\" height=\"720\" src=\"https:\/\/redsimbiotic.com\/wp-content\/uploads\/2022\/05\/4b5a428e-63e8-4435-a0b3-04035cedb175.jpg\" alt=\"\" class=\"wp-image-3738\" style=\"width:684px;height:auto\" srcset=\"https:\/\/redsimbiotic.com\/wp-content\/uploads\/2022\/05\/4b5a428e-63e8-4435-a0b3-04035cedb175.jpg 1280w, https:\/\/redsimbiotic.com\/wp-content\/uploads\/2022\/05\/4b5a428e-63e8-4435-a0b3-04035cedb175-300x169.jpg 300w, https:\/\/redsimbiotic.com\/wp-content\/uploads\/2022\/05\/4b5a428e-63e8-4435-a0b3-04035cedb175-1024x576.jpg 1024w, https:\/\/redsimbiotic.com\/wp-content\/uploads\/2022\/05\/4b5a428e-63e8-4435-a0b3-04035cedb175-768x432.jpg 768w\" sizes=\"(max-width: 1280px) 100vw, 1280px\" \/><\/figure>\n<\/div>\n\n\n\n<div class=\"wp-block-column is-layout-flow wp-block-column-is-layout-flow\" style=\"flex-basis:33.33%\">\n<div class=\"wp-block-uagb-advanced-heading uagb-block-cfe88c98\"><h3 class=\"uagb-heading-text\"><strong>Impact and Results<\/strong><\/h3><\/div>\n\n\n\n<ul class=\"wp-block-list\">\n<li class=\"has-medium-font-size\"><strong>Optimization of Waste Management:<\/strong> Successful implementation of adequate collection spaces and signalling according to regulations, facilitating the proper segregation and disposal of waste.<\/li>\n\n\n\n<li class=\"has-medium-font-size\"><strong>Effective Collaboration:<\/strong> Working together with waste pickers and post-consumer programs, achieving greater efficiency in recycling and waste management.<\/li>\n\n\n\n<li class=\"has-medium-font-size\"><strong>Transparency and Trust:<\/strong> Use SimbIOT platform to ensure transparency in processes and build trust among all stakeholders.<\/li>\n\n\n\n<li class=\"has-medium-font-size\"><strong>Positive Environmental Impact:<\/strong> Reducing environmental impact through sustainable practices and proper waste management.<\/li>\n<\/ul>\n<\/div>\n<\/div>\n<\/div>\n\n\n\n<div class=\"wp-block-uagb-advanced-heading uagb-block-f739cc7a\"><h3 class=\"uagb-heading-text\"><strong><strong>Conclusion<\/strong><\/strong><\/h3><\/div>\n\n\n\n<p>The comprehensive waste management project at the Teleskop Building has been a success, demonstrating Simbiotic S.A.S. \u2019s commitment to sustainability and responsible waste management. Through collaboration with waste pickers, the implementation of technology and the promotion of transparent practices, we have managed to create a waste management model that can be replicated in other horizontal properties.<\/p>\n\n\n\n<p>\ud83d\udc47\ud83c\udffcFor more details on the management carried out and the results obtained, consult the TELESKOP report.\ud83d\udc47\ud83c\udffc<\/p>\n\n\n\n<iframe scrolling=\"no\" width=\"700\" height=\"2800\" src=\"https:\/\/lookerstudio.google.com\/embed\/reporting\/60724688-2f6d-4f4b-83c7-609f1711952d\/page\/lK3bC\" frameborder=\"0\" style=\"border:0\" allowfullscreen=\"allowfullscreen\"><\/iframe>","protected":false},"excerpt":{"rendered":"<p>En 2021, Simbiotic S.A.S. emprendi\u00f3 la asesor\u00eda integral para el manejo de residuos en el Edificio Teleskop en el centro internacional de Bogot\u00e1. El objetivo, optimizar la disposici\u00f3n y aprovechamiento de residuos, adecuar espacios de acopio y se\u00f1alizaci\u00f3n conforme a la normativa vigente, y fomentar pr\u00e1cticas sostenibles a trav\u00e9s de soluciones colaborativas y transparentes. Metodolog\u00eda [&hellip;]<\/p>\n","protected":false},"author":4,"featured_media":6695,"parent":0,"menu_order":0,"comment_status":"closed","ping_status":"closed","template":"","meta":{"_uag_custom_page_level_css":"","footnotes":""},"categories":[72],"tags":[],"folder":[66],"class_list":["post-6693","page","type-page","status-publish","has-post-thumbnail","hentry","category-circularidad"],"yoast_head":"<!-- This site is optimized with the Yoast SEO Premium plugin v27.0 (Yoast SEO v27.3) - https:\/\/yoast.com\/product\/yoast-seo-premium-wordpress\/ -->\n<title>Manejo Integral de Residuos en Edificio Teleskop - Simbiotic<\/title>\n<meta name=\"robots\" content=\"index, follow, max-snippet:-1, max-image-preview:large, max-video-preview:-1\" \/>\n<link rel=\"canonical\" href=\"https:\/\/redsimbiotic.com\/en\/manejo-integral-de-residuos-en-edificio-teleskop\/\" \/>\n<meta property=\"og:locale\" content=\"en_US\" \/>\n<meta property=\"og:type\" content=\"article\" \/>\n<meta property=\"og:title\" content=\"Manejo Integral de Residuos en Edificio Teleskop\" \/>\n<meta property=\"og:description\" content=\"En 2021, Simbiotic S.A.S. emprendi\u00f3 la asesor\u00eda integral para el manejo de residuos en el Edificio Teleskop en el centro internacional de Bogot\u00e1. El objetivo, optimizar la disposici\u00f3n y aprovechamiento de residuos, adecuar espacios de acopio y se\u00f1alizaci\u00f3n conforme a la normativa vigente, y fomentar pr\u00e1cticas sostenibles a trav\u00e9s de soluciones colaborativas y transparentes. Metodolog\u00eda [&hellip;]\" \/>\n<meta property=\"og:url\" content=\"https:\/\/redsimbiotic.com\/en\/manejo-integral-de-residuos-en-edificio-teleskop\/\" \/>\n<meta property=\"og:site_name\" content=\"Simbiotic\" \/>\n<meta property=\"article:publisher\" content=\"https:\/\/www.facebook.com\/Redsimbiotic\/\" \/>\n<meta property=\"article:modified_time\" content=\"2024-07-05T00:19:13+00:00\" \/>\n<meta property=\"og:image\" content=\"https:\/\/redsimbiotic.com\/wp-content\/uploads\/2024\/06\/PHOTO-2023-10-02-19-10-30.jpg\" \/>\n\t<meta property=\"og:image:width\" content=\"1280\" \/>\n\t<meta property=\"og:image:height\" content=\"960\" \/>\n\t<meta property=\"og:image:type\" content=\"image\/jpeg\" \/>\n<meta name=\"twitter:card\" content=\"summary_large_image\" \/>\n<meta name=\"twitter:site\" content=\"@simbiotic1\" \/>\n<meta name=\"twitter:label1\" content=\"Est. reading time\" \/>\n\t<meta name=\"twitter:data1\" content=\"3 minutes\" \/>\n<script type=\"application\/ld+json\" class=\"yoast-schema-graph\">{\"@context\":\"https:\\\/\\\/schema.org\",\"@graph\":[{\"@type\":\"WebPage\",\"@id\":\"https:\\\/\\\/redsimbiotic.com\\\/manejo-integral-de-residuos-en-edificio-teleskop\\\/\",\"url\":\"https:\\\/\\\/redsimbiotic.com\\\/manejo-integral-de-residuos-en-edificio-teleskop\\\/\",\"name\":\"Manejo Integral de Residuos en Edificio Teleskop - Simbiotic\",\"isPartOf\":{\"@id\":\"https:\\\/\\\/redsimbiotic.com\\\/#website\"},\"primaryImageOfPage\":{\"@id\":\"https:\\\/\\\/redsimbiotic.com\\\/manejo-integral-de-residuos-en-edificio-teleskop\\\/#primaryimage\"},\"image\":{\"@id\":\"https:\\\/\\\/redsimbiotic.com\\\/manejo-integral-de-residuos-en-edificio-teleskop\\\/#primaryimage\"},\"thumbnailUrl\":\"https:\\\/\\\/redsimbiotic.com\\\/wp-content\\\/uploads\\\/2024\\\/06\\\/PHOTO-2023-10-02-19-10-30.jpg\",\"datePublished\":\"2024-06-08T16:00:33+00:00\",\"dateModified\":\"2024-07-05T00:19:13+00:00\",\"breadcrumb\":{\"@id\":\"https:\\\/\\\/redsimbiotic.com\\\/manejo-integral-de-residuos-en-edificio-teleskop\\\/#breadcrumb\"},\"inLanguage\":\"en-US\",\"potentialAction\":[{\"@type\":\"ReadAction\",\"target\":[\"https:\\\/\\\/redsimbiotic.com\\\/manejo-integral-de-residuos-en-edificio-teleskop\\\/\"]}]},{\"@type\":\"ImageObject\",\"inLanguage\":\"en-US\",\"@id\":\"https:\\\/\\\/redsimbiotic.com\\\/manejo-integral-de-residuos-en-edificio-teleskop\\\/#primaryimage\",\"url\":\"https:\\\/\\\/redsimbiotic.com\\\/wp-content\\\/uploads\\\/2024\\\/06\\\/PHOTO-2023-10-02-19-10-30.jpg\",\"contentUrl\":\"https:\\\/\\\/redsimbiotic.com\\\/wp-content\\\/uploads\\\/2024\\\/06\\\/PHOTO-2023-10-02-19-10-30.jpg\",\"width\":1280,\"height\":960},{\"@type\":\"BreadcrumbList\",\"@id\":\"https:\\\/\\\/redsimbiotic.com\\\/manejo-integral-de-residuos-en-edificio-teleskop\\\/#breadcrumb\",\"itemListElement\":[{\"@type\":\"ListItem\",\"position\":1,\"name\":\"Inicio\",\"item\":\"https:\\\/\\\/redsimbiotic.com\\\/\"},{\"@type\":\"ListItem\",\"position\":2,\"name\":\"Manejo Integral de Residuos en Edificio Teleskop\"}]},{\"@type\":\"WebSite\",\"@id\":\"https:\\\/\\\/redsimbiotic.com\\\/#website\",\"url\":\"https:\\\/\\\/redsimbiotic.com\\\/\",\"name\":\"Red Simbiotic\",\"description\":\"Somos una consultora estrat\u00e9gica que genera rentabilidad a trav\u00e9s de hacer lo ambientalmente correcto.\",\"publisher\":{\"@id\":\"https:\\\/\\\/redsimbiotic.com\\\/#organization\"},\"potentialAction\":[{\"@type\":\"SearchAction\",\"target\":{\"@type\":\"EntryPoint\",\"urlTemplate\":\"https:\\\/\\\/redsimbiotic.com\\\/?s={search_term_string}\"},\"query-input\":{\"@type\":\"PropertyValueSpecification\",\"valueRequired\":true,\"valueName\":\"search_term_string\"}}],\"inLanguage\":\"en-US\"},{\"@type\":\"Organization\",\"@id\":\"https:\\\/\\\/redsimbiotic.com\\\/#organization\",\"name\":\"Simbiotic\",\"url\":\"https:\\\/\\\/redsimbiotic.com\\\/\",\"logo\":{\"@type\":\"ImageObject\",\"inLanguage\":\"en-US\",\"@id\":\"https:\\\/\\\/redsimbiotic.com\\\/#\\\/schema\\\/logo\\\/image\\\/\",\"url\":\"https:\\\/\\\/redsimbiotic.com\\\/wp-content\\\/uploads\\\/2021\\\/11\\\/logo-final-14-e1637467835938.png\",\"contentUrl\":\"https:\\\/\\\/redsimbiotic.com\\\/wp-content\\\/uploads\\\/2021\\\/11\\\/logo-final-14-e1637467835938.png\",\"width\":100,\"height\":110,\"caption\":\"Simbiotic\"},\"image\":{\"@id\":\"https:\\\/\\\/redsimbiotic.com\\\/#\\\/schema\\\/logo\\\/image\\\/\"},\"sameAs\":[\"https:\\\/\\\/www.facebook.com\\\/Redsimbiotic\\\/\",\"https:\\\/\\\/x.com\\\/simbiotic1\",\"https:\\\/\\\/www.instagram.com\\\/simbiotic2018\\\/\",\"https:\\\/\\\/co.linkedin.com\\\/company\\\/simbiotic-s-a-s\",\"https:\\\/\\\/www.youtube.com\\\/c\\\/RedSimbiotic\"],\"actionableFeedbackPolicy\":\"https:\\\/\\\/redsimbiotic.com\\\/politica-de-privacidad\\\/\",\"correctionsPolicy\":\"https:\\\/\\\/redsimbiotic.com\\\/politica-de-privacidad\\\/\"}]}<\/script>\n<!-- \/ Yoast SEO Premium plugin. -->","yoast_head_json":{"title":"Manejo Integral de Residuos en Edificio Teleskop - Simbiotic","robots":{"index":"index","follow":"follow","max-snippet":"max-snippet:-1","max-image-preview":"max-image-preview:large","max-video-preview":"max-video-preview:-1"},"canonical":"https:\/\/redsimbiotic.com\/en\/manejo-integral-de-residuos-en-edificio-teleskop\/","og_locale":"en_US","og_type":"article","og_title":"Manejo Integral de Residuos en Edificio Teleskop","og_description":"En 2021, Simbiotic S.A.S. emprendi\u00f3 la asesor\u00eda integral para el manejo de residuos en el Edificio Teleskop en el centro internacional de Bogot\u00e1. El objetivo, optimizar la disposici\u00f3n y aprovechamiento de residuos, adecuar espacios de acopio y se\u00f1alizaci\u00f3n conforme a la normativa vigente, y fomentar pr\u00e1cticas sostenibles a trav\u00e9s de soluciones colaborativas y transparentes. Metodolog\u00eda [&hellip;]","og_url":"https:\/\/redsimbiotic.com\/en\/manejo-integral-de-residuos-en-edificio-teleskop\/","og_site_name":"Simbiotic","article_publisher":"https:\/\/www.facebook.com\/Redsimbiotic\/","article_modified_time":"2024-07-05T00:19:13+00:00","og_image":[{"width":1280,"height":960,"url":"https:\/\/redsimbiotic.com\/wp-content\/uploads\/2024\/06\/PHOTO-2023-10-02-19-10-30.jpg","type":"image\/jpeg"}],"twitter_card":"summary_large_image","twitter_site":"@simbiotic1","twitter_misc":{"Est. reading time":"3 minutes"},"schema":{"@context":"https:\/\/schema.org","@graph":[{"@type":"WebPage","@id":"https:\/\/redsimbiotic.com\/manejo-integral-de-residuos-en-edificio-teleskop\/","url":"https:\/\/redsimbiotic.com\/manejo-integral-de-residuos-en-edificio-teleskop\/","name":"Manejo Integral de Residuos en Edificio Teleskop - Simbiotic","isPartOf":{"@id":"https:\/\/redsimbiotic.com\/#website"},"primaryImageOfPage":{"@id":"https:\/\/redsimbiotic.com\/manejo-integral-de-residuos-en-edificio-teleskop\/#primaryimage"},"image":{"@id":"https:\/\/redsimbiotic.com\/manejo-integral-de-residuos-en-edificio-teleskop\/#primaryimage"},"thumbnailUrl":"https:\/\/redsimbiotic.com\/wp-content\/uploads\/2024\/06\/PHOTO-2023-10-02-19-10-30.jpg","datePublished":"2024-06-08T16:00:33+00:00","dateModified":"2024-07-05T00:19:13+00:00","breadcrumb":{"@id":"https:\/\/redsimbiotic.com\/manejo-integral-de-residuos-en-edificio-teleskop\/#breadcrumb"},"inLanguage":"en-US","potentialAction":[{"@type":"ReadAction","target":["https:\/\/redsimbiotic.com\/manejo-integral-de-residuos-en-edificio-teleskop\/"]}]},{"@type":"ImageObject","inLanguage":"en-US","@id":"https:\/\/redsimbiotic.com\/manejo-integral-de-residuos-en-edificio-teleskop\/#primaryimage","url":"https:\/\/redsimbiotic.com\/wp-content\/uploads\/2024\/06\/PHOTO-2023-10-02-19-10-30.jpg","contentUrl":"https:\/\/redsimbiotic.com\/wp-content\/uploads\/2024\/06\/PHOTO-2023-10-02-19-10-30.jpg","width":1280,"height":960},{"@type":"BreadcrumbList","@id":"https:\/\/redsimbiotic.com\/manejo-integral-de-residuos-en-edificio-teleskop\/#breadcrumb","itemListElement":[{"@type":"ListItem","position":1,"name":"Inicio","item":"https:\/\/redsimbiotic.com\/"},{"@type":"ListItem","position":2,"name":"Manejo Integral de Residuos en Edificio Teleskop"}]},{"@type":"WebSite","@id":"https:\/\/redsimbiotic.com\/#website","url":"https:\/\/redsimbiotic.com\/","name":"Red Simbiotic","description":"We are a strategic consulting firm that generates profitability through doing the environmentally correct thing.","publisher":{"@id":"https:\/\/redsimbiotic.com\/#organization"},"potentialAction":[{"@type":"SearchAction","target":{"@type":"EntryPoint","urlTemplate":"https:\/\/redsimbiotic.com\/?s={search_term_string}"},"query-input":{"@type":"PropertyValueSpecification","valueRequired":true,"valueName":"search_term_string"}}],"inLanguage":"en-US"},{"@type":"Organization","@id":"https:\/\/redsimbiotic.com\/#organization","name":"Simbiotic","url":"https:\/\/redsimbiotic.com\/","logo":{"@type":"ImageObject","inLanguage":"en-US","@id":"https:\/\/redsimbiotic.com\/#\/schema\/logo\/image\/","url":"https:\/\/redsimbiotic.com\/wp-content\/uploads\/2021\/11\/logo-final-14-e1637467835938.png","contentUrl":"https:\/\/redsimbiotic.com\/wp-content\/uploads\/2021\/11\/logo-final-14-e1637467835938.png","width":100,"height":110,"caption":"Simbiotic"},"image":{"@id":"https:\/\/redsimbiotic.com\/#\/schema\/logo\/image\/"},"sameAs":["https:\/\/www.facebook.com\/Redsimbiotic\/","https:\/\/x.com\/simbiotic1","https:\/\/www.instagram.com\/simbiotic2018\/","https:\/\/co.linkedin.com\/company\/simbiotic-s-a-s","https:\/\/www.youtube.com\/c\/RedSimbiotic"],"actionableFeedbackPolicy":"https:\/\/redsimbiotic.com\/politica-de-privacidad\/","correctionsPolicy":"https:\/\/redsimbiotic.com\/politica-de-privacidad\/"}]}},"uagb_featured_image_src":{"full":["https:\/\/redsimbiotic.com\/wp-content\/uploads\/2024\/06\/PHOTO-2023-10-02-19-10-30.jpg",1280,960,false],"thumbnail":["https:\/\/redsimbiotic.com\/wp-content\/uploads\/2024\/06\/PHOTO-2023-10-02-19-10-30-150x150.jpg",150,150,true],"medium":["https:\/\/redsimbiotic.com\/wp-content\/uploads\/2024\/06\/PHOTO-2023-10-02-19-10-30-300x225.jpg",300,225,true],"medium_large":["https:\/\/redsimbiotic.com\/wp-content\/uploads\/2024\/06\/PHOTO-2023-10-02-19-10-30-768x576.jpg",768,576,true],"large":["https:\/\/redsimbiotic.com\/wp-content\/uploads\/2024\/06\/PHOTO-2023-10-02-19-10-30-1024x768.jpg",800,600,true],"1536x1536":["https:\/\/redsimbiotic.com\/wp-content\/uploads\/2024\/06\/PHOTO-2023-10-02-19-10-30.jpg",1280,960,false],"2048x2048":["https:\/\/redsimbiotic.com\/wp-content\/uploads\/2024\/06\/PHOTO-2023-10-02-19-10-30.jpg",1280,960,false],"trp-custom-language-flag":["https:\/\/redsimbiotic.com\/wp-content\/uploads\/2024\/06\/PHOTO-2023-10-02-19-10-30-16x12.jpg",16,12,true],"gform-image-choice-sm":["https:\/\/redsimbiotic.com\/wp-content\/uploads\/2024\/06\/PHOTO-2023-10-02-19-10-30.jpg",300,225,false],"gform-image-choice-md":["https:\/\/redsimbiotic.com\/wp-content\/uploads\/2024\/06\/PHOTO-2023-10-02-19-10-30.jpg",400,300,false],"gform-image-choice-lg":["https:\/\/redsimbiotic.com\/wp-content\/uploads\/2024\/06\/PHOTO-2023-10-02-19-10-30.jpg",600,450,false]},"uagb_author_info":{"display_name":"caso estudio","author_link":"https:\/\/redsimbiotic.com\/en\/author\/casos\/"},"uagb_comment_info":0,"uagb_excerpt":"En 2021, Simbiotic S.A.S. emprendi\u00f3 la asesor\u00eda integral para el manejo de residuos en el Edificio Teleskop en el centro internacional de Bogot\u00e1. El objetivo, optimizar la disposici\u00f3n y aprovechamiento de residuos, adecuar espacios de acopio y se\u00f1alizaci\u00f3n conforme a la normativa vigente, y fomentar pr\u00e1cticas sostenibles a trav\u00e9s de soluciones colaborativas y transparentes. Metodolog\u00eda&hellip;","_links":{"self":[{"href":"https:\/\/redsimbiotic.com\/en\/wp-json\/wp\/v2\/pages\/6693","targetHints":{"allow":["GET"]}}],"collection":[{"href":"https:\/\/redsimbiotic.com\/en\/wp-json\/wp\/v2\/pages"}],"about":[{"href":"https:\/\/redsimbiotic.com\/en\/wp-json\/wp\/v2\/types\/page"}],"author":[{"embeddable":true,"href":"https:\/\/redsimbiotic.com\/en\/wp-json\/wp\/v2\/users\/4"}],"replies":[{"embeddable":true,"href":"https:\/\/redsimbiotic.com\/en\/wp-json\/wp\/v2\/comments?post=6693"}],"version-history":[{"count":5,"href":"https:\/\/redsimbiotic.com\/en\/wp-json\/wp\/v2\/pages\/6693\/revisions"}],"predecessor-version":[{"id":7009,"href":"https:\/\/redsimbiotic.com\/en\/wp-json\/wp\/v2\/pages\/6693\/revisions\/7009"}],"wp:featuredmedia":[{"embeddable":true,"href":"https:\/\/redsimbiotic.com\/en\/wp-json\/wp\/v2\/media\/6695"}],"wp:attachment":[{"href":"https:\/\/redsimbiotic.com\/en\/wp-json\/wp\/v2\/media?parent=6693"}],"wp:term":[{"taxonomy":"category","embeddable":true,"href":"https:\/\/redsimbiotic.com\/en\/wp-json\/wp\/v2\/categories?post=6693"},{"taxonomy":"post_tag","embeddable":true,"href":"https:\/\/redsimbiotic.com\/en\/wp-json\/wp\/v2\/tags?post=6693"},{"taxonomy":"folder","embeddable":true,"href":"https:\/\/redsimbiotic.com\/en\/wp-json\/wp\/v2\/folder?post=6693"}],"curies":[{"name":"wp","href":"https:\/\/api.w.org\/{rel}","templated":true}]}}