{"id":6686,"date":"2024-01-08T23:16:02","date_gmt":"2024-01-09T04:16:02","guid":{"rendered":"https:\/\/redsimbiotic.com\/?page_id=6686"},"modified":"2024-07-04T19:18:25","modified_gmt":"2024-07-05T00:18:25","slug":"consultoria-cesa-centro-de-estudios-superiores-de-administracion","status":"publish","type":"page","link":"https:\/\/redsimbiotic.com\/en\/consultoria-cesa-centro-de-estudios-superiores-de-administracion\/","title":{"rendered":"Consultancy CESA - Centre for Higher Studies in Administration"},"content":{"rendered":"<div class=\"wp-block-columns is-layout-flex wp-container-core-columns-is-layout-28f84493 wp-block-columns-is-layout-flex\">\n<div class=\"wp-block-column is-layout-flow wp-block-column-is-layout-flow\" style=\"flex-basis:40%\">\n<p class=\"has-medium-font-size\">Simbiotic carried out a comprehensive consultancy at the Center for Higher Studies in Administration (CESA) to implement environmental education, awareness, and waste management programs. This project promotes sustainable practices within the institution, ensuring proper waste classification and responsible waste management through a shared value network.<\/p>\n\n\n\n<figure class=\"wp-block-image size-large\"><img fetchpriority=\"high\" decoding=\"async\" width=\"1024\" height=\"768\" src=\"https:\/\/redsimbiotic.com\/wp-content\/uploads\/2022\/05\/IMG_9776-1024x768.jpg\" alt=\"Capacitaci\u00f3n manejo de materiales y contenedores CESA\" class=\"wp-image-3874\" srcset=\"https:\/\/redsimbiotic.com\/wp-content\/uploads\/2022\/05\/IMG_9776-1024x768.jpg 1024w, https:\/\/redsimbiotic.com\/wp-content\/uploads\/2022\/05\/IMG_9776-300x225.jpg 300w, https:\/\/redsimbiotic.com\/wp-content\/uploads\/2022\/05\/IMG_9776-768x576.jpg 768w, https:\/\/redsimbiotic.com\/wp-content\/uploads\/2022\/05\/IMG_9776-1536x1152.jpg 1536w, https:\/\/redsimbiotic.com\/wp-content\/uploads\/2022\/05\/IMG_9776-2048x1536.jpg 2048w, https:\/\/redsimbiotic.com\/wp-content\/uploads\/2022\/05\/IMG_9776-scaled.jpg 1920w\" sizes=\"(max-width: 1024px) 100vw, 1024px\" \/><\/figure>\n<\/div>\n\n\n\n<div class=\"wp-block-column is-layout-flow wp-block-column-is-layout-flow\" style=\"flex-basis:66.66%\">\n<figure class=\"wp-block-image size-large is-resized\"><img decoding=\"async\" width=\"768\" height=\"1024\" src=\"https:\/\/redsimbiotic.com\/wp-content\/uploads\/2022\/05\/IMG_0905-768x1024.jpg\" alt=\"Centro de acopio CESA\" class=\"wp-image-3862\" style=\"width:518px;height:auto\" srcset=\"https:\/\/redsimbiotic.com\/wp-content\/uploads\/2022\/05\/IMG_0905-768x1024.jpg 768w, https:\/\/redsimbiotic.com\/wp-content\/uploads\/2022\/05\/IMG_0905-225x300.jpg 225w, https:\/\/redsimbiotic.com\/wp-content\/uploads\/2022\/05\/IMG_0905.jpg 780w\" sizes=\"(max-width: 768px) 100vw, 768px\" \/><\/figure>\n<\/div>\n<\/div>\n\n\n\n<div class=\"wp-block-uagb-advanced-heading uagb-block-9951dfe3\"><h3 class=\"uagb-heading-text\"><strong>Methodology<\/strong><\/h3><\/div>\n\n\n\n<ol class=\"wp-block-list\">\n<li class=\"has-medium-font-size\"><strong>Awareness-raising:<\/strong>\n<ul class=\"wp-block-list\">\n<li><strong>Workshops:<\/strong> Workshops were organized for CESA students, teachers, and administrative staff, focusing on the importance of correct waste classification and sustainable practices.<\/li>\n\n\n\n<li><strong>Communication Campaigns:<\/strong> Visual and digital communication campaigns were conducted on campus to reinforce the message of sustainability and waste classification, using posters, social networks, and newsletters.<\/li>\n<\/ul>\n<\/li>\n<\/ol>\n\n\n\n<div style=\"height:30px\" aria-hidden=\"true\" class=\"wp-block-spacer\"><\/div>\n\n\n\n<ol class=\"wp-block-list\" start=\"2\">\n<li class=\"has-medium-font-size\"><strong>Integral Waste Management Plan (PGIRS):<\/strong>\n<ul class=\"wp-block-list\">\n<li><strong>Initial diagnosis:<\/strong> Carrying out an initial diagnosis to evaluate the current CESA\u00b4s waste management situation.<\/li>\n\n\n\n<li><strong>PGIRS Development:<\/strong> Design of the Integral Solid Waste Management Plan, establishing clear procedures for the collection, classification, storage, and final disposal of waste.<\/li>\n\n\n\n<li><strong>Training:<\/strong> Continuous training of waste management personnel, ensuring compliance with established procedures.<\/li>\n<\/ul>\n<\/li>\n<\/ol>\n\n\n\n<div style=\"height:30px\" aria-hidden=\"true\" class=\"wp-block-spacer\"><\/div>\n\n\n\n<ol class=\"wp-block-list\" start=\"3\">\n<li class=\"has-medium-font-size\"><strong>Articulation of Suppliers and Networks of Shared Value:<\/strong>\n<ul class=\"wp-block-list\">\n<li><strong>Identification of Suppliers:<\/strong> Identification and selection of certified and responsible suppliers for waste management.<\/li>\n\n\n\n<li><strong>Network Creation:<\/strong> Establishment of shared value networks, facilitating the return of waste to the value chain in a sustainable and certified manner.<\/li>\n\n\n\n<li><strong>Monitoring and Evaluation:<\/strong> Constant monitoring and evaluation of suppliers to ensure compliance with environmental standards and PGIRS objectives.<\/li>\n<\/ul>\n<\/li>\n<\/ol>\n\n\n\n<div style=\"height:30px\" aria-hidden=\"true\" class=\"wp-block-spacer\"><\/div>\n\n\n\n<ol class=\"wp-block-list\" start=\"4\">\n<li class=\"has-medium-font-size\"><strong>Basic Sanitation Plan (PSB):<\/strong>\n<ul class=\"wp-block-list\">\n<li><strong>Implementation of the PSB:<\/strong> Development and implementation of the Basic Sanitation Plan, ensuring proper cleaning and disinfection of all areas of the campus.<\/li>\n\n\n\n<li><strong>Maintenance and Control:<\/strong> Establishment of a regular maintenance and control system to ensure the hygiene and sustainability of the educational environment.<\/li>\n<\/ul>\n<\/li>\n<\/ol>\n\n\n\n<div style=\"height:30px\" aria-hidden=\"true\" class=\"wp-block-spacer\"><\/div>\n\n\n\n<ol class=\"wp-block-list\" start=\"5\">\n<li class=\"has-medium-font-size\"><strong>SimbIOT Portal:<\/strong>\n<ul class=\"wp-block-list\">\n<li><strong>Digitization of Processes:<\/strong> Implementation of the SimbIOT Portal to digitize and centralize all CESA environmental information.<\/li>\n\n\n\n<li><strong>Traceability and Monitoring:<\/strong> Use of the portal to perform detailed monitoring of the generation, classification, and disposal of waste, allowing transparent and efficient management.<\/li>\n\n\n\n<li><strong>Reports and Analysis:<\/strong> Generation of periodic reports and data analysis to evaluate environmental performance and make informed decisions.<\/li>\n<\/ul>\n<\/li>\n<\/ol>\n\n\n\n<div style=\"height:30px\" aria-hidden=\"true\" class=\"wp-block-spacer\"><\/div>\n\n\n\n<p><\/p>\n\n\n\n<div class=\"wp-block-group alignwide is-layout-constrained wp-block-group-is-layout-constrained\">\n<div class=\"wp-block-columns is-layout-flex wp-container-core-columns-is-layout-28f84493 wp-block-columns-is-layout-flex\">\n<div class=\"wp-block-column is-layout-flow wp-block-column-is-layout-flow\" style=\"flex-basis:60%\">\n<figure class=\"wp-block-image size-large is-resized\"><img decoding=\"async\" width=\"768\" height=\"1024\" src=\"https:\/\/redsimbiotic.com\/wp-content\/uploads\/2022\/05\/IMG_7203-768x1024.jpg\" alt=\"Campa\u00f1a de sensibilizaci\u00f3n para papel y manejo integral de residuos\" class=\"wp-image-3866\" style=\"width:684px;height:auto\" srcset=\"https:\/\/redsimbiotic.com\/wp-content\/uploads\/2022\/05\/IMG_7203-768x1024.jpg 768w, https:\/\/redsimbiotic.com\/wp-content\/uploads\/2022\/05\/IMG_7203-225x300.jpg 225w, https:\/\/redsimbiotic.com\/wp-content\/uploads\/2022\/05\/IMG_7203-1152x1536.jpg 1152w, https:\/\/redsimbiotic.com\/wp-content\/uploads\/2022\/05\/IMG_7203-1536x2048.jpg 1536w, https:\/\/redsimbiotic.com\/wp-content\/uploads\/2022\/05\/IMG_7203-scaled.jpg 1440w\" sizes=\"(max-width: 768px) 100vw, 768px\" \/><\/figure>\n<\/div>\n\n\n\n<div class=\"wp-block-column is-layout-flow wp-block-column-is-layout-flow\" style=\"flex-basis:33.33%\">\n<div class=\"wp-block-uagb-advanced-heading uagb-block-cfe88c98\"><h3 class=\"uagb-heading-text\"><strong>Impact and Results<\/strong><\/h3><\/div>\n\n\n\n<ul class=\"wp-block-list\">\n<li class=\"has-medium-font-size\"><strong>Environmental awareness:<\/strong> Increased awareness and education on the importance of sustainability and proper waste management among students and CESA staff.<\/li>\n\n\n\n<li class=\"has-medium-font-size\"><strong>Improvement in Waste Management:<\/strong> Successful implementation of the PGIRS and PSB, significantly improving waste management and sanitation conditions on campus.<\/li>\n\n\n\n<li class=\"has-medium-font-size\"><strong>Digitization and Efficiency:<\/strong> The SimbIOT portal has enabled more efficient and transparent waste management, facilitating the traceability and monitoring of environmental practices.<\/li>\n<\/ul>\n<\/div>\n<\/div>\n<\/div>\n\n\n\n<div class=\"wp-block-uagb-advanced-heading uagb-block-f739cc7a\"><h3 class=\"uagb-heading-text\"><strong><strong>Conclusion<\/strong><\/strong><\/h3><\/div>\n\n\n\n<p class=\"has-medium-font-size\">The consultancy carried out at CESA has been a success, managing not only to improve waste management and sanitation conditions but also to promote a culture of sustainability within the institution. This project demonstrates Simbiotic\u2019s commitment to environmental education and the implementation of sustainable solutions through the articulation of shared value networks and the use of advanced technological tools.<\/p>","protected":false},"excerpt":{"rendered":"<p>Simbiotic llev\u00f3 a cabo una consultor\u00eda integral en el Centro de Estudios Superiores de Administraci\u00f3n (CESA) con el objetivo de implementar programas de educaci\u00f3n ambiental, sensibilizaci\u00f3n y gesti\u00f3n de residuos. Este proyecto fomenta pr\u00e1cticas sostenibles dentro de la instituci\u00f3n, asegurando una correcta clasificaci\u00f3n de residuos y el manejo responsable de los mismos a trav\u00e9s de [&hellip;]<\/p>\n","protected":false},"author":4,"featured_media":3871,"parent":0,"menu_order":0,"comment_status":"closed","ping_status":"closed","template":"","meta":{"_uag_custom_page_level_css":"","footnotes":""},"categories":[72,69],"tags":[],"folder":[66],"class_list":["post-6686","page","type-page","status-publish","has-post-thumbnail","hentry","category-circularidad","category-consultoria"],"yoast_head":"<!-- This site is optimized with the Yoast SEO Premium plugin v27.0 (Yoast SEO v27.3) - https:\/\/yoast.com\/product\/yoast-seo-premium-wordpress\/ -->\n<title>Consultor\u00eda CESA \u2013 Centro de Estudios Superiores de Administraci\u00f3n - Simbiotic<\/title>\n<meta name=\"robots\" content=\"index, follow, max-snippet:-1, max-image-preview:large, max-video-preview:-1\" \/>\n<link rel=\"canonical\" href=\"https:\/\/redsimbiotic.com\/en\/consultoria-cesa-centro-de-estudios-superiores-de-administracion\/\" \/>\n<meta property=\"og:locale\" content=\"en_US\" \/>\n<meta property=\"og:type\" content=\"article\" \/>\n<meta property=\"og:title\" content=\"Consultor\u00eda CESA \u2013 Centro de Estudios Superiores de Administraci\u00f3n\" \/>\n<meta property=\"og:description\" content=\"Simbiotic llev\u00f3 a cabo una consultor\u00eda integral en el Centro de Estudios Superiores de Administraci\u00f3n (CESA) con el objetivo de implementar programas de educaci\u00f3n ambiental, sensibilizaci\u00f3n y gesti\u00f3n de residuos. Este proyecto fomenta pr\u00e1cticas sostenibles dentro de la instituci\u00f3n, asegurando una correcta clasificaci\u00f3n de residuos y el manejo responsable de los mismos a trav\u00e9s de [&hellip;]\" \/>\n<meta property=\"og:url\" content=\"https:\/\/redsimbiotic.com\/en\/consultoria-cesa-centro-de-estudios-superiores-de-administracion\/\" \/>\n<meta property=\"og:site_name\" content=\"Simbiotic\" \/>\n<meta property=\"article:publisher\" content=\"https:\/\/www.facebook.com\/Redsimbiotic\/\" \/>\n<meta property=\"article:modified_time\" content=\"2024-07-05T00:18:25+00:00\" \/>\n<meta property=\"og:image\" content=\"https:\/\/redsimbiotic.com\/wp-content\/uploads\/2022\/05\/IMG_8143-1-scaled.jpg\" \/>\n\t<meta property=\"og:image:width\" content=\"2560\" \/>\n\t<meta property=\"og:image:height\" content=\"1920\" \/>\n\t<meta property=\"og:image:type\" content=\"image\/jpeg\" \/>\n<meta name=\"twitter:card\" content=\"summary_large_image\" \/>\n<meta name=\"twitter:site\" content=\"@simbiotic1\" \/>\n<meta name=\"twitter:label1\" content=\"Est. reading time\" \/>\n\t<meta name=\"twitter:data1\" content=\"4 minutes\" \/>\n<script type=\"application\/ld+json\" class=\"yoast-schema-graph\">{\"@context\":\"https:\\\/\\\/schema.org\",\"@graph\":[{\"@type\":\"WebPage\",\"@id\":\"https:\\\/\\\/redsimbiotic.com\\\/consultoria-cesa-centro-de-estudios-superiores-de-administracion\\\/\",\"url\":\"https:\\\/\\\/redsimbiotic.com\\\/consultoria-cesa-centro-de-estudios-superiores-de-administracion\\\/\",\"name\":\"Consultor\u00eda CESA \u2013 Centro de Estudios Superiores de Administraci\u00f3n - Simbiotic\",\"isPartOf\":{\"@id\":\"https:\\\/\\\/redsimbiotic.com\\\/#website\"},\"primaryImageOfPage\":{\"@id\":\"https:\\\/\\\/redsimbiotic.com\\\/consultoria-cesa-centro-de-estudios-superiores-de-administracion\\\/#primaryimage\"},\"image\":{\"@id\":\"https:\\\/\\\/redsimbiotic.com\\\/consultoria-cesa-centro-de-estudios-superiores-de-administracion\\\/#primaryimage\"},\"thumbnailUrl\":\"https:\\\/\\\/redsimbiotic.com\\\/wp-content\\\/uploads\\\/2022\\\/05\\\/IMG_8143-1-scaled.jpg\",\"datePublished\":\"2024-01-09T04:16:02+00:00\",\"dateModified\":\"2024-07-05T00:18:25+00:00\",\"breadcrumb\":{\"@id\":\"https:\\\/\\\/redsimbiotic.com\\\/consultoria-cesa-centro-de-estudios-superiores-de-administracion\\\/#breadcrumb\"},\"inLanguage\":\"en-US\",\"potentialAction\":[{\"@type\":\"ReadAction\",\"target\":[\"https:\\\/\\\/redsimbiotic.com\\\/consultoria-cesa-centro-de-estudios-superiores-de-administracion\\\/\"]}]},{\"@type\":\"ImageObject\",\"inLanguage\":\"en-US\",\"@id\":\"https:\\\/\\\/redsimbiotic.com\\\/consultoria-cesa-centro-de-estudios-superiores-de-administracion\\\/#primaryimage\",\"url\":\"https:\\\/\\\/redsimbiotic.com\\\/wp-content\\\/uploads\\\/2022\\\/05\\\/IMG_8143-1-scaled.jpg\",\"contentUrl\":\"https:\\\/\\\/redsimbiotic.com\\\/wp-content\\\/uploads\\\/2022\\\/05\\\/IMG_8143-1-scaled.jpg\",\"width\":1920,\"height\":1440,\"caption\":\"Campa\u00f1a de sensibilizaci\u00f3n para fortalecer manejo integral de residuos 3\"},{\"@type\":\"BreadcrumbList\",\"@id\":\"https:\\\/\\\/redsimbiotic.com\\\/consultoria-cesa-centro-de-estudios-superiores-de-administracion\\\/#breadcrumb\",\"itemListElement\":[{\"@type\":\"ListItem\",\"position\":1,\"name\":\"Inicio\",\"item\":\"https:\\\/\\\/redsimbiotic.com\\\/\"},{\"@type\":\"ListItem\",\"position\":2,\"name\":\"Consultor\u00eda CESA \u2013 Centro de Estudios Superiores de Administraci\u00f3n\"}]},{\"@type\":\"WebSite\",\"@id\":\"https:\\\/\\\/redsimbiotic.com\\\/#website\",\"url\":\"https:\\\/\\\/redsimbiotic.com\\\/\",\"name\":\"Red Simbiotic\",\"description\":\"Somos una consultora estrat\u00e9gica que genera rentabilidad a trav\u00e9s de hacer lo ambientalmente correcto.\",\"publisher\":{\"@id\":\"https:\\\/\\\/redsimbiotic.com\\\/#organization\"},\"potentialAction\":[{\"@type\":\"SearchAction\",\"target\":{\"@type\":\"EntryPoint\",\"urlTemplate\":\"https:\\\/\\\/redsimbiotic.com\\\/?s={search_term_string}\"},\"query-input\":{\"@type\":\"PropertyValueSpecification\",\"valueRequired\":true,\"valueName\":\"search_term_string\"}}],\"inLanguage\":\"en-US\"},{\"@type\":\"Organization\",\"@id\":\"https:\\\/\\\/redsimbiotic.com\\\/#organization\",\"name\":\"Simbiotic\",\"url\":\"https:\\\/\\\/redsimbiotic.com\\\/\",\"logo\":{\"@type\":\"ImageObject\",\"inLanguage\":\"en-US\",\"@id\":\"https:\\\/\\\/redsimbiotic.com\\\/#\\\/schema\\\/logo\\\/image\\\/\",\"url\":\"https:\\\/\\\/redsimbiotic.com\\\/wp-content\\\/uploads\\\/2021\\\/11\\\/logo-final-14-e1637467835938.png\",\"contentUrl\":\"https:\\\/\\\/redsimbiotic.com\\\/wp-content\\\/uploads\\\/2021\\\/11\\\/logo-final-14-e1637467835938.png\",\"width\":100,\"height\":110,\"caption\":\"Simbiotic\"},\"image\":{\"@id\":\"https:\\\/\\\/redsimbiotic.com\\\/#\\\/schema\\\/logo\\\/image\\\/\"},\"sameAs\":[\"https:\\\/\\\/www.facebook.com\\\/Redsimbiotic\\\/\",\"https:\\\/\\\/x.com\\\/simbiotic1\",\"https:\\\/\\\/www.instagram.com\\\/simbiotic2018\\\/\",\"https:\\\/\\\/co.linkedin.com\\\/company\\\/simbiotic-s-a-s\",\"https:\\\/\\\/www.youtube.com\\\/c\\\/RedSimbiotic\"],\"actionableFeedbackPolicy\":\"https:\\\/\\\/redsimbiotic.com\\\/politica-de-privacidad\\\/\",\"correctionsPolicy\":\"https:\\\/\\\/redsimbiotic.com\\\/politica-de-privacidad\\\/\"}]}<\/script>\n<!-- \/ Yoast SEO Premium plugin. -->","yoast_head_json":{"title":"Consultor\u00eda CESA \u2013 Centro de Estudios Superiores de Administraci\u00f3n - Simbiotic","robots":{"index":"index","follow":"follow","max-snippet":"max-snippet:-1","max-image-preview":"max-image-preview:large","max-video-preview":"max-video-preview:-1"},"canonical":"https:\/\/redsimbiotic.com\/en\/consultoria-cesa-centro-de-estudios-superiores-de-administracion\/","og_locale":"en_US","og_type":"article","og_title":"Consultor\u00eda CESA \u2013 Centro de Estudios Superiores de Administraci\u00f3n","og_description":"Simbiotic llev\u00f3 a cabo una consultor\u00eda integral en el Centro de Estudios Superiores de Administraci\u00f3n (CESA) con el objetivo de implementar programas de educaci\u00f3n ambiental, sensibilizaci\u00f3n y gesti\u00f3n de residuos. Este proyecto fomenta pr\u00e1cticas sostenibles dentro de la instituci\u00f3n, asegurando una correcta clasificaci\u00f3n de residuos y el manejo responsable de los mismos a trav\u00e9s de [&hellip;]","og_url":"https:\/\/redsimbiotic.com\/en\/consultoria-cesa-centro-de-estudios-superiores-de-administracion\/","og_site_name":"Simbiotic","article_publisher":"https:\/\/www.facebook.com\/Redsimbiotic\/","article_modified_time":"2024-07-05T00:18:25+00:00","og_image":[{"width":2560,"height":1920,"url":"https:\/\/redsimbiotic.com\/wp-content\/uploads\/2022\/05\/IMG_8143-1-scaled.jpg","type":"image\/jpeg"}],"twitter_card":"summary_large_image","twitter_site":"@simbiotic1","twitter_misc":{"Est. reading time":"4 minutes"},"schema":{"@context":"https:\/\/schema.org","@graph":[{"@type":"WebPage","@id":"https:\/\/redsimbiotic.com\/consultoria-cesa-centro-de-estudios-superiores-de-administracion\/","url":"https:\/\/redsimbiotic.com\/consultoria-cesa-centro-de-estudios-superiores-de-administracion\/","name":"Consultor\u00eda CESA \u2013 Centro de Estudios Superiores de Administraci\u00f3n - Simbiotic","isPartOf":{"@id":"https:\/\/redsimbiotic.com\/#website"},"primaryImageOfPage":{"@id":"https:\/\/redsimbiotic.com\/consultoria-cesa-centro-de-estudios-superiores-de-administracion\/#primaryimage"},"image":{"@id":"https:\/\/redsimbiotic.com\/consultoria-cesa-centro-de-estudios-superiores-de-administracion\/#primaryimage"},"thumbnailUrl":"https:\/\/redsimbiotic.com\/wp-content\/uploads\/2022\/05\/IMG_8143-1-scaled.jpg","datePublished":"2024-01-09T04:16:02+00:00","dateModified":"2024-07-05T00:18:25+00:00","breadcrumb":{"@id":"https:\/\/redsimbiotic.com\/consultoria-cesa-centro-de-estudios-superiores-de-administracion\/#breadcrumb"},"inLanguage":"en-US","potentialAction":[{"@type":"ReadAction","target":["https:\/\/redsimbiotic.com\/consultoria-cesa-centro-de-estudios-superiores-de-administracion\/"]}]},{"@type":"ImageObject","inLanguage":"en-US","@id":"https:\/\/redsimbiotic.com\/consultoria-cesa-centro-de-estudios-superiores-de-administracion\/#primaryimage","url":"https:\/\/redsimbiotic.com\/wp-content\/uploads\/2022\/05\/IMG_8143-1-scaled.jpg","contentUrl":"https:\/\/redsimbiotic.com\/wp-content\/uploads\/2022\/05\/IMG_8143-1-scaled.jpg","width":1920,"height":1440,"caption":"Campa\u00f1a de sensibilizaci\u00f3n para fortalecer manejo integral de residuos 3"},{"@type":"BreadcrumbList","@id":"https:\/\/redsimbiotic.com\/consultoria-cesa-centro-de-estudios-superiores-de-administracion\/#breadcrumb","itemListElement":[{"@type":"ListItem","position":1,"name":"Inicio","item":"https:\/\/redsimbiotic.com\/"},{"@type":"ListItem","position":2,"name":"Consultor\u00eda CESA \u2013 Centro de Estudios Superiores de Administraci\u00f3n"}]},{"@type":"WebSite","@id":"https:\/\/redsimbiotic.com\/#website","url":"https:\/\/redsimbiotic.com\/","name":"Red Simbiotic","description":"We are a strategic consulting firm that generates profitability through doing the environmentally correct thing.","publisher":{"@id":"https:\/\/redsimbiotic.com\/#organization"},"potentialAction":[{"@type":"SearchAction","target":{"@type":"EntryPoint","urlTemplate":"https:\/\/redsimbiotic.com\/?s={search_term_string}"},"query-input":{"@type":"PropertyValueSpecification","valueRequired":true,"valueName":"search_term_string"}}],"inLanguage":"en-US"},{"@type":"Organization","@id":"https:\/\/redsimbiotic.com\/#organization","name":"Simbiotic","url":"https:\/\/redsimbiotic.com\/","logo":{"@type":"ImageObject","inLanguage":"en-US","@id":"https:\/\/redsimbiotic.com\/#\/schema\/logo\/image\/","url":"https:\/\/redsimbiotic.com\/wp-content\/uploads\/2021\/11\/logo-final-14-e1637467835938.png","contentUrl":"https:\/\/redsimbiotic.com\/wp-content\/uploads\/2021\/11\/logo-final-14-e1637467835938.png","width":100,"height":110,"caption":"Simbiotic"},"image":{"@id":"https:\/\/redsimbiotic.com\/#\/schema\/logo\/image\/"},"sameAs":["https:\/\/www.facebook.com\/Redsimbiotic\/","https:\/\/x.com\/simbiotic1","https:\/\/www.instagram.com\/simbiotic2018\/","https:\/\/co.linkedin.com\/company\/simbiotic-s-a-s","https:\/\/www.youtube.com\/c\/RedSimbiotic"],"actionableFeedbackPolicy":"https:\/\/redsimbiotic.com\/politica-de-privacidad\/","correctionsPolicy":"https:\/\/redsimbiotic.com\/politica-de-privacidad\/"}]}},"uagb_featured_image_src":{"full":["https:\/\/redsimbiotic.com\/wp-content\/uploads\/2022\/05\/IMG_8143-1-scaled.jpg",1920,1440,false],"thumbnail":["https:\/\/redsimbiotic.com\/wp-content\/uploads\/2022\/05\/IMG_8143-1-150x150.jpg",150,150,true],"medium":["https:\/\/redsimbiotic.com\/wp-content\/uploads\/2022\/05\/IMG_8143-1-300x225.jpg",300,225,true],"medium_large":["https:\/\/redsimbiotic.com\/wp-content\/uploads\/2022\/05\/IMG_8143-1-768x576.jpg",768,576,true],"large":["https:\/\/redsimbiotic.com\/wp-content\/uploads\/2022\/05\/IMG_8143-1-1024x768.jpg",800,600,true],"1536x1536":["https:\/\/redsimbiotic.com\/wp-content\/uploads\/2022\/05\/IMG_8143-1-1536x1152.jpg",1536,1152,true],"2048x2048":["https:\/\/redsimbiotic.com\/wp-content\/uploads\/2022\/05\/IMG_8143-1-2048x1536.jpg",2048,1536,true],"trp-custom-language-flag":["https:\/\/redsimbiotic.com\/wp-content\/uploads\/2022\/05\/IMG_8143-1-scaled.jpg",16,12,false],"gform-image-choice-sm":["https:\/\/redsimbiotic.com\/wp-content\/uploads\/2022\/05\/IMG_8143-1-scaled.jpg",300,225,false],"gform-image-choice-md":["https:\/\/redsimbiotic.com\/wp-content\/uploads\/2022\/05\/IMG_8143-1-scaled.jpg",400,300,false],"gform-image-choice-lg":["https:\/\/redsimbiotic.com\/wp-content\/uploads\/2022\/05\/IMG_8143-1-scaled.jpg",600,450,false]},"uagb_author_info":{"display_name":"caso estudio","author_link":"https:\/\/redsimbiotic.com\/en\/author\/casos\/"},"uagb_comment_info":0,"uagb_excerpt":"Simbiotic llev\u00f3 a cabo una consultor\u00eda integral en el Centro de Estudios Superiores de Administraci\u00f3n (CESA) con el objetivo de implementar programas de educaci\u00f3n ambiental, sensibilizaci\u00f3n y gesti\u00f3n de residuos. Este proyecto fomenta pr\u00e1cticas sostenibles dentro de la instituci\u00f3n, asegurando una correcta clasificaci\u00f3n de residuos y el manejo responsable de los mismos a trav\u00e9s de&hellip;","_links":{"self":[{"href":"https:\/\/redsimbiotic.com\/en\/wp-json\/wp\/v2\/pages\/6686","targetHints":{"allow":["GET"]}}],"collection":[{"href":"https:\/\/redsimbiotic.com\/en\/wp-json\/wp\/v2\/pages"}],"about":[{"href":"https:\/\/redsimbiotic.com\/en\/wp-json\/wp\/v2\/types\/page"}],"author":[{"embeddable":true,"href":"https:\/\/redsimbiotic.com\/en\/wp-json\/wp\/v2\/users\/4"}],"replies":[{"embeddable":true,"href":"https:\/\/redsimbiotic.com\/en\/wp-json\/wp\/v2\/comments?post=6686"}],"version-history":[{"count":4,"href":"https:\/\/redsimbiotic.com\/en\/wp-json\/wp\/v2\/pages\/6686\/revisions"}],"predecessor-version":[{"id":7005,"href":"https:\/\/redsimbiotic.com\/en\/wp-json\/wp\/v2\/pages\/6686\/revisions\/7005"}],"wp:featuredmedia":[{"embeddable":true,"href":"https:\/\/redsimbiotic.com\/en\/wp-json\/wp\/v2\/media\/3871"}],"wp:attachment":[{"href":"https:\/\/redsimbiotic.com\/en\/wp-json\/wp\/v2\/media?parent=6686"}],"wp:term":[{"taxonomy":"category","embeddable":true,"href":"https:\/\/redsimbiotic.com\/en\/wp-json\/wp\/v2\/categories?post=6686"},{"taxonomy":"post_tag","embeddable":true,"href":"https:\/\/redsimbiotic.com\/en\/wp-json\/wp\/v2\/tags?post=6686"},{"taxonomy":"folder","embeddable":true,"href":"https:\/\/redsimbiotic.com\/en\/wp-json\/wp\/v2\/folder?post=6686"}],"curies":[{"name":"wp","href":"https:\/\/api.w.org\/{rel}","templated":true}]}}