{"id":6618,"date":"2024-02-08T21:48:55","date_gmt":"2024-02-09T02:48:55","guid":{"rendered":"https:\/\/redsimbiotic.com\/?page_id=6618"},"modified":"2024-07-04T19:19:00","modified_gmt":"2024-07-05T00:19:00","slug":"caso-economia-circular-en-centro-internacional-bogota-asonsadiego","status":"publish","type":"page","link":"https:\/\/redsimbiotic.com\/en\/caso-economia-circular-en-centro-internacional-bogota-asonsadiego\/","title":{"rendered":"Collaborative Waste Management at the Bogota International Center  - Asosandiego"},"content":{"rendered":"<div class=\"wp-block-columns is-layout-flex wp-container-core-columns-is-layout-28f84493 wp-block-columns-is-layout-flex\">\n<div class=\"wp-block-column is-layout-flow wp-block-column-is-layout-flow\" style=\"flex-basis:40%\">\n<p class=\"has-medium-font-size\">The ASOSANDIEGO project began in 2014 as a response to the urgent need to properly manage waste in an area of \u200b\u200bhigh population density and continuous waste collection in the international center of Bogot\u00e1, after a health crisis. Simbiotic designed a collaborative and economy of scale strategy, with the aim of leveraging companies and organizations with consolidated environmental policies and management to direct this experience to actors with less management capacity. The project created special waste collection networks on a continuous basis, adding value to all stakeholders, including associations, companies, universities, condominiums, waste management providers and the community in general.<\/p>\n<\/div>\n\n\n\n<div class=\"wp-block-column is-layout-flow wp-block-column-is-layout-flow\" style=\"flex-basis:66.66%\">\n<figure class=\"wp-block-embed is-type-video is-provider-youtube wp-block-embed-youtube wp-embed-aspect-16-9 wp-has-aspect-ratio\"><div class=\"wp-block-embed__wrapper\">\n<iframe title=\"Redes Colaborativas en residuos y Econom\u00eda Circular | Simbiotic\" width=\"800\" height=\"450\" src=\"https:\/\/www.youtube.com\/embed\/8UPUxOh951k?feature=oembed\" frameborder=\"0\" allow=\"accelerometer; autoplay; clipboard-write; encrypted-media; gyroscope; picture-in-picture; web-share\" referrerpolicy=\"strict-origin-when-cross-origin\" allowfullscreen><\/iframe>\n<\/div><\/figure>\n\n\n\n<figure class=\"wp-block-image size-full is-resized\"><img fetchpriority=\"high\" decoding=\"async\" width=\"829\" height=\"622\" src=\"https:\/\/redsimbiotic.com\/wp-content\/uploads\/2022\/05\/12043051_1057857137610384_4057038209839915558_n.jpg\" alt=\"\" class=\"wp-image-3765\" style=\"width:518px;height:auto\" srcset=\"https:\/\/redsimbiotic.com\/wp-content\/uploads\/2022\/05\/12043051_1057857137610384_4057038209839915558_n.jpg 829w, https:\/\/redsimbiotic.com\/wp-content\/uploads\/2022\/05\/12043051_1057857137610384_4057038209839915558_n-300x225.jpg 300w, https:\/\/redsimbiotic.com\/wp-content\/uploads\/2022\/05\/12043051_1057857137610384_4057038209839915558_n-768x576.jpg 768w\" sizes=\"(max-width: 829px) 100vw, 829px\" \/><\/figure>\n<\/div>\n<\/div>\n\n\n\n<div class=\"wp-block-uagb-advanced-heading uagb-block-9951dfe3\"><h3 class=\"uagb-heading-text\"><strong>Methodology<\/strong><\/h3><\/div>\n\n\n\n<ol class=\"wp-block-list\">\n<li class=\"has-medium-font-size\"><strong>Environmental Diagnosis and Articulation:<\/strong>\n<ul class=\"wp-block-list\">\n<li>An environmental diagnosis was carried out and the participation of 20 companies from the Bogot\u00e1 International Center sector was articulated.<\/li>\n\n\n\n<li>Led the creation and implementation of a collaborative and sectoral project to optimize the management of waste and industrial surpluses.<\/li>\n<\/ul>\n<\/li>\n<\/ol>\n\n\n\n<div style=\"height:30px\" aria-hidden=\"true\" class=\"wp-block-spacer\"><\/div>\n\n\n\n<ol class=\"wp-block-list\" start=\"2\">\n<li class=\"has-medium-font-size\"><strong>Collection Networks<\/strong>:\n<ul class=\"wp-block-list\">\n<li>Scale collection networks were generated for different types of waste, including WEEE (Waste Electrical and Electronic Equipment), reusable and organic.<\/li>\n\n\n\n<li>Spaces and activities were managed and promoted for the dissemination of environmental practices and standards among participating companies.<\/li>\n<\/ul>\n<\/li>\n<\/ol>\n\n\n\n<div style=\"height:30px\" aria-hidden=\"true\" class=\"wp-block-spacer\"><\/div>\n\n\n\n<ol class=\"wp-block-list\" start=\"3\">\n<li class=\"has-medium-font-size\"><strong>Articulation and Information Management:<\/strong>\n<ul class=\"wp-block-list\">\n<li>Information and negotiation were articulated and managed between the different actors involved in the project, such as participating companies, leading associations and suppliers.<\/li>\n\n\n\n<li>The inclusion and expansion of the project to more than 150 companies in the sector was facilitated, with the possibility of replicating the system in other sectors of the city or in other cities.<\/li>\n<\/ul>\n<\/li>\n<\/ol>\n\n\n\n<div style=\"height:30px\" aria-hidden=\"true\" class=\"wp-block-spacer\"><\/div>\n\n\n\n<div style=\"height:30px\" aria-hidden=\"true\" class=\"wp-block-spacer\"><\/div>\n\n\n\n<div class=\"wp-block-group alignwide is-layout-constrained wp-block-group-is-layout-constrained\">\n<div class=\"wp-block-columns is-layout-flex wp-container-core-columns-is-layout-28f84493 wp-block-columns-is-layout-flex\">\n<div class=\"wp-block-column is-layout-flow wp-block-column-is-layout-flow\" style=\"flex-basis:60%\">\n<figure class=\"wp-block-image size-full is-resized\"><img decoding=\"async\" width=\"719\" height=\"1002\" src=\"https:\/\/redsimbiotic.com\/wp-content\/uploads\/2022\/05\/IMG-20141020-WA0014.jpg\" alt=\"\" class=\"wp-image-3771\" style=\"width:659px;height:auto\" srcset=\"https:\/\/redsimbiotic.com\/wp-content\/uploads\/2022\/05\/IMG-20141020-WA0014.jpg 719w, https:\/\/redsimbiotic.com\/wp-content\/uploads\/2022\/05\/IMG-20141020-WA0014-215x300.jpg 215w\" sizes=\"(max-width: 719px) 100vw, 719px\" \/><\/figure>\n<\/div>\n\n\n\n<div class=\"wp-block-column is-layout-flow wp-block-column-is-layout-flow\" style=\"flex-basis:33.33%\">\n<div class=\"wp-block-uagb-advanced-heading uagb-block-cfe88c98\"><h3 class=\"uagb-heading-text\"><strong>Impact and Results<\/strong><\/h3><\/div>\n\n\n\n<ul class=\"wp-block-list\">\n<li class=\"has-medium-font-size\"><strong>Environmental impact:<\/strong> More than 40 tons of waste have been used and\/or disposed of properly since the beginning of the project.<\/li>\n\n\n\n<li class=\"has-medium-font-size\"><strong>Collaboration Networks:<\/strong> Waste collection networks have been created and strengthened, benefiting a wide range of stakeholders.<\/li>\n\n\n\n<li class=\"has-medium-font-size\"><strong>Outreach and Education:<\/strong> Environmental practices and standards have been widely disseminated among participating companies, promoting a culture of sustainability.<\/li>\n<\/ul>\n<\/div>\n<\/div>\n<\/div>\n\n\n\n<div class=\"wp-block-uagb-advanced-heading uagb-block-f739cc7a\"><h3 class=\"uagb-heading-text\"><strong><strong>Conclusion<\/strong><\/strong><\/h3><\/div>\n\n\n\n<p class=\"has-medium-font-size\">The ASOSANDIEGO project has proven to be an effective and collaborative solution for waste management in areas of high population density and continuous waste collection. The strategy designed by Simbiotic has allowed the creation of collection networks at scale, the optimization of waste management and the promotion of sustainable environmental practices. This model has not only benefited the International Center of Bogot\u00e1, but also has the potential to be replicated in other sectors and cities, contributing significantly to urban sustainability.<\/p>\n\n\n\n<p>\ud83d\udc47\ud83c\udffcTo learn more about our indicators and achievements, review the ASOSANDIEGO metrics.\ud83d\udc47\ud83c\udffc<\/p>\n\n\n\n<iframe  scrolling=\"no\" width=\"700\" height=\"2100\" src=\"https:\/\/lookerstudio.google.com\/embed\/reporting\/7a899919-73f9-40af-8aa6-6128c888af4b\/page\/9DP6\" frameborder=\"0\" style=\"border:0\" allowfullscreen=\"allowfullscreen\"><\/iframe>","protected":false},"excerpt":{"rendered":"<p>El proyecto ASOSANDIEGO se inici\u00f3 en 2014 como una respuesta a la necesidad urgente de gestionar adecuadamente los residuos en una zona de alta densidad poblacional y de recolecci\u00f3n continua de residuos en el centro internacional de Bogot\u00e1, tras una crisis sanitaria. Simbiotic dise\u00f1\u00f3 una estrategia colaborativa y de econom\u00eda de escala, con el objetivo [&hellip;]<\/p>\n","protected":false},"author":4,"featured_media":3763,"parent":0,"menu_order":0,"comment_status":"closed","ping_status":"closed","template":"","meta":{"_uag_custom_page_level_css":"","footnotes":""},"categories":[72,69],"tags":[],"folder":[66],"class_list":["post-6618","page","type-page","status-publish","has-post-thumbnail","hentry","category-circularidad","category-consultoria"],"yoast_head":"<!-- This site is optimized with the Yoast SEO Premium plugin v27.0 (Yoast SEO v27.3) - https:\/\/yoast.com\/product\/yoast-seo-premium-wordpress\/ -->\n<title>Gesti\u00f3n Colaborativa de Residuos en el Centro Internacional de Bogot\u00e1 - Asosandiego - Simbiotic<\/title>\n<meta name=\"robots\" content=\"index, follow, max-snippet:-1, max-image-preview:large, max-video-preview:-1\" \/>\n<link rel=\"canonical\" href=\"https:\/\/redsimbiotic.com\/en\/caso-economia-circular-en-centro-internacional-bogota-asonsadiego\/\" \/>\n<meta property=\"og:locale\" content=\"en_US\" \/>\n<meta property=\"og:type\" content=\"article\" \/>\n<meta property=\"og:title\" content=\"Gesti\u00f3n Colaborativa de Residuos en el Centro Internacional de Bogot\u00e1 - Asosandiego\" \/>\n<meta property=\"og:description\" content=\"El proyecto ASOSANDIEGO se inici\u00f3 en 2014 como una respuesta a la necesidad urgente de gestionar adecuadamente los residuos en una zona de alta densidad poblacional y de recolecci\u00f3n continua de residuos en el centro internacional de Bogot\u00e1, tras una crisis sanitaria. Simbiotic dise\u00f1\u00f3 una estrategia colaborativa y de econom\u00eda de escala, con el objetivo [&hellip;]\" \/>\n<meta property=\"og:url\" content=\"https:\/\/redsimbiotic.com\/en\/caso-economia-circular-en-centro-internacional-bogota-asonsadiego\/\" \/>\n<meta property=\"og:site_name\" content=\"Simbiotic\" \/>\n<meta property=\"article:publisher\" content=\"https:\/\/www.facebook.com\/Redsimbiotic\/\" \/>\n<meta property=\"article:modified_time\" content=\"2024-07-05T00:19:00+00:00\" \/>\n<meta property=\"og:image\" content=\"https:\/\/redsimbiotic.com\/wp-content\/uploads\/2022\/05\/asosandiego-1024x745.png\" \/>\n\t<meta property=\"og:image:width\" content=\"1024\" \/>\n\t<meta property=\"og:image:height\" content=\"745\" \/>\n\t<meta property=\"og:image:type\" content=\"image\/png\" \/>\n<meta name=\"twitter:card\" content=\"summary_large_image\" \/>\n<meta name=\"twitter:site\" content=\"@simbiotic1\" \/>\n<meta name=\"twitter:label1\" content=\"Est. reading time\" \/>\n\t<meta name=\"twitter:data1\" content=\"3 minutes\" \/>\n<script type=\"application\/ld+json\" class=\"yoast-schema-graph\">{\"@context\":\"https:\\\/\\\/schema.org\",\"@graph\":[{\"@type\":\"WebPage\",\"@id\":\"https:\\\/\\\/redsimbiotic.com\\\/caso-economia-circular-en-centro-internacional-bogota-asonsadiego\\\/\",\"url\":\"https:\\\/\\\/redsimbiotic.com\\\/caso-economia-circular-en-centro-internacional-bogota-asonsadiego\\\/\",\"name\":\"Gesti\u00f3n Colaborativa de Residuos en el Centro Internacional de Bogot\u00e1 - Asosandiego - Simbiotic\",\"isPartOf\":{\"@id\":\"https:\\\/\\\/redsimbiotic.com\\\/#website\"},\"primaryImageOfPage\":{\"@id\":\"https:\\\/\\\/redsimbiotic.com\\\/caso-economia-circular-en-centro-internacional-bogota-asonsadiego\\\/#primaryimage\"},\"image\":{\"@id\":\"https:\\\/\\\/redsimbiotic.com\\\/caso-economia-circular-en-centro-internacional-bogota-asonsadiego\\\/#primaryimage\"},\"thumbnailUrl\":\"https:\\\/\\\/redsimbiotic.com\\\/wp-content\\\/uploads\\\/2022\\\/05\\\/asosandiego.png\",\"datePublished\":\"2024-02-09T02:48:55+00:00\",\"dateModified\":\"2024-07-05T00:19:00+00:00\",\"breadcrumb\":{\"@id\":\"https:\\\/\\\/redsimbiotic.com\\\/caso-economia-circular-en-centro-internacional-bogota-asonsadiego\\\/#breadcrumb\"},\"inLanguage\":\"en-US\",\"potentialAction\":[{\"@type\":\"ReadAction\",\"target\":[\"https:\\\/\\\/redsimbiotic.com\\\/caso-economia-circular-en-centro-internacional-bogota-asonsadiego\\\/\"]}]},{\"@type\":\"ImageObject\",\"inLanguage\":\"en-US\",\"@id\":\"https:\\\/\\\/redsimbiotic.com\\\/caso-economia-circular-en-centro-internacional-bogota-asonsadiego\\\/#primaryimage\",\"url\":\"https:\\\/\\\/redsimbiotic.com\\\/wp-content\\\/uploads\\\/2022\\\/05\\\/asosandiego.png\",\"contentUrl\":\"https:\\\/\\\/redsimbiotic.com\\\/wp-content\\\/uploads\\\/2022\\\/05\\\/asosandiego.png\",\"width\":1920,\"height\":1397},{\"@type\":\"BreadcrumbList\",\"@id\":\"https:\\\/\\\/redsimbiotic.com\\\/caso-economia-circular-en-centro-internacional-bogota-asonsadiego\\\/#breadcrumb\",\"itemListElement\":[{\"@type\":\"ListItem\",\"position\":1,\"name\":\"Inicio\",\"item\":\"https:\\\/\\\/redsimbiotic.com\\\/\"},{\"@type\":\"ListItem\",\"position\":2,\"name\":\"Gesti\u00f3n Colaborativa de Residuos en el Centro Internacional de Bogot\u00e1 &#8211; Asosandiego\"}]},{\"@type\":\"WebSite\",\"@id\":\"https:\\\/\\\/redsimbiotic.com\\\/#website\",\"url\":\"https:\\\/\\\/redsimbiotic.com\\\/\",\"name\":\"Red Simbiotic\",\"description\":\"Somos una consultora estrat\u00e9gica que genera rentabilidad a trav\u00e9s de hacer lo ambientalmente correcto.\",\"publisher\":{\"@id\":\"https:\\\/\\\/redsimbiotic.com\\\/#organization\"},\"potentialAction\":[{\"@type\":\"SearchAction\",\"target\":{\"@type\":\"EntryPoint\",\"urlTemplate\":\"https:\\\/\\\/redsimbiotic.com\\\/?s={search_term_string}\"},\"query-input\":{\"@type\":\"PropertyValueSpecification\",\"valueRequired\":true,\"valueName\":\"search_term_string\"}}],\"inLanguage\":\"en-US\"},{\"@type\":\"Organization\",\"@id\":\"https:\\\/\\\/redsimbiotic.com\\\/#organization\",\"name\":\"Simbiotic\",\"url\":\"https:\\\/\\\/redsimbiotic.com\\\/\",\"logo\":{\"@type\":\"ImageObject\",\"inLanguage\":\"en-US\",\"@id\":\"https:\\\/\\\/redsimbiotic.com\\\/#\\\/schema\\\/logo\\\/image\\\/\",\"url\":\"https:\\\/\\\/redsimbiotic.com\\\/wp-content\\\/uploads\\\/2021\\\/11\\\/logo-final-14-e1637467835938.png\",\"contentUrl\":\"https:\\\/\\\/redsimbiotic.com\\\/wp-content\\\/uploads\\\/2021\\\/11\\\/logo-final-14-e1637467835938.png\",\"width\":100,\"height\":110,\"caption\":\"Simbiotic\"},\"image\":{\"@id\":\"https:\\\/\\\/redsimbiotic.com\\\/#\\\/schema\\\/logo\\\/image\\\/\"},\"sameAs\":[\"https:\\\/\\\/www.facebook.com\\\/Redsimbiotic\\\/\",\"https:\\\/\\\/x.com\\\/simbiotic1\",\"https:\\\/\\\/www.instagram.com\\\/simbiotic2018\\\/\",\"https:\\\/\\\/co.linkedin.com\\\/company\\\/simbiotic-s-a-s\",\"https:\\\/\\\/www.youtube.com\\\/c\\\/RedSimbiotic\"],\"actionableFeedbackPolicy\":\"https:\\\/\\\/redsimbiotic.com\\\/politica-de-privacidad\\\/\",\"correctionsPolicy\":\"https:\\\/\\\/redsimbiotic.com\\\/politica-de-privacidad\\\/\"}]}<\/script>\n<!-- \/ Yoast SEO Premium plugin. -->","yoast_head_json":{"title":"Gesti\u00f3n Colaborativa de Residuos en el Centro Internacional de Bogot\u00e1 - Asosandiego - Simbiotic","robots":{"index":"index","follow":"follow","max-snippet":"max-snippet:-1","max-image-preview":"max-image-preview:large","max-video-preview":"max-video-preview:-1"},"canonical":"https:\/\/redsimbiotic.com\/en\/caso-economia-circular-en-centro-internacional-bogota-asonsadiego\/","og_locale":"en_US","og_type":"article","og_title":"Gesti\u00f3n Colaborativa de Residuos en el Centro Internacional de Bogot\u00e1 - Asosandiego","og_description":"El proyecto ASOSANDIEGO se inici\u00f3 en 2014 como una respuesta a la necesidad urgente de gestionar adecuadamente los residuos en una zona de alta densidad poblacional y de recolecci\u00f3n continua de residuos en el centro internacional de Bogot\u00e1, tras una crisis sanitaria. Simbiotic dise\u00f1\u00f3 una estrategia colaborativa y de econom\u00eda de escala, con el objetivo [&hellip;]","og_url":"https:\/\/redsimbiotic.com\/en\/caso-economia-circular-en-centro-internacional-bogota-asonsadiego\/","og_site_name":"Simbiotic","article_publisher":"https:\/\/www.facebook.com\/Redsimbiotic\/","article_modified_time":"2024-07-05T00:19:00+00:00","og_image":[{"width":1024,"height":745,"url":"https:\/\/redsimbiotic.com\/wp-content\/uploads\/2022\/05\/asosandiego-1024x745.png","type":"image\/png"}],"twitter_card":"summary_large_image","twitter_site":"@simbiotic1","twitter_misc":{"Est. reading time":"3 minutes"},"schema":{"@context":"https:\/\/schema.org","@graph":[{"@type":"WebPage","@id":"https:\/\/redsimbiotic.com\/caso-economia-circular-en-centro-internacional-bogota-asonsadiego\/","url":"https:\/\/redsimbiotic.com\/caso-economia-circular-en-centro-internacional-bogota-asonsadiego\/","name":"Gesti\u00f3n Colaborativa de Residuos en el Centro Internacional de Bogot\u00e1 - Asosandiego - Simbiotic","isPartOf":{"@id":"https:\/\/redsimbiotic.com\/#website"},"primaryImageOfPage":{"@id":"https:\/\/redsimbiotic.com\/caso-economia-circular-en-centro-internacional-bogota-asonsadiego\/#primaryimage"},"image":{"@id":"https:\/\/redsimbiotic.com\/caso-economia-circular-en-centro-internacional-bogota-asonsadiego\/#primaryimage"},"thumbnailUrl":"https:\/\/redsimbiotic.com\/wp-content\/uploads\/2022\/05\/asosandiego.png","datePublished":"2024-02-09T02:48:55+00:00","dateModified":"2024-07-05T00:19:00+00:00","breadcrumb":{"@id":"https:\/\/redsimbiotic.com\/caso-economia-circular-en-centro-internacional-bogota-asonsadiego\/#breadcrumb"},"inLanguage":"en-US","potentialAction":[{"@type":"ReadAction","target":["https:\/\/redsimbiotic.com\/caso-economia-circular-en-centro-internacional-bogota-asonsadiego\/"]}]},{"@type":"ImageObject","inLanguage":"en-US","@id":"https:\/\/redsimbiotic.com\/caso-economia-circular-en-centro-internacional-bogota-asonsadiego\/#primaryimage","url":"https:\/\/redsimbiotic.com\/wp-content\/uploads\/2022\/05\/asosandiego.png","contentUrl":"https:\/\/redsimbiotic.com\/wp-content\/uploads\/2022\/05\/asosandiego.png","width":1920,"height":1397},{"@type":"BreadcrumbList","@id":"https:\/\/redsimbiotic.com\/caso-economia-circular-en-centro-internacional-bogota-asonsadiego\/#breadcrumb","itemListElement":[{"@type":"ListItem","position":1,"name":"Inicio","item":"https:\/\/redsimbiotic.com\/"},{"@type":"ListItem","position":2,"name":"Gesti\u00f3n Colaborativa de Residuos en el Centro Internacional de Bogot\u00e1 &#8211; Asosandiego"}]},{"@type":"WebSite","@id":"https:\/\/redsimbiotic.com\/#website","url":"https:\/\/redsimbiotic.com\/","name":"Red Simbiotic","description":"We are a strategic consulting firm that generates profitability through doing the environmentally correct thing.","publisher":{"@id":"https:\/\/redsimbiotic.com\/#organization"},"potentialAction":[{"@type":"SearchAction","target":{"@type":"EntryPoint","urlTemplate":"https:\/\/redsimbiotic.com\/?s={search_term_string}"},"query-input":{"@type":"PropertyValueSpecification","valueRequired":true,"valueName":"search_term_string"}}],"inLanguage":"en-US"},{"@type":"Organization","@id":"https:\/\/redsimbiotic.com\/#organization","name":"Simbiotic","url":"https:\/\/redsimbiotic.com\/","logo":{"@type":"ImageObject","inLanguage":"en-US","@id":"https:\/\/redsimbiotic.com\/#\/schema\/logo\/image\/","url":"https:\/\/redsimbiotic.com\/wp-content\/uploads\/2021\/11\/logo-final-14-e1637467835938.png","contentUrl":"https:\/\/redsimbiotic.com\/wp-content\/uploads\/2021\/11\/logo-final-14-e1637467835938.png","width":100,"height":110,"caption":"Simbiotic"},"image":{"@id":"https:\/\/redsimbiotic.com\/#\/schema\/logo\/image\/"},"sameAs":["https:\/\/www.facebook.com\/Redsimbiotic\/","https:\/\/x.com\/simbiotic1","https:\/\/www.instagram.com\/simbiotic2018\/","https:\/\/co.linkedin.com\/company\/simbiotic-s-a-s","https:\/\/www.youtube.com\/c\/RedSimbiotic"],"actionableFeedbackPolicy":"https:\/\/redsimbiotic.com\/politica-de-privacidad\/","correctionsPolicy":"https:\/\/redsimbiotic.com\/politica-de-privacidad\/"}]}},"uagb_featured_image_src":{"full":["https:\/\/redsimbiotic.com\/wp-content\/uploads\/2022\/05\/asosandiego.png",1920,1397,false],"thumbnail":["https:\/\/redsimbiotic.com\/wp-content\/uploads\/2022\/05\/asosandiego-150x150.png",150,150,true],"medium":["https:\/\/redsimbiotic.com\/wp-content\/uploads\/2022\/05\/asosandiego-300x218.png",300,218,true],"medium_large":["https:\/\/redsimbiotic.com\/wp-content\/uploads\/2022\/05\/asosandiego-768x559.png",768,559,true],"large":["https:\/\/redsimbiotic.com\/wp-content\/uploads\/2022\/05\/asosandiego-1024x745.png",800,582,true],"1536x1536":["https:\/\/redsimbiotic.com\/wp-content\/uploads\/2022\/05\/asosandiego-1536x1117.png",1536,1117,true],"2048x2048":["https:\/\/redsimbiotic.com\/wp-content\/uploads\/2022\/05\/asosandiego-2048x1490.png",2048,1490,true],"trp-custom-language-flag":["https:\/\/redsimbiotic.com\/wp-content\/uploads\/2022\/05\/asosandiego.png",16,12,false],"gform-image-choice-sm":["https:\/\/redsimbiotic.com\/wp-content\/uploads\/2022\/05\/asosandiego.png",300,218,false],"gform-image-choice-md":["https:\/\/redsimbiotic.com\/wp-content\/uploads\/2022\/05\/asosandiego.png",400,291,false],"gform-image-choice-lg":["https:\/\/redsimbiotic.com\/wp-content\/uploads\/2022\/05\/asosandiego.png",600,437,false]},"uagb_author_info":{"display_name":"caso estudio","author_link":"https:\/\/redsimbiotic.com\/en\/author\/casos\/"},"uagb_comment_info":0,"uagb_excerpt":"El proyecto ASOSANDIEGO se inici\u00f3 en 2014 como una respuesta a la necesidad urgente de gestionar adecuadamente los residuos en una zona de alta densidad poblacional y de recolecci\u00f3n continua de residuos en el centro internacional de Bogot\u00e1, tras una crisis sanitaria. Simbiotic dise\u00f1\u00f3 una estrategia colaborativa y de econom\u00eda de escala, con el objetivo&hellip;","_links":{"self":[{"href":"https:\/\/redsimbiotic.com\/en\/wp-json\/wp\/v2\/pages\/6618","targetHints":{"allow":["GET"]}}],"collection":[{"href":"https:\/\/redsimbiotic.com\/en\/wp-json\/wp\/v2\/pages"}],"about":[{"href":"https:\/\/redsimbiotic.com\/en\/wp-json\/wp\/v2\/types\/page"}],"author":[{"embeddable":true,"href":"https:\/\/redsimbiotic.com\/en\/wp-json\/wp\/v2\/users\/4"}],"replies":[{"embeddable":true,"href":"https:\/\/redsimbiotic.com\/en\/wp-json\/wp\/v2\/comments?post=6618"}],"version-history":[{"count":35,"href":"https:\/\/redsimbiotic.com\/en\/wp-json\/wp\/v2\/pages\/6618\/revisions"}],"predecessor-version":[{"id":7008,"href":"https:\/\/redsimbiotic.com\/en\/wp-json\/wp\/v2\/pages\/6618\/revisions\/7008"}],"wp:featuredmedia":[{"embeddable":true,"href":"https:\/\/redsimbiotic.com\/en\/wp-json\/wp\/v2\/media\/3763"}],"wp:attachment":[{"href":"https:\/\/redsimbiotic.com\/en\/wp-json\/wp\/v2\/media?parent=6618"}],"wp:term":[{"taxonomy":"category","embeddable":true,"href":"https:\/\/redsimbiotic.com\/en\/wp-json\/wp\/v2\/categories?post=6618"},{"taxonomy":"post_tag","embeddable":true,"href":"https:\/\/redsimbiotic.com\/en\/wp-json\/wp\/v2\/tags?post=6618"},{"taxonomy":"folder","embeddable":true,"href":"https:\/\/redsimbiotic.com\/en\/wp-json\/wp\/v2\/folder?post=6618"}],"curies":[{"name":"wp","href":"https:\/\/api.w.org\/{rel}","templated":true}]}}