{"id":6607,"date":"2024-06-08T17:28:34","date_gmt":"2024-06-08T22:28:34","guid":{"rendered":"https:\/\/redsimbiotic.com\/?page_id=6607"},"modified":"2024-07-04T19:18:37","modified_gmt":"2024-07-05T00:18:37","slug":"caso-de-exito-camara-de-comercio-de-cucuta-consultoria-en-sostenibilidad","status":"publish","type":"page","link":"https:\/\/redsimbiotic.com\/en\/caso-de-exito-camara-de-comercio-de-cucuta-consultoria-en-sostenibilidad\/","title":{"rendered":"Sustainable Fashion Consulting for C\u00facuta Chamber of Commerce"},"content":{"rendered":"<div class=\"wp-block-columns is-layout-flex wp-container-core-columns-is-layout-28f84493 wp-block-columns-is-layout-flex\">\n<div class=\"wp-block-column is-layout-flow wp-block-column-is-layout-flow\" style=\"flex-basis:40%\">\n<p class=\"has-medium-font-size\">In collaboration with the C\u00facuta Chamber of Commerce, Simbiotic implemented a sustainability program for entrepreneurs in the Moda Norte cluster. The objective of the program was to identify and foster leadership in sustainability within the sector, consolidating strategic concepts and processes to obtain measurable and lasting results.<\/p>\n<\/div>\n\n\n\n<div class=\"wp-block-column is-layout-flow wp-block-column-is-layout-flow\" style=\"flex-basis:66.66%\">\n<figure class=\"wp-block-image size-large is-resized\"><img fetchpriority=\"high\" decoding=\"async\" width=\"1024\" height=\"576\" src=\"https:\/\/redsimbiotic.com\/wp-content\/uploads\/2024\/03\/WhatsApp-Image-2024-02-26-at-10.34.08-PM-1024x576.jpeg\" alt=\"\" class=\"wp-image-6230\" style=\"width:518px;height:auto\" srcset=\"https:\/\/redsimbiotic.com\/wp-content\/uploads\/2024\/03\/WhatsApp-Image-2024-02-26-at-10.34.08-PM-1024x576.jpeg 1024w, https:\/\/redsimbiotic.com\/wp-content\/uploads\/2024\/03\/WhatsApp-Image-2024-02-26-at-10.34.08-PM-300x169.jpeg 300w, https:\/\/redsimbiotic.com\/wp-content\/uploads\/2024\/03\/WhatsApp-Image-2024-02-26-at-10.34.08-PM-768x432.jpeg 768w, https:\/\/redsimbiotic.com\/wp-content\/uploads\/2024\/03\/WhatsApp-Image-2024-02-26-at-10.34.08-PM-1536x864.jpeg 1536w, https:\/\/redsimbiotic.com\/wp-content\/uploads\/2024\/03\/WhatsApp-Image-2024-02-26-at-10.34.08-PM-18x10.jpeg 18w, https:\/\/redsimbiotic.com\/wp-content\/uploads\/2024\/03\/WhatsApp-Image-2024-02-26-at-10.34.08-PM.jpeg 1600w\" sizes=\"(max-width: 1024px) 100vw, 1024px\" \/><\/figure>\n<\/div>\n<\/div>\n\n\n\n<div class=\"wp-block-uagb-advanced-heading uagb-block-9951dfe3\"><h3 class=\"uagb-heading-text\"><strong>Methodology<\/strong><\/h3><\/div>\n\n\n\n<ol class=\"wp-block-list\">\n<li class=\"has-medium-font-size\"><strong>Awareness-raising:<\/strong>\n<ul class=\"wp-block-list\">\n<li><strong>Leveling of Concepts:<\/strong> Virtual and face-to-face workshops were held to level the basic concepts of sustainability and circularity among the participants. These workshops allowed to identify existing environmental practices and socialize the fundamental aspects of sustainability applicable to the fashion industry.<\/li>\n\n\n\n<li><strong>Socialization of Practices:<\/strong> Through interactive sessions, examples of good practices were shared and the opportunities and challenges faced by the sector in its transition to more sustainable business models were discussed.<\/li>\n<\/ul>\n<\/li>\n<\/ol>\n\n\n\n<div style=\"height:30px\" aria-hidden=\"true\" class=\"wp-block-spacer\"><\/div>\n\n\n\n<ol class=\"wp-block-list\" start=\"2\">\n<li class=\"has-medium-font-size\"><strong>Personalized support:<\/strong>\n<ul class=\"wp-block-list\">\n<li><strong>Circular Based Project:<\/strong> Each participating company received advice for the design and assembly of a specific project based on circular economy principles. These projects served to apply and reinforce the knowledge acquired during the awareness phase.<\/li>\n\n\n\n<li><strong>Measurement of the Impact:<\/strong> Tools were implemented to measure the impact of sustainable initiatives and performance indicators were established to evaluate the expected results.<\/li>\n<\/ul>\n<\/li>\n<\/ol>\n\n\n\n<div style=\"height:30px\" aria-hidden=\"true\" class=\"wp-block-spacer\"><\/div>\n\n\n\n<p><\/p>\n\n\n\n<div class=\"wp-block-group alignwide is-layout-constrained wp-block-group-is-layout-constrained\">\n<div class=\"wp-block-columns is-layout-flex wp-container-core-columns-is-layout-28f84493 wp-block-columns-is-layout-flex\">\n<div class=\"wp-block-column is-layout-flow wp-block-column-is-layout-flow\" style=\"flex-basis:60%\">\n<figure class=\"wp-block-image size-large is-resized\"><img decoding=\"async\" width=\"1024\" height=\"577\" src=\"https:\/\/redsimbiotic.com\/wp-content\/uploads\/2024\/03\/WhatsApp-Image-2024-02-26-at-10.34.08-PM-1-1024x577.jpeg\" alt=\"\" class=\"wp-image-6229\" style=\"width:684px;height:auto\" srcset=\"https:\/\/redsimbiotic.com\/wp-content\/uploads\/2024\/03\/WhatsApp-Image-2024-02-26-at-10.34.08-PM-1-1024x577.jpeg 1024w, https:\/\/redsimbiotic.com\/wp-content\/uploads\/2024\/03\/WhatsApp-Image-2024-02-26-at-10.34.08-PM-1-300x169.jpeg 300w, https:\/\/redsimbiotic.com\/wp-content\/uploads\/2024\/03\/WhatsApp-Image-2024-02-26-at-10.34.08-PM-1-768x433.jpeg 768w, https:\/\/redsimbiotic.com\/wp-content\/uploads\/2024\/03\/WhatsApp-Image-2024-02-26-at-10.34.08-PM-1-18x10.jpeg 18w, https:\/\/redsimbiotic.com\/wp-content\/uploads\/2024\/03\/WhatsApp-Image-2024-02-26-at-10.34.08-PM-1.jpeg 1440w\" sizes=\"(max-width: 1024px) 100vw, 1024px\" \/><\/figure>\n<\/div>\n\n\n\n<div class=\"wp-block-column is-layout-flow wp-block-column-is-layout-flow\" style=\"flex-basis:33.33%\">\n<div class=\"wp-block-uagb-advanced-heading uagb-block-cfe88c98\"><h3 class=\"uagb-heading-text\"><strong>Impact and Results<\/strong><\/h3><\/div>\n\n\n\n<p class=\"has-medium-font-size\">A total of 7 companies in the fashion sector were advised, including fashion designers, jeans factories, shoe stores and equipment companies. The programme achieved the following:<\/p>\n\n\n\n<ul class=\"wp-block-list\">\n<li class=\"has-medium-font-size\"><strong>Awareness and Training:<\/strong> Participants gained a deep understanding of the principles of sustainability and circularity, and how to apply them in their business.<\/li>\n\n\n\n<li class=\"has-medium-font-size\"><strong>Implementation of Circular Projects:<\/strong> The companies developed projects that integrate sustainable practices, improving their efficiency and reducing their environmental impact.<\/li>\n\n\n\n<li class=\"has-medium-font-size\"><strong>Measurement of the Impacts:<\/strong> Clear metrics were established to assess progress in sustainability, allowing companies to demonstrate the quantifiable benefits of their initiatives.<\/li>\n<\/ul>\n<\/div>\n<\/div>\n<\/div>\n\n\n\n<div class=\"wp-block-uagb-advanced-heading uagb-block-f739cc7a\"><h3 class=\"uagb-heading-text\"><strong><strong>Conclusion<\/strong><\/strong><\/h3><\/div>\n\n\n\n<p class=\"has-medium-font-size\">The Sustainability Program was a significant step towards transforming the fashion sector in the region. Through a combination of awareness and personalized accompaniment, companies not only acquired valuable knowledge, but also implemented tangible changes that contribute to a more sustainable future. This programme highlights the commitment of the C\u00facuta and Simbiotic Chamber of Commerce to promoting responsible and sustainable business practices.<\/p>\n\n\n\n<p class=\"has-medium-font-size\">For more details on the results and experiences of the programme, please visit <a href=\"https:\/\/www.cccucuta.org.co\/convocatoria\/98\/resultados-convocatoria-moda-norte-sostenible\" target=\"_blank\" rel=\"noreferrer noopener\">Moda Norte Sostenible Call Results<\/a>.<\/p>","protected":false},"excerpt":{"rendered":"<p>En colaboraci\u00f3n con la C\u00e1mara de Comercio de C\u00facuta, Simbiotic implement\u00f3 un programa de sostenibilidad destinado a empresarios del cl\u00faster de Moda Norte. El objetivo del programa era identificar y fomentar el liderazgo en sostenibilidad dentro del sector, consolidando conceptos y procesos estrat\u00e9gicos para obtener resultados cuantificables y duraderos. Metodolog\u00eda Impacto y Resultados Se asesoraron [&hellip;]<\/p>\n","protected":false},"author":4,"featured_media":6228,"parent":0,"menu_order":0,"comment_status":"closed","ping_status":"closed","template":"","meta":{"_uag_custom_page_level_css":"","footnotes":""},"categories":[69,70],"tags":[],"folder":[66],"class_list":["post-6607","page","type-page","status-publish","has-post-thumbnail","hentry","category-consultoria","category-formacion"],"yoast_head":"<!-- This site is optimized with the Yoast SEO Premium plugin v27.0 (Yoast SEO v27.3) - https:\/\/yoast.com\/product\/yoast-seo-premium-wordpress\/ -->\n<title>Consultor\u00eda en Moda Sostenible para C\u00e1mara de Comercio de C\u00facuta - Simbiotic<\/title>\n<meta name=\"robots\" content=\"index, follow, max-snippet:-1, max-image-preview:large, max-video-preview:-1\" \/>\n<link rel=\"canonical\" href=\"https:\/\/redsimbiotic.com\/en\/caso-de-exito-camara-de-comercio-de-cucuta-consultoria-en-sostenibilidad\/\" \/>\n<meta property=\"og:locale\" content=\"en_US\" \/>\n<meta property=\"og:type\" content=\"article\" \/>\n<meta property=\"og:title\" content=\"Consultor\u00eda en Moda Sostenible para C\u00e1mara de Comercio de C\u00facuta\" \/>\n<meta property=\"og:description\" content=\"En colaboraci\u00f3n con la C\u00e1mara de Comercio de C\u00facuta, Simbiotic implement\u00f3 un programa de sostenibilidad destinado a empresarios del cl\u00faster de Moda Norte. El objetivo del programa era identificar y fomentar el liderazgo en sostenibilidad dentro del sector, consolidando conceptos y procesos estrat\u00e9gicos para obtener resultados cuantificables y duraderos. Metodolog\u00eda Impacto y Resultados Se asesoraron [&hellip;]\" \/>\n<meta property=\"og:url\" content=\"https:\/\/redsimbiotic.com\/en\/caso-de-exito-camara-de-comercio-de-cucuta-consultoria-en-sostenibilidad\/\" \/>\n<meta property=\"og:site_name\" content=\"Simbiotic\" \/>\n<meta property=\"article:publisher\" content=\"https:\/\/www.facebook.com\/Redsimbiotic\/\" \/>\n<meta property=\"article:modified_time\" content=\"2024-07-05T00:18:37+00:00\" \/>\n<meta property=\"og:image\" content=\"https:\/\/redsimbiotic.com\/wp-content\/uploads\/2024\/03\/WhatsApp-Image-2024-02-26-at-10.34.30-PM.jpeg\" \/>\n\t<meta property=\"og:image:width\" content=\"1600\" \/>\n\t<meta property=\"og:image:height\" content=\"1200\" \/>\n\t<meta property=\"og:image:type\" content=\"image\/jpeg\" \/>\n<meta name=\"twitter:card\" content=\"summary_large_image\" \/>\n<meta name=\"twitter:site\" content=\"@simbiotic1\" \/>\n<meta name=\"twitter:label1\" content=\"Est. reading time\" \/>\n\t<meta name=\"twitter:data1\" content=\"3 minutes\" \/>\n<script type=\"application\/ld+json\" class=\"yoast-schema-graph\">{\"@context\":\"https:\\\/\\\/schema.org\",\"@graph\":[{\"@type\":\"WebPage\",\"@id\":\"https:\\\/\\\/redsimbiotic.com\\\/caso-de-exito-camara-de-comercio-de-cucuta-consultoria-en-sostenibilidad\\\/\",\"url\":\"https:\\\/\\\/redsimbiotic.com\\\/caso-de-exito-camara-de-comercio-de-cucuta-consultoria-en-sostenibilidad\\\/\",\"name\":\"Consultor\u00eda en Moda Sostenible para C\u00e1mara de Comercio de C\u00facuta - Simbiotic\",\"isPartOf\":{\"@id\":\"https:\\\/\\\/redsimbiotic.com\\\/#website\"},\"primaryImageOfPage\":{\"@id\":\"https:\\\/\\\/redsimbiotic.com\\\/caso-de-exito-camara-de-comercio-de-cucuta-consultoria-en-sostenibilidad\\\/#primaryimage\"},\"image\":{\"@id\":\"https:\\\/\\\/redsimbiotic.com\\\/caso-de-exito-camara-de-comercio-de-cucuta-consultoria-en-sostenibilidad\\\/#primaryimage\"},\"thumbnailUrl\":\"https:\\\/\\\/redsimbiotic.com\\\/wp-content\\\/uploads\\\/2024\\\/03\\\/WhatsApp-Image-2024-02-26-at-10.34.30-PM.jpeg\",\"datePublished\":\"2024-06-08T22:28:34+00:00\",\"dateModified\":\"2024-07-05T00:18:37+00:00\",\"breadcrumb\":{\"@id\":\"https:\\\/\\\/redsimbiotic.com\\\/caso-de-exito-camara-de-comercio-de-cucuta-consultoria-en-sostenibilidad\\\/#breadcrumb\"},\"inLanguage\":\"en-US\",\"potentialAction\":[{\"@type\":\"ReadAction\",\"target\":[\"https:\\\/\\\/redsimbiotic.com\\\/caso-de-exito-camara-de-comercio-de-cucuta-consultoria-en-sostenibilidad\\\/\"]}]},{\"@type\":\"ImageObject\",\"inLanguage\":\"en-US\",\"@id\":\"https:\\\/\\\/redsimbiotic.com\\\/caso-de-exito-camara-de-comercio-de-cucuta-consultoria-en-sostenibilidad\\\/#primaryimage\",\"url\":\"https:\\\/\\\/redsimbiotic.com\\\/wp-content\\\/uploads\\\/2024\\\/03\\\/WhatsApp-Image-2024-02-26-at-10.34.30-PM.jpeg\",\"contentUrl\":\"https:\\\/\\\/redsimbiotic.com\\\/wp-content\\\/uploads\\\/2024\\\/03\\\/WhatsApp-Image-2024-02-26-at-10.34.30-PM.jpeg\",\"width\":1600,\"height\":1200,\"caption\":\"Final de sesi\u00f3n con 7 empresas que se trabaj\u00f3 sostenibilidad de la mano de C\u00e1mara de Comercio de C\u00facuta\"},{\"@type\":\"BreadcrumbList\",\"@id\":\"https:\\\/\\\/redsimbiotic.com\\\/caso-de-exito-camara-de-comercio-de-cucuta-consultoria-en-sostenibilidad\\\/#breadcrumb\",\"itemListElement\":[{\"@type\":\"ListItem\",\"position\":1,\"name\":\"Inicio\",\"item\":\"https:\\\/\\\/redsimbiotic.com\\\/\"},{\"@type\":\"ListItem\",\"position\":2,\"name\":\"Consultor\u00eda en Moda Sostenible para C\u00e1mara de Comercio de C\u00facuta\"}]},{\"@type\":\"WebSite\",\"@id\":\"https:\\\/\\\/redsimbiotic.com\\\/#website\",\"url\":\"https:\\\/\\\/redsimbiotic.com\\\/\",\"name\":\"Red Simbiotic\",\"description\":\"Somos una consultora estrat\u00e9gica que genera rentabilidad a trav\u00e9s de hacer lo ambientalmente correcto.\",\"publisher\":{\"@id\":\"https:\\\/\\\/redsimbiotic.com\\\/#organization\"},\"potentialAction\":[{\"@type\":\"SearchAction\",\"target\":{\"@type\":\"EntryPoint\",\"urlTemplate\":\"https:\\\/\\\/redsimbiotic.com\\\/?s={search_term_string}\"},\"query-input\":{\"@type\":\"PropertyValueSpecification\",\"valueRequired\":true,\"valueName\":\"search_term_string\"}}],\"inLanguage\":\"en-US\"},{\"@type\":\"Organization\",\"@id\":\"https:\\\/\\\/redsimbiotic.com\\\/#organization\",\"name\":\"Simbiotic\",\"url\":\"https:\\\/\\\/redsimbiotic.com\\\/\",\"logo\":{\"@type\":\"ImageObject\",\"inLanguage\":\"en-US\",\"@id\":\"https:\\\/\\\/redsimbiotic.com\\\/#\\\/schema\\\/logo\\\/image\\\/\",\"url\":\"https:\\\/\\\/redsimbiotic.com\\\/wp-content\\\/uploads\\\/2021\\\/11\\\/logo-final-14-e1637467835938.png\",\"contentUrl\":\"https:\\\/\\\/redsimbiotic.com\\\/wp-content\\\/uploads\\\/2021\\\/11\\\/logo-final-14-e1637467835938.png\",\"width\":100,\"height\":110,\"caption\":\"Simbiotic\"},\"image\":{\"@id\":\"https:\\\/\\\/redsimbiotic.com\\\/#\\\/schema\\\/logo\\\/image\\\/\"},\"sameAs\":[\"https:\\\/\\\/www.facebook.com\\\/Redsimbiotic\\\/\",\"https:\\\/\\\/x.com\\\/simbiotic1\",\"https:\\\/\\\/www.instagram.com\\\/simbiotic2018\\\/\",\"https:\\\/\\\/co.linkedin.com\\\/company\\\/simbiotic-s-a-s\",\"https:\\\/\\\/www.youtube.com\\\/c\\\/RedSimbiotic\"],\"actionableFeedbackPolicy\":\"https:\\\/\\\/redsimbiotic.com\\\/politica-de-privacidad\\\/\",\"correctionsPolicy\":\"https:\\\/\\\/redsimbiotic.com\\\/politica-de-privacidad\\\/\"}]}<\/script>\n<!-- \/ Yoast SEO Premium plugin. -->","yoast_head_json":{"title":"Consultor\u00eda en Moda Sostenible para C\u00e1mara de Comercio de C\u00facuta - Simbiotic","robots":{"index":"index","follow":"follow","max-snippet":"max-snippet:-1","max-image-preview":"max-image-preview:large","max-video-preview":"max-video-preview:-1"},"canonical":"https:\/\/redsimbiotic.com\/en\/caso-de-exito-camara-de-comercio-de-cucuta-consultoria-en-sostenibilidad\/","og_locale":"en_US","og_type":"article","og_title":"Consultor\u00eda en Moda Sostenible para C\u00e1mara de Comercio de C\u00facuta","og_description":"En colaboraci\u00f3n con la C\u00e1mara de Comercio de C\u00facuta, Simbiotic implement\u00f3 un programa de sostenibilidad destinado a empresarios del cl\u00faster de Moda Norte. El objetivo del programa era identificar y fomentar el liderazgo en sostenibilidad dentro del sector, consolidando conceptos y procesos estrat\u00e9gicos para obtener resultados cuantificables y duraderos. Metodolog\u00eda Impacto y Resultados Se asesoraron [&hellip;]","og_url":"https:\/\/redsimbiotic.com\/en\/caso-de-exito-camara-de-comercio-de-cucuta-consultoria-en-sostenibilidad\/","og_site_name":"Simbiotic","article_publisher":"https:\/\/www.facebook.com\/Redsimbiotic\/","article_modified_time":"2024-07-05T00:18:37+00:00","og_image":[{"width":1600,"height":1200,"url":"https:\/\/redsimbiotic.com\/wp-content\/uploads\/2024\/03\/WhatsApp-Image-2024-02-26-at-10.34.30-PM.jpeg","type":"image\/jpeg"}],"twitter_card":"summary_large_image","twitter_site":"@simbiotic1","twitter_misc":{"Est. reading time":"3 minutes"},"schema":{"@context":"https:\/\/schema.org","@graph":[{"@type":"WebPage","@id":"https:\/\/redsimbiotic.com\/caso-de-exito-camara-de-comercio-de-cucuta-consultoria-en-sostenibilidad\/","url":"https:\/\/redsimbiotic.com\/caso-de-exito-camara-de-comercio-de-cucuta-consultoria-en-sostenibilidad\/","name":"Consultor\u00eda en Moda Sostenible para C\u00e1mara de Comercio de C\u00facuta - Simbiotic","isPartOf":{"@id":"https:\/\/redsimbiotic.com\/#website"},"primaryImageOfPage":{"@id":"https:\/\/redsimbiotic.com\/caso-de-exito-camara-de-comercio-de-cucuta-consultoria-en-sostenibilidad\/#primaryimage"},"image":{"@id":"https:\/\/redsimbiotic.com\/caso-de-exito-camara-de-comercio-de-cucuta-consultoria-en-sostenibilidad\/#primaryimage"},"thumbnailUrl":"https:\/\/redsimbiotic.com\/wp-content\/uploads\/2024\/03\/WhatsApp-Image-2024-02-26-at-10.34.30-PM.jpeg","datePublished":"2024-06-08T22:28:34+00:00","dateModified":"2024-07-05T00:18:37+00:00","breadcrumb":{"@id":"https:\/\/redsimbiotic.com\/caso-de-exito-camara-de-comercio-de-cucuta-consultoria-en-sostenibilidad\/#breadcrumb"},"inLanguage":"en-US","potentialAction":[{"@type":"ReadAction","target":["https:\/\/redsimbiotic.com\/caso-de-exito-camara-de-comercio-de-cucuta-consultoria-en-sostenibilidad\/"]}]},{"@type":"ImageObject","inLanguage":"en-US","@id":"https:\/\/redsimbiotic.com\/caso-de-exito-camara-de-comercio-de-cucuta-consultoria-en-sostenibilidad\/#primaryimage","url":"https:\/\/redsimbiotic.com\/wp-content\/uploads\/2024\/03\/WhatsApp-Image-2024-02-26-at-10.34.30-PM.jpeg","contentUrl":"https:\/\/redsimbiotic.com\/wp-content\/uploads\/2024\/03\/WhatsApp-Image-2024-02-26-at-10.34.30-PM.jpeg","width":1600,"height":1200,"caption":"Final de sesi\u00f3n con 7 empresas que se trabaj\u00f3 sostenibilidad de la mano de C\u00e1mara de Comercio de C\u00facuta"},{"@type":"BreadcrumbList","@id":"https:\/\/redsimbiotic.com\/caso-de-exito-camara-de-comercio-de-cucuta-consultoria-en-sostenibilidad\/#breadcrumb","itemListElement":[{"@type":"ListItem","position":1,"name":"Inicio","item":"https:\/\/redsimbiotic.com\/"},{"@type":"ListItem","position":2,"name":"Consultor\u00eda en Moda Sostenible para C\u00e1mara de Comercio de C\u00facuta"}]},{"@type":"WebSite","@id":"https:\/\/redsimbiotic.com\/#website","url":"https:\/\/redsimbiotic.com\/","name":"Red Simbiotic","description":"We are a strategic consulting firm that generates profitability through doing the environmentally correct thing.","publisher":{"@id":"https:\/\/redsimbiotic.com\/#organization"},"potentialAction":[{"@type":"SearchAction","target":{"@type":"EntryPoint","urlTemplate":"https:\/\/redsimbiotic.com\/?s={search_term_string}"},"query-input":{"@type":"PropertyValueSpecification","valueRequired":true,"valueName":"search_term_string"}}],"inLanguage":"en-US"},{"@type":"Organization","@id":"https:\/\/redsimbiotic.com\/#organization","name":"Simbiotic","url":"https:\/\/redsimbiotic.com\/","logo":{"@type":"ImageObject","inLanguage":"en-US","@id":"https:\/\/redsimbiotic.com\/#\/schema\/logo\/image\/","url":"https:\/\/redsimbiotic.com\/wp-content\/uploads\/2021\/11\/logo-final-14-e1637467835938.png","contentUrl":"https:\/\/redsimbiotic.com\/wp-content\/uploads\/2021\/11\/logo-final-14-e1637467835938.png","width":100,"height":110,"caption":"Simbiotic"},"image":{"@id":"https:\/\/redsimbiotic.com\/#\/schema\/logo\/image\/"},"sameAs":["https:\/\/www.facebook.com\/Redsimbiotic\/","https:\/\/x.com\/simbiotic1","https:\/\/www.instagram.com\/simbiotic2018\/","https:\/\/co.linkedin.com\/company\/simbiotic-s-a-s","https:\/\/www.youtube.com\/c\/RedSimbiotic"],"actionableFeedbackPolicy":"https:\/\/redsimbiotic.com\/politica-de-privacidad\/","correctionsPolicy":"https:\/\/redsimbiotic.com\/politica-de-privacidad\/"}]}},"uagb_featured_image_src":{"full":["https:\/\/redsimbiotic.com\/wp-content\/uploads\/2024\/03\/WhatsApp-Image-2024-02-26-at-10.34.30-PM.jpeg",1600,1200,false],"thumbnail":["https:\/\/redsimbiotic.com\/wp-content\/uploads\/2024\/03\/WhatsApp-Image-2024-02-26-at-10.34.30-PM-150x150.jpeg",150,150,true],"medium":["https:\/\/redsimbiotic.com\/wp-content\/uploads\/2024\/03\/WhatsApp-Image-2024-02-26-at-10.34.30-PM-300x225.jpeg",300,225,true],"medium_large":["https:\/\/redsimbiotic.com\/wp-content\/uploads\/2024\/03\/WhatsApp-Image-2024-02-26-at-10.34.30-PM-768x576.jpeg",768,576,true],"large":["https:\/\/redsimbiotic.com\/wp-content\/uploads\/2024\/03\/WhatsApp-Image-2024-02-26-at-10.34.30-PM-1024x768.jpeg",800,600,true],"1536x1536":["https:\/\/redsimbiotic.com\/wp-content\/uploads\/2024\/03\/WhatsApp-Image-2024-02-26-at-10.34.30-PM-1536x1152.jpeg",1536,1152,true],"2048x2048":["https:\/\/redsimbiotic.com\/wp-content\/uploads\/2024\/03\/WhatsApp-Image-2024-02-26-at-10.34.30-PM.jpeg",1600,1200,false],"trp-custom-language-flag":["https:\/\/redsimbiotic.com\/wp-content\/uploads\/2024\/03\/WhatsApp-Image-2024-02-26-at-10.34.30-PM-16x12.jpeg",16,12,true],"gform-image-choice-sm":["https:\/\/redsimbiotic.com\/wp-content\/uploads\/2024\/03\/WhatsApp-Image-2024-02-26-at-10.34.30-PM.jpeg",300,225,false],"gform-image-choice-md":["https:\/\/redsimbiotic.com\/wp-content\/uploads\/2024\/03\/WhatsApp-Image-2024-02-26-at-10.34.30-PM.jpeg",400,300,false],"gform-image-choice-lg":["https:\/\/redsimbiotic.com\/wp-content\/uploads\/2024\/03\/WhatsApp-Image-2024-02-26-at-10.34.30-PM.jpeg",600,450,false]},"uagb_author_info":{"display_name":"caso estudio","author_link":"https:\/\/redsimbiotic.com\/en\/author\/casos\/"},"uagb_comment_info":0,"uagb_excerpt":"En colaboraci\u00f3n con la C\u00e1mara de Comercio de C\u00facuta, Simbiotic implement\u00f3 un programa de sostenibilidad destinado a empresarios del cl\u00faster de Moda Norte. El objetivo del programa era identificar y fomentar el liderazgo en sostenibilidad dentro del sector, consolidando conceptos y procesos estrat\u00e9gicos para obtener resultados cuantificables y duraderos. Metodolog\u00eda Impacto y Resultados Se asesoraron&hellip;","_links":{"self":[{"href":"https:\/\/redsimbiotic.com\/en\/wp-json\/wp\/v2\/pages\/6607","targetHints":{"allow":["GET"]}}],"collection":[{"href":"https:\/\/redsimbiotic.com\/en\/wp-json\/wp\/v2\/pages"}],"about":[{"href":"https:\/\/redsimbiotic.com\/en\/wp-json\/wp\/v2\/types\/page"}],"author":[{"embeddable":true,"href":"https:\/\/redsimbiotic.com\/en\/wp-json\/wp\/v2\/users\/4"}],"replies":[{"embeddable":true,"href":"https:\/\/redsimbiotic.com\/en\/wp-json\/wp\/v2\/comments?post=6607"}],"version-history":[{"count":11,"href":"https:\/\/redsimbiotic.com\/en\/wp-json\/wp\/v2\/pages\/6607\/revisions"}],"predecessor-version":[{"id":7006,"href":"https:\/\/redsimbiotic.com\/en\/wp-json\/wp\/v2\/pages\/6607\/revisions\/7006"}],"wp:featuredmedia":[{"embeddable":true,"href":"https:\/\/redsimbiotic.com\/en\/wp-json\/wp\/v2\/media\/6228"}],"wp:attachment":[{"href":"https:\/\/redsimbiotic.com\/en\/wp-json\/wp\/v2\/media?parent=6607"}],"wp:term":[{"taxonomy":"category","embeddable":true,"href":"https:\/\/redsimbiotic.com\/en\/wp-json\/wp\/v2\/categories?post=6607"},{"taxonomy":"post_tag","embeddable":true,"href":"https:\/\/redsimbiotic.com\/en\/wp-json\/wp\/v2\/tags?post=6607"},{"taxonomy":"folder","embeddable":true,"href":"https:\/\/redsimbiotic.com\/en\/wp-json\/wp\/v2\/folder?post=6607"}],"curies":[{"name":"wp","href":"https:\/\/api.w.org\/{rel}","templated":true}]}}