{"id":6514,"date":"2024-06-08T10:23:54","date_gmt":"2024-06-08T15:23:54","guid":{"rendered":"https:\/\/redsimbiotic.com\/?page_id=6514"},"modified":"2024-07-04T19:53:22","modified_gmt":"2024-07-05T00:53:22","slug":"formacion-poblacion-recicladora-con-el-apoyo-de-cooperacion-alemana-para-el-desarrollo","status":"publish","type":"page","link":"https:\/\/redsimbiotic.com\/en\/formacion-poblacion-recicladora-con-el-apoyo-de-cooperacion-alemana-para-el-desarrollo\/","title":{"rendered":"Training Waste Pickers Population with German Development Cooperation Support"},"content":{"rendered":"<div class=\"wp-block-columns is-layout-flex wp-container-core-columns-is-layout-28f84493 wp-block-columns-is-layout-flex\">\n<div class=\"wp-block-column is-layout-flow wp-block-column-is-layout-flow\" style=\"flex-basis:40%\">\n<p class=\"has-medium-font-size\">Simbiotic embarked on a significant project in collaboration with the Deutsche Gesellschaft f\u00fcr Internationale Zusammenarbeit (GIZ), under the Green Jobs program. This project, developed between August 10, 2021 and August 11, 2022, aimed to design and implement training processes for the recycling population in Colombia.  <\/p>\n<\/div>\n\n\n\n<div class=\"wp-block-column is-layout-flow wp-block-column-is-layout-flow\" style=\"flex-basis:66.66%\">\n<figure class=\"wp-block-image size-full is-resized\"><img fetchpriority=\"high\" decoding=\"async\" width=\"600\" height=\"330\" src=\"https:\/\/redsimbiotic.com\/wp-content\/uploads\/2022\/11\/recicladores_logramos.gif\" alt=\"Lideres recicladores graduados gritando &quot;\u00a1Lo logramos!&quot;\" class=\"wp-image-4442\" style=\"width:518px;height:auto\"\/><\/figure>\n\n\n\n<div class=\"wp-block-uagb-advanced-heading uagb-block-2f96ac1a\"><h4 class=\"uagb-heading-text\"><strong>Recycling without waste pickers is garbage!<\/strong><\/h4><\/div>\n<\/div>\n<\/div>\n\n\n\n<div class=\"wp-block-uagb-advanced-heading uagb-block-9951dfe3\"><h3 class=\"uagb-heading-text\"><strong>Project Components<\/strong><\/h3><\/div>\n\n\n\n<ol class=\"wp-block-list\">\n<li class=\"has-medium-font-size\"><strong>Diploma for Leaders of Waste Pickers' Organizations<\/strong>: This diploma was designed to strengthen the technical, managerial, and administrative competencies of leaders of waste pickers' organizations. In addition, it sought to develop social and leadership skills, promoting their organizations' efficient management and sustainable development.<strong>Actions:<\/strong>\n<ul class=\"wp-block-list\">\n<li><strong>Contextual Analysis:<\/strong> A diagnosis was made of the needs and capacities of waste pickers.<\/li>\n\n\n\n<li><strong>Content Design:<\/strong> In collaboration with experts and academic entities such as SENA, adapted pedagogical contents were developed.<\/li>\n\n\n\n<li><strong>Development of Materials:<\/strong> Structural documents, pedagogical resources, and guides for teachers were created.<\/li>\n\n\n\n<li><strong>Implementation:<\/strong> The diploma was held in Bogot\u00e1, using participatory methodologies adapted to the reality of waste pickers.<\/li>\n<\/ul>\n<\/li>\n<\/ol>\n\n\n\n<div style=\"height:30px\" aria-hidden=\"true\" class=\"wp-block-spacer\"><\/div>\n\n\n\n<ol class=\"wp-block-list\" start=\"2\">\n<li class=\"has-medium-font-size\"><strong>Complementary Course for waste pickers<\/strong>: This course focused on improving the technical capabilities of basic waste pickers in the provision of public toilet service and materials exploitation activity. <strong>Actions:<\/strong>\n<ul class=\"wp-block-list\">\n<li><strong>Development of Content:<\/strong> Specific content was designed to strengthen the technical skills of waste pickers.<\/li>\n\n\n\n<li><strong>Creation of Resources:<\/strong> Educational materials and practical guides were developed.<\/li>\n\n\n\n<li><strong>Implementation:<\/strong> The course was implemented in C\u00facuta, adapting to the needs and local contexts of waste pickers.<\/li>\n<\/ul>\n<\/li>\n<\/ol>\n\n\n\n<div style=\"height:30px\" aria-hidden=\"true\" class=\"wp-block-spacer\"><\/div>\n\n\n\n<ol class=\"wp-block-list\" start=\"3\">\n<li class=\"has-medium-font-size\"><strong>Training, Knowledge Transfer and Immersion for Mentors and Teachers<\/strong>: This component was essential to ensure the sustainability and continuity of the project. Mentors and teachers from SENA and other educational institutions were trained, providing them with the necessary tools and knowledge to replicate and adapt the training programs.  <strong>Actions:<\/strong>\n<ul class=\"wp-block-list\">\n<li><strong>Training of Trainers:<\/strong> Intensive training sessions were held for mentors and teachers.<\/li>\n\n\n\n<li><strong>Knowledge Transfer:<\/strong> Strategies were implemented to ensure effective transfer of knowledge and skills.<\/li>\n\n\n\n<li><strong>Monitoring and evaluation:<\/strong> Continuous evaluations were carried out to measure the impact and effectiveness of the training.<\/li>\n<\/ul>\n<\/li>\n<\/ol>\n\n\n\n<div style=\"height:30px\" aria-hidden=\"true\" class=\"wp-block-spacer\"><\/div>\n\n\n\n<p><\/p>\n\n\n\n<div class=\"wp-block-group alignfull is-layout-constrained wp-block-group-is-layout-constrained\">\n<div class=\"wp-block-columns is-layout-flex wp-container-core-columns-is-layout-28f84493 wp-block-columns-is-layout-flex\">\n<div class=\"wp-block-column is-layout-flow wp-block-column-is-layout-flow\" style=\"flex-basis:50%\">\n<figure class=\"wp-block-image aligncenter size-large is-resized\"><img decoding=\"async\" width=\"1024\" height=\"768\" src=\"https:\/\/redsimbiotic.com\/wp-content\/uploads\/2022\/09\/WhatsApp-Image-2022-08-29-at-5.07.47-PM-1024x768.jpeg\" alt=\"\" class=\"wp-image-4386\" style=\"width:717px;height:auto\" srcset=\"https:\/\/redsimbiotic.com\/wp-content\/uploads\/2022\/09\/WhatsApp-Image-2022-08-29-at-5.07.47-PM-1024x768.jpeg 1024w, https:\/\/redsimbiotic.com\/wp-content\/uploads\/2022\/09\/WhatsApp-Image-2022-08-29-at-5.07.47-PM-300x225.jpeg 300w, https:\/\/redsimbiotic.com\/wp-content\/uploads\/2022\/09\/WhatsApp-Image-2022-08-29-at-5.07.47-PM-768x576.jpeg 768w, https:\/\/redsimbiotic.com\/wp-content\/uploads\/2022\/09\/WhatsApp-Image-2022-08-29-at-5.07.47-PM-16x12.jpeg 16w, https:\/\/redsimbiotic.com\/wp-content\/uploads\/2022\/09\/WhatsApp-Image-2022-08-29-at-5.07.47-PM.jpeg 1280w\" sizes=\"(max-width: 1024px) 100vw, 1024px\" \/><\/figure>\n\n\n\n<figure class=\"wp-block-image aligncenter size-full is-resized\"><img decoding=\"async\" width=\"1024\" height=\"768\" src=\"https:\/\/redsimbiotic.com\/wp-content\/uploads\/2022\/05\/2B2F3DFA-AC46-4CC4-AD14-0C07F9E974BC.jpeg\" alt=\"\" class=\"wp-image-3784\" style=\"width:717px;height:auto\" srcset=\"https:\/\/redsimbiotic.com\/wp-content\/uploads\/2022\/05\/2B2F3DFA-AC46-4CC4-AD14-0C07F9E974BC.jpeg 1024w, https:\/\/redsimbiotic.com\/wp-content\/uploads\/2022\/05\/2B2F3DFA-AC46-4CC4-AD14-0C07F9E974BC-300x225.jpeg 300w, https:\/\/redsimbiotic.com\/wp-content\/uploads\/2022\/05\/2B2F3DFA-AC46-4CC4-AD14-0C07F9E974BC-768x576.jpeg 768w\" sizes=\"(max-width: 1024px) 100vw, 1024px\" \/><\/figure>\n<\/div>\n\n\n\n<div class=\"wp-block-column is-layout-flow wp-block-column-is-layout-flow\" style=\"flex-basis:33.33%\">\n<div class=\"wp-block-uagb-advanced-heading uagb-block-cfe88c98\"><h3 class=\"uagb-heading-text\"><strong>Impact and Results<\/strong><\/h3><\/div>\n\n\n\n<p class=\"has-medium-font-size\">In addition, the training of mentors and teachers ensured the continuity and expansion of the project, allowing more waste pickers to benefit from these trainings in the future.<\/p>\n\n\n\n<p class=\"has-medium-font-size\">The project had a significant impact on the waste pickers population, promoting their personal and professional development. Leaders strengthened their management capabilities, improving the efficiency and sustainability of their organizations. Basic waste pickers acquired technical skills that allowed them to improve the quality of their work and increase their income.<\/p>\n\n\n\n<div class=\"wp-block-uagb-advanced-heading uagb-block-9125d3cc\"><h3 class=\"uagb-heading-text\"><strong>Conclusion<\/strong><\/h3><\/div>\n\n\n\n<p class=\"has-medium-font-size\">The contract with GIZ represented a unique opportunity to contribute to the sustainable development and social inclusion of one of the most vulnerable populations in Colombia. Through innovative and adapted pedagogical approaches, it was possible not only to improve the technical and managerial skills of waste pickers, but also to strengthen their self-esteem, social cohesion, and capacity for collective action. This project is an example of the transformative power of education and continuing training, and Simbiotic\u2019s commitment to sustainability and social justice.<\/p>\n<\/div>\n<\/div>\n<\/div>","protected":false},"excerpt":{"rendered":"<p>Simbiotic se embarc\u00f3 en un significativo proyecto en colaboraci\u00f3n con la Deutsche Gesellschaft f\u00fcr Internationale Zusammenarbeit (GIZ), bajo el programa Green Jobs. Este proyecto, desarrollado entre el 10 de agosto de 2021 y el 11 de agosto de 2022, tuvo como objetivo dise\u00f1ar e implementar procesos de formaci\u00f3n para la poblaci\u00f3n recicladora de oficio en [&hellip;]<\/p>\n","protected":false},"author":4,"featured_media":3785,"parent":0,"menu_order":0,"comment_status":"closed","ping_status":"closed","template":"","meta":{"_uag_custom_page_level_css":"","footnotes":""},"categories":[69,70],"tags":[],"folder":[66],"class_list":["post-6514","page","type-page","status-publish","has-post-thumbnail","hentry","category-consultoria","category-formacion"],"yoast_head":"<!-- This site is optimized with the Yoast SEO Premium plugin v27.0 (Yoast SEO v27.3) - https:\/\/yoast.com\/product\/yoast-seo-premium-wordpress\/ -->\n<title>Formaci\u00f3n Poblaci\u00f3n Recicladora con el Apoyo de Cooperaci\u00f3n Alemana para el Desarrollo - Simbiotic<\/title>\n<meta name=\"robots\" content=\"index, follow, max-snippet:-1, max-image-preview:large, max-video-preview:-1\" \/>\n<link rel=\"canonical\" href=\"https:\/\/redsimbiotic.com\/en\/formacion-poblacion-recicladora-con-el-apoyo-de-cooperacion-alemana-para-el-desarrollo\/\" \/>\n<meta property=\"og:locale\" content=\"en_US\" \/>\n<meta property=\"og:type\" content=\"article\" \/>\n<meta property=\"og:title\" content=\"Formaci\u00f3n Poblaci\u00f3n Recicladora con el Apoyo de Cooperaci\u00f3n Alemana para el Desarrollo\" \/>\n<meta property=\"og:description\" content=\"Simbiotic se embarc\u00f3 en un significativo proyecto en colaboraci\u00f3n con la Deutsche Gesellschaft f\u00fcr Internationale Zusammenarbeit (GIZ), bajo el programa Green Jobs. Este proyecto, desarrollado entre el 10 de agosto de 2021 y el 11 de agosto de 2022, tuvo como objetivo dise\u00f1ar e implementar procesos de formaci\u00f3n para la poblaci\u00f3n recicladora de oficio en [&hellip;]\" \/>\n<meta property=\"og:url\" content=\"https:\/\/redsimbiotic.com\/en\/formacion-poblacion-recicladora-con-el-apoyo-de-cooperacion-alemana-para-el-desarrollo\/\" \/>\n<meta property=\"og:site_name\" content=\"Simbiotic\" \/>\n<meta property=\"article:publisher\" content=\"https:\/\/www.facebook.com\/Redsimbiotic\/\" \/>\n<meta property=\"article:modified_time\" content=\"2024-07-05T00:53:22+00:00\" \/>\n<meta property=\"og:image\" content=\"https:\/\/redsimbiotic.com\/wp-content\/uploads\/2022\/05\/20211015_143847-scaled.jpeg\" \/>\n\t<meta property=\"og:image:width\" content=\"2560\" \/>\n\t<meta property=\"og:image:height\" content=\"1440\" \/>\n\t<meta property=\"og:image:type\" content=\"image\/jpeg\" \/>\n<meta name=\"twitter:card\" content=\"summary_large_image\" \/>\n<meta name=\"twitter:site\" content=\"@simbiotic1\" \/>\n<meta name=\"twitter:label1\" content=\"Est. reading time\" \/>\n\t<meta name=\"twitter:data1\" content=\"4 minutes\" \/>\n<script type=\"application\/ld+json\" class=\"yoast-schema-graph\">{\"@context\":\"https:\\\/\\\/schema.org\",\"@graph\":[{\"@type\":\"WebPage\",\"@id\":\"https:\\\/\\\/redsimbiotic.com\\\/formacion-poblacion-recicladora-con-el-apoyo-de-cooperacion-alemana-para-el-desarrollo\\\/\",\"url\":\"https:\\\/\\\/redsimbiotic.com\\\/formacion-poblacion-recicladora-con-el-apoyo-de-cooperacion-alemana-para-el-desarrollo\\\/\",\"name\":\"Formaci\u00f3n Poblaci\u00f3n Recicladora con el Apoyo de Cooperaci\u00f3n Alemana para el Desarrollo - Simbiotic\",\"isPartOf\":{\"@id\":\"https:\\\/\\\/redsimbiotic.com\\\/#website\"},\"primaryImageOfPage\":{\"@id\":\"https:\\\/\\\/redsimbiotic.com\\\/formacion-poblacion-recicladora-con-el-apoyo-de-cooperacion-alemana-para-el-desarrollo\\\/#primaryimage\"},\"image\":{\"@id\":\"https:\\\/\\\/redsimbiotic.com\\\/formacion-poblacion-recicladora-con-el-apoyo-de-cooperacion-alemana-para-el-desarrollo\\\/#primaryimage\"},\"thumbnailUrl\":\"https:\\\/\\\/redsimbiotic.com\\\/wp-content\\\/uploads\\\/2022\\\/05\\\/20211015_143847-scaled.jpeg\",\"datePublished\":\"2024-06-08T15:23:54+00:00\",\"dateModified\":\"2024-07-05T00:53:22+00:00\",\"breadcrumb\":{\"@id\":\"https:\\\/\\\/redsimbiotic.com\\\/formacion-poblacion-recicladora-con-el-apoyo-de-cooperacion-alemana-para-el-desarrollo\\\/#breadcrumb\"},\"inLanguage\":\"en-US\",\"potentialAction\":[{\"@type\":\"ReadAction\",\"target\":[\"https:\\\/\\\/redsimbiotic.com\\\/formacion-poblacion-recicladora-con-el-apoyo-de-cooperacion-alemana-para-el-desarrollo\\\/\"]}]},{\"@type\":\"ImageObject\",\"inLanguage\":\"en-US\",\"@id\":\"https:\\\/\\\/redsimbiotic.com\\\/formacion-poblacion-recicladora-con-el-apoyo-de-cooperacion-alemana-para-el-desarrollo\\\/#primaryimage\",\"url\":\"https:\\\/\\\/redsimbiotic.com\\\/wp-content\\\/uploads\\\/2022\\\/05\\\/20211015_143847-scaled.jpeg\",\"contentUrl\":\"https:\\\/\\\/redsimbiotic.com\\\/wp-content\\\/uploads\\\/2022\\\/05\\\/20211015_143847-scaled.jpeg\",\"width\":1920,\"height\":1080},{\"@type\":\"BreadcrumbList\",\"@id\":\"https:\\\/\\\/redsimbiotic.com\\\/formacion-poblacion-recicladora-con-el-apoyo-de-cooperacion-alemana-para-el-desarrollo\\\/#breadcrumb\",\"itemListElement\":[{\"@type\":\"ListItem\",\"position\":1,\"name\":\"Inicio\",\"item\":\"https:\\\/\\\/redsimbiotic.com\\\/\"},{\"@type\":\"ListItem\",\"position\":2,\"name\":\"Formaci\u00f3n Poblaci\u00f3n Recicladora con el Apoyo de Cooperaci\u00f3n Alemana para el Desarrollo\"}]},{\"@type\":\"WebSite\",\"@id\":\"https:\\\/\\\/redsimbiotic.com\\\/#website\",\"url\":\"https:\\\/\\\/redsimbiotic.com\\\/\",\"name\":\"Red Simbiotic\",\"description\":\"Somos una consultora estrat\u00e9gica que genera rentabilidad a trav\u00e9s de hacer lo ambientalmente correcto.\",\"publisher\":{\"@id\":\"https:\\\/\\\/redsimbiotic.com\\\/#organization\"},\"potentialAction\":[{\"@type\":\"SearchAction\",\"target\":{\"@type\":\"EntryPoint\",\"urlTemplate\":\"https:\\\/\\\/redsimbiotic.com\\\/?s={search_term_string}\"},\"query-input\":{\"@type\":\"PropertyValueSpecification\",\"valueRequired\":true,\"valueName\":\"search_term_string\"}}],\"inLanguage\":\"en-US\"},{\"@type\":\"Organization\",\"@id\":\"https:\\\/\\\/redsimbiotic.com\\\/#organization\",\"name\":\"Simbiotic\",\"url\":\"https:\\\/\\\/redsimbiotic.com\\\/\",\"logo\":{\"@type\":\"ImageObject\",\"inLanguage\":\"en-US\",\"@id\":\"https:\\\/\\\/redsimbiotic.com\\\/#\\\/schema\\\/logo\\\/image\\\/\",\"url\":\"https:\\\/\\\/redsimbiotic.com\\\/wp-content\\\/uploads\\\/2021\\\/11\\\/logo-final-14-e1637467835938.png\",\"contentUrl\":\"https:\\\/\\\/redsimbiotic.com\\\/wp-content\\\/uploads\\\/2021\\\/11\\\/logo-final-14-e1637467835938.png\",\"width\":100,\"height\":110,\"caption\":\"Simbiotic\"},\"image\":{\"@id\":\"https:\\\/\\\/redsimbiotic.com\\\/#\\\/schema\\\/logo\\\/image\\\/\"},\"sameAs\":[\"https:\\\/\\\/www.facebook.com\\\/Redsimbiotic\\\/\",\"https:\\\/\\\/x.com\\\/simbiotic1\",\"https:\\\/\\\/www.instagram.com\\\/simbiotic2018\\\/\",\"https:\\\/\\\/co.linkedin.com\\\/company\\\/simbiotic-s-a-s\",\"https:\\\/\\\/www.youtube.com\\\/c\\\/RedSimbiotic\"],\"actionableFeedbackPolicy\":\"https:\\\/\\\/redsimbiotic.com\\\/politica-de-privacidad\\\/\",\"correctionsPolicy\":\"https:\\\/\\\/redsimbiotic.com\\\/politica-de-privacidad\\\/\"}]}<\/script>\n<!-- \/ Yoast SEO Premium plugin. -->","yoast_head_json":{"title":"Formaci\u00f3n Poblaci\u00f3n Recicladora con el Apoyo de Cooperaci\u00f3n Alemana para el Desarrollo - Simbiotic","robots":{"index":"index","follow":"follow","max-snippet":"max-snippet:-1","max-image-preview":"max-image-preview:large","max-video-preview":"max-video-preview:-1"},"canonical":"https:\/\/redsimbiotic.com\/en\/formacion-poblacion-recicladora-con-el-apoyo-de-cooperacion-alemana-para-el-desarrollo\/","og_locale":"en_US","og_type":"article","og_title":"Formaci\u00f3n Poblaci\u00f3n Recicladora con el Apoyo de Cooperaci\u00f3n Alemana para el Desarrollo","og_description":"Simbiotic se embarc\u00f3 en un significativo proyecto en colaboraci\u00f3n con la Deutsche Gesellschaft f\u00fcr Internationale Zusammenarbeit (GIZ), bajo el programa Green Jobs. Este proyecto, desarrollado entre el 10 de agosto de 2021 y el 11 de agosto de 2022, tuvo como objetivo dise\u00f1ar e implementar procesos de formaci\u00f3n para la poblaci\u00f3n recicladora de oficio en [&hellip;]","og_url":"https:\/\/redsimbiotic.com\/en\/formacion-poblacion-recicladora-con-el-apoyo-de-cooperacion-alemana-para-el-desarrollo\/","og_site_name":"Simbiotic","article_publisher":"https:\/\/www.facebook.com\/Redsimbiotic\/","article_modified_time":"2024-07-05T00:53:22+00:00","og_image":[{"width":2560,"height":1440,"url":"https:\/\/redsimbiotic.com\/wp-content\/uploads\/2022\/05\/20211015_143847-scaled.jpeg","type":"image\/jpeg"}],"twitter_card":"summary_large_image","twitter_site":"@simbiotic1","twitter_misc":{"Est. reading time":"4 minutes"},"schema":{"@context":"https:\/\/schema.org","@graph":[{"@type":"WebPage","@id":"https:\/\/redsimbiotic.com\/formacion-poblacion-recicladora-con-el-apoyo-de-cooperacion-alemana-para-el-desarrollo\/","url":"https:\/\/redsimbiotic.com\/formacion-poblacion-recicladora-con-el-apoyo-de-cooperacion-alemana-para-el-desarrollo\/","name":"Formaci\u00f3n Poblaci\u00f3n Recicladora con el Apoyo de Cooperaci\u00f3n Alemana para el Desarrollo - Simbiotic","isPartOf":{"@id":"https:\/\/redsimbiotic.com\/#website"},"primaryImageOfPage":{"@id":"https:\/\/redsimbiotic.com\/formacion-poblacion-recicladora-con-el-apoyo-de-cooperacion-alemana-para-el-desarrollo\/#primaryimage"},"image":{"@id":"https:\/\/redsimbiotic.com\/formacion-poblacion-recicladora-con-el-apoyo-de-cooperacion-alemana-para-el-desarrollo\/#primaryimage"},"thumbnailUrl":"https:\/\/redsimbiotic.com\/wp-content\/uploads\/2022\/05\/20211015_143847-scaled.jpeg","datePublished":"2024-06-08T15:23:54+00:00","dateModified":"2024-07-05T00:53:22+00:00","breadcrumb":{"@id":"https:\/\/redsimbiotic.com\/formacion-poblacion-recicladora-con-el-apoyo-de-cooperacion-alemana-para-el-desarrollo\/#breadcrumb"},"inLanguage":"en-US","potentialAction":[{"@type":"ReadAction","target":["https:\/\/redsimbiotic.com\/formacion-poblacion-recicladora-con-el-apoyo-de-cooperacion-alemana-para-el-desarrollo\/"]}]},{"@type":"ImageObject","inLanguage":"en-US","@id":"https:\/\/redsimbiotic.com\/formacion-poblacion-recicladora-con-el-apoyo-de-cooperacion-alemana-para-el-desarrollo\/#primaryimage","url":"https:\/\/redsimbiotic.com\/wp-content\/uploads\/2022\/05\/20211015_143847-scaled.jpeg","contentUrl":"https:\/\/redsimbiotic.com\/wp-content\/uploads\/2022\/05\/20211015_143847-scaled.jpeg","width":1920,"height":1080},{"@type":"BreadcrumbList","@id":"https:\/\/redsimbiotic.com\/formacion-poblacion-recicladora-con-el-apoyo-de-cooperacion-alemana-para-el-desarrollo\/#breadcrumb","itemListElement":[{"@type":"ListItem","position":1,"name":"Inicio","item":"https:\/\/redsimbiotic.com\/"},{"@type":"ListItem","position":2,"name":"Formaci\u00f3n Poblaci\u00f3n Recicladora con el Apoyo de Cooperaci\u00f3n Alemana para el Desarrollo"}]},{"@type":"WebSite","@id":"https:\/\/redsimbiotic.com\/#website","url":"https:\/\/redsimbiotic.com\/","name":"Red Simbiotic","description":"We are a strategic consulting firm that generates profitability through doing the environmentally correct thing.","publisher":{"@id":"https:\/\/redsimbiotic.com\/#organization"},"potentialAction":[{"@type":"SearchAction","target":{"@type":"EntryPoint","urlTemplate":"https:\/\/redsimbiotic.com\/?s={search_term_string}"},"query-input":{"@type":"PropertyValueSpecification","valueRequired":true,"valueName":"search_term_string"}}],"inLanguage":"en-US"},{"@type":"Organization","@id":"https:\/\/redsimbiotic.com\/#organization","name":"Simbiotic","url":"https:\/\/redsimbiotic.com\/","logo":{"@type":"ImageObject","inLanguage":"en-US","@id":"https:\/\/redsimbiotic.com\/#\/schema\/logo\/image\/","url":"https:\/\/redsimbiotic.com\/wp-content\/uploads\/2021\/11\/logo-final-14-e1637467835938.png","contentUrl":"https:\/\/redsimbiotic.com\/wp-content\/uploads\/2021\/11\/logo-final-14-e1637467835938.png","width":100,"height":110,"caption":"Simbiotic"},"image":{"@id":"https:\/\/redsimbiotic.com\/#\/schema\/logo\/image\/"},"sameAs":["https:\/\/www.facebook.com\/Redsimbiotic\/","https:\/\/x.com\/simbiotic1","https:\/\/www.instagram.com\/simbiotic2018\/","https:\/\/co.linkedin.com\/company\/simbiotic-s-a-s","https:\/\/www.youtube.com\/c\/RedSimbiotic"],"actionableFeedbackPolicy":"https:\/\/redsimbiotic.com\/politica-de-privacidad\/","correctionsPolicy":"https:\/\/redsimbiotic.com\/politica-de-privacidad\/"}]}},"uagb_featured_image_src":{"full":["https:\/\/redsimbiotic.com\/wp-content\/uploads\/2022\/05\/20211015_143847-scaled.jpeg",1920,1080,false],"thumbnail":["https:\/\/redsimbiotic.com\/wp-content\/uploads\/2022\/05\/20211015_143847-150x150.jpeg",150,150,true],"medium":["https:\/\/redsimbiotic.com\/wp-content\/uploads\/2022\/05\/20211015_143847-300x169.jpeg",300,169,true],"medium_large":["https:\/\/redsimbiotic.com\/wp-content\/uploads\/2022\/05\/20211015_143847-768x432.jpeg",768,432,true],"large":["https:\/\/redsimbiotic.com\/wp-content\/uploads\/2022\/05\/20211015_143847-1024x576.jpeg",800,450,true],"1536x1536":["https:\/\/redsimbiotic.com\/wp-content\/uploads\/2022\/05\/20211015_143847-1536x864.jpeg",1536,864,true],"2048x2048":["https:\/\/redsimbiotic.com\/wp-content\/uploads\/2022\/05\/20211015_143847-2048x1152.jpeg",2048,1152,true],"trp-custom-language-flag":["https:\/\/redsimbiotic.com\/wp-content\/uploads\/2022\/05\/20211015_143847-scaled.jpeg",18,10,false],"gform-image-choice-sm":["https:\/\/redsimbiotic.com\/wp-content\/uploads\/2022\/05\/20211015_143847-scaled.jpeg",300,169,false],"gform-image-choice-md":["https:\/\/redsimbiotic.com\/wp-content\/uploads\/2022\/05\/20211015_143847-scaled.jpeg",400,225,false],"gform-image-choice-lg":["https:\/\/redsimbiotic.com\/wp-content\/uploads\/2022\/05\/20211015_143847-scaled.jpeg",600,338,false]},"uagb_author_info":{"display_name":"caso estudio","author_link":"https:\/\/redsimbiotic.com\/en\/author\/casos\/"},"uagb_comment_info":0,"uagb_excerpt":"Simbiotic se embarc\u00f3 en un significativo proyecto en colaboraci\u00f3n con la Deutsche Gesellschaft f\u00fcr Internationale Zusammenarbeit (GIZ), bajo el programa Green Jobs. Este proyecto, desarrollado entre el 10 de agosto de 2021 y el 11 de agosto de 2022, tuvo como objetivo dise\u00f1ar e implementar procesos de formaci\u00f3n para la poblaci\u00f3n recicladora de oficio en&hellip;","_links":{"self":[{"href":"https:\/\/redsimbiotic.com\/en\/wp-json\/wp\/v2\/pages\/6514","targetHints":{"allow":["GET"]}}],"collection":[{"href":"https:\/\/redsimbiotic.com\/en\/wp-json\/wp\/v2\/pages"}],"about":[{"href":"https:\/\/redsimbiotic.com\/en\/wp-json\/wp\/v2\/types\/page"}],"author":[{"embeddable":true,"href":"https:\/\/redsimbiotic.com\/en\/wp-json\/wp\/v2\/users\/4"}],"replies":[{"embeddable":true,"href":"https:\/\/redsimbiotic.com\/en\/wp-json\/wp\/v2\/comments?post=6514"}],"version-history":[{"count":54,"href":"https:\/\/redsimbiotic.com\/en\/wp-json\/wp\/v2\/pages\/6514\/revisions"}],"predecessor-version":[{"id":7007,"href":"https:\/\/redsimbiotic.com\/en\/wp-json\/wp\/v2\/pages\/6514\/revisions\/7007"}],"wp:featuredmedia":[{"embeddable":true,"href":"https:\/\/redsimbiotic.com\/en\/wp-json\/wp\/v2\/media\/3785"}],"wp:attachment":[{"href":"https:\/\/redsimbiotic.com\/en\/wp-json\/wp\/v2\/media?parent=6514"}],"wp:term":[{"taxonomy":"category","embeddable":true,"href":"https:\/\/redsimbiotic.com\/en\/wp-json\/wp\/v2\/categories?post=6514"},{"taxonomy":"post_tag","embeddable":true,"href":"https:\/\/redsimbiotic.com\/en\/wp-json\/wp\/v2\/tags?post=6514"},{"taxonomy":"folder","embeddable":true,"href":"https:\/\/redsimbiotic.com\/en\/wp-json\/wp\/v2\/folder?post=6514"}],"curies":[{"name":"wp","href":"https:\/\/api.w.org\/{rel}","templated":true}]}}