{"id":44,"date":"2021-11-20T23:27:16","date_gmt":"2021-11-21T04:27:16","guid":{"rendered":"https:\/\/simbiotic.redsimbiotic.com\/?page_id=44"},"modified":"2025-08-16T08:35:43","modified_gmt":"2025-08-16T13:35:43","slug":"contacto-simbotic","status":"publish","type":"page","link":"https:\/\/redsimbiotic.com\/en\/contacto-simbotic\/","title":{"rendered":"Contact"},"content":{"rendered":"\t\t<div data-elementor-type=\"wp-page\" data-elementor-id=\"44\" class=\"elementor elementor-44\" data-elementor-post-type=\"page\">\n\t\t\t\t\t\t<section class=\"elementor-section elementor-top-section elementor-element elementor-element-79b788b elementor-section-full_width elementor-section-height-default elementor-section-height-default\" data-id=\"79b788b\" data-element_type=\"section\" data-e-type=\"section\">\n\t\t\t\t\t\t<div class=\"elementor-container elementor-column-gap-no\">\n\t\t\t\t\t<div class=\"elementor-column elementor-col-100 elementor-top-column elementor-element elementor-element-cc9d454\" data-id=\"cc9d454\" data-element_type=\"column\" data-e-type=\"column\">\n\t\t\t<div class=\"elementor-widget-wrap elementor-element-populated\">\n\t\t\t\t\t\t<div class=\"elementor-element elementor-element-7bbf41f elementor-widget-tablet__width-inherit elementor-widget elementor-widget-google_maps\" data-id=\"7bbf41f\" data-element_type=\"widget\" data-e-type=\"widget\" data-widget_type=\"google_maps.default\">\n\t\t\t\t<div class=\"elementor-widget-container\">\n\t\t\t\t\t\t\t<div class=\"elementor-custom-embed\">\n\t\t\t<iframe loading=\"lazy\"\n\t\t\t\t\tsrc=\"https:\/\/maps.google.com\/maps?q=colombia&#038;t=m&#038;z=5&#038;output=embed&#038;iwloc=near\"\n\t\t\t\t\ttitle=\"colombia\"\n\t\t\t\t\taria-label=\"colombia\"\n\t\t\t><\/iframe>\n\t\t<\/div>\n\t\t\t\t\t\t<\/div>\n\t\t\t\t<\/div>\n\t\t\t\t\t<\/div>\n\t\t<\/div>\n\t\t\t\t\t<\/div>\n\t\t<\/section>\n\t\t\t\t<section class=\"elementor-section elementor-top-section elementor-element elementor-element-a4233b8 elementor-section-boxed elementor-section-height-default elementor-section-height-default\" data-id=\"a4233b8\" data-element_type=\"section\" data-e-type=\"section\">\n\t\t\t\t\t\t<div class=\"elementor-container elementor-column-gap-default\">\n\t\t\t\t\t<div class=\"elementor-column elementor-col-50 elementor-top-column elementor-element elementor-element-c9f5679\" data-id=\"c9f5679\" data-element_type=\"column\" data-e-type=\"column\">\n\t\t\t<div class=\"elementor-widget-wrap elementor-element-populated\">\n\t\t\t\t\t\t<div class=\"elementor-element elementor-element-0cf415f elementor-widget elementor-widget-heading\" data-id=\"0cf415f\" data-element_type=\"widget\" data-e-type=\"widget\" data-widget_type=\"heading.default\">\n\t\t\t\t<div class=\"elementor-widget-container\">\n\t\t\t\t\t<h2 class=\"elementor-heading-title elementor-size-default\">Estamos atentos de cualquier mensaje o requerimiento que nos quieras hacer llegar.<\/h2>\t\t\t\t<\/div>\n\t\t\t\t<\/div>\n\t\t\t\t<div class=\"elementor-element elementor-element-c216686 animated-slow elementor-invisible elementor-widget elementor-widget-heading\" data-id=\"c216686\" data-element_type=\"widget\" data-e-type=\"widget\" data-settings=\"{&quot;_animation&quot;:&quot;fadeInUp&quot;}\" data-widget_type=\"heading.default\">\n\t\t\t\t<div class=\"elementor-widget-container\">\n\t\t\t\t\t<h2 class=\"elementor-heading-title elementor-size-default\">Si tienes dudas, ideas o buscas asesor\u00eda en sostenibilidad, econom\u00eda circular o turismo responsable, completa el formulario y te responderemos lo antes posible.\n\u00a1Juntos podemos generar un cambio positivo y duradero!<\/h2>\t\t\t\t<\/div>\n\t\t\t\t<\/div>\n\t\t\t\t<div class=\"elementor-element elementor-element-59f0a8c elementor-hidden-tablet elementor-widget elementor-widget-spacer\" data-id=\"59f0a8c\" data-element_type=\"widget\" data-e-type=\"widget\" data-widget_type=\"spacer.default\">\n\t\t\t\t<div class=\"elementor-widget-container\">\n\t\t\t\t\t\t\t<div class=\"elementor-spacer\">\n\t\t\t<div class=\"elementor-spacer-inner\"><\/div>\n\t\t<\/div>\n\t\t\t\t\t\t<\/div>\n\t\t\t\t<\/div>\n\t\t\t\t<div class=\"elementor-element elementor-element-4b62ba3 e-grid-align-mobile-center elementor-shape-rounded elementor-grid-0 e-grid-align-center elementor-widget elementor-widget-social-icons\" data-id=\"4b62ba3\" data-element_type=\"widget\" data-e-type=\"widget\" data-widget_type=\"social-icons.default\">\n\t\t\t\t<div class=\"elementor-widget-container\">\n\t\t\t\t\t\t\t<div class=\"elementor-social-icons-wrapper elementor-grid\" role=\"list\">\n\t\t\t\t\t\t\t<span class=\"elementor-grid-item\" role=\"listitem\">\n\t\t\t\t\t<a class=\"elementor-icon elementor-social-icon elementor-social-icon-facebook-f elementor-repeater-item-993ef04\" href=\"https:\/\/www.facebook.com\/Redsimbiotic\/\" target=\"_blank\">\n\t\t\t\t\t\t<span class=\"elementor-screen-only\">Facebook-f<\/span>\n\t\t\t\t\t\t<svg aria-hidden=\"true\" class=\"e-font-icon-svg e-fab-facebook-f\" viewBox=\"0 0 320 512\" xmlns=\"http:\/\/www.w3.org\/2000\/svg\"><path d=\"M279.14 288l14.22-92.66h-88.91v-60.13c0-25.35 12.42-50.06 52.24-50.06h40.42V6.26S260.43 0 225.36 0c-73.22 0-121.08 44.38-121.08 124.72v70.62H22.89V288h81.39v224h100.17V288z\"><\/path><\/svg>\t\t\t\t\t<\/a>\n\t\t\t\t<\/span>\n\t\t\t\t\t\t\t<span class=\"elementor-grid-item\" role=\"listitem\">\n\t\t\t\t\t<a class=\"elementor-icon elementor-social-icon elementor-social-icon-instagram elementor-repeater-item-a229ff5\" href=\"https:\/\/www.instagram.com\/simbiotic2018\/\" target=\"_blank\">\n\t\t\t\t\t\t<span class=\"elementor-screen-only\">Instagram<\/span>\n\t\t\t\t\t\t<svg aria-hidden=\"true\" class=\"e-font-icon-svg e-fab-instagram\" viewBox=\"0 0 448 512\" xmlns=\"http:\/\/www.w3.org\/2000\/svg\"><path d=\"M224.1 141c-63.6 0-114.9 51.3-114.9 114.9s51.3 114.9 114.9 114.9S339 319.5 339 255.9 287.7 141 224.1 141zm0 189.6c-41.1 0-74.7-33.5-74.7-74.7s33.5-74.7 74.7-74.7 74.7 33.5 74.7 74.7-33.6 74.7-74.7 74.7zm146.4-194.3c0 14.9-12 26.8-26.8 26.8-14.9 0-26.8-12-26.8-26.8s12-26.8 26.8-26.8 26.8 12 26.8 26.8zm76.1 27.2c-1.7-35.9-9.9-67.7-36.2-93.9-26.2-26.2-58-34.4-93.9-36.2-37-2.1-147.9-2.1-184.9 0-35.8 1.7-67.6 9.9-93.9 36.1s-34.4 58-36.2 93.9c-2.1 37-2.1 147.9 0 184.9 1.7 35.9 9.9 67.7 36.2 93.9s58 34.4 93.9 36.2c37 2.1 147.9 2.1 184.9 0 35.9-1.7 67.7-9.9 93.9-36.2 26.2-26.2 34.4-58 36.2-93.9 2.1-37 2.1-147.8 0-184.8zM398.8 388c-7.8 19.6-22.9 34.7-42.6 42.6-29.5 11.7-99.5 9-132.1 9s-102.7 2.6-132.1-9c-19.6-7.8-34.7-22.9-42.6-42.6-11.7-29.5-9-99.5-9-132.1s-2.6-102.7 9-132.1c7.8-19.6 22.9-34.7 42.6-42.6 29.5-11.7 99.5-9 132.1-9s102.7-2.6 132.1 9c19.6 7.8 34.7 22.9 42.6 42.6 11.7 29.5 9 99.5 9 132.1s2.7 102.7-9 132.1z\"><\/path><\/svg>\t\t\t\t\t<\/a>\n\t\t\t\t<\/span>\n\t\t\t\t\t\t\t<span class=\"elementor-grid-item\" role=\"listitem\">\n\t\t\t\t\t<a class=\"elementor-icon elementor-social-icon elementor-social-icon-linkedin elementor-repeater-item-a1c64d4\" href=\"https:\/\/co.linkedin.com\/company\/simbiotic-s-a-s\" target=\"_blank\">\n\t\t\t\t\t\t<span class=\"elementor-screen-only\">Linkedin<\/span>\n\t\t\t\t\t\t<svg aria-hidden=\"true\" class=\"e-font-icon-svg e-fab-linkedin\" viewBox=\"0 0 448 512\" xmlns=\"http:\/\/www.w3.org\/2000\/svg\"><path d=\"M416 32H31.9C14.3 32 0 46.5 0 64.3v383.4C0 465.5 14.3 480 31.9 480H416c17.6 0 32-14.5 32-32.3V64.3c0-17.8-14.4-32.3-32-32.3zM135.4 416H69V202.2h66.5V416zm-33.2-243c-21.3 0-38.5-17.3-38.5-38.5S80.9 96 102.2 96c21.2 0 38.5 17.3 38.5 38.5 0 21.3-17.2 38.5-38.5 38.5zm282.1 243h-66.4V312c0-24.8-.5-56.7-34.5-56.7-34.6 0-39.9 27-39.9 54.9V416h-66.4V202.2h63.7v29.2h.9c8.9-16.8 30.6-34.5 62.9-34.5 67.2 0 79.7 44.3 79.7 101.9V416z\"><\/path><\/svg>\t\t\t\t\t<\/a>\n\t\t\t\t<\/span>\n\t\t\t\t\t\t\t<span class=\"elementor-grid-item\" role=\"listitem\">\n\t\t\t\t\t<a class=\"elementor-icon elementor-social-icon elementor-social-icon-youtube elementor-repeater-item-f4f16ac\" href=\"https:\/\/www.youtube.com\/c\/RedSimbiotic\" target=\"_blank\">\n\t\t\t\t\t\t<span class=\"elementor-screen-only\">Youtube<\/span>\n\t\t\t\t\t\t<svg aria-hidden=\"true\" class=\"e-font-icon-svg e-fab-youtube\" viewBox=\"0 0 576 512\" xmlns=\"http:\/\/www.w3.org\/2000\/svg\"><path d=\"M549.655 124.083c-6.281-23.65-24.787-42.276-48.284-48.597C458.781 64 288 64 288 64S117.22 64 74.629 75.486c-23.497 6.322-42.003 24.947-48.284 48.597-11.412 42.867-11.412 132.305-11.412 132.305s0 89.438 11.412 132.305c6.281 23.65 24.787 41.5 48.284 47.821C117.22 448 288 448 288 448s170.78 0 213.371-11.486c23.497-6.321 42.003-24.171 48.284-47.821 11.412-42.867 11.412-132.305 11.412-132.305s0-89.438-11.412-132.305zm-317.51 213.508V175.185l142.739 81.205-142.739 81.201z\"><\/path><\/svg>\t\t\t\t\t<\/a>\n\t\t\t\t<\/span>\n\t\t\t\t\t\t\t<span class=\"elementor-grid-item\" role=\"listitem\">\n\t\t\t\t\t<a class=\"elementor-icon elementor-social-icon elementor-social-icon-twitter elementor-repeater-item-9901795\" href=\"https:\/\/twitter.com\/simbiotic1\" target=\"_blank\">\n\t\t\t\t\t\t<span class=\"elementor-screen-only\">Twitter<\/span>\n\t\t\t\t\t\t<svg aria-hidden=\"true\" class=\"e-font-icon-svg e-fab-twitter\" viewBox=\"0 0 512 512\" xmlns=\"http:\/\/www.w3.org\/2000\/svg\"><path d=\"M459.37 151.716c.325 4.548.325 9.097.325 13.645 0 138.72-105.583 298.558-298.558 298.558-59.452 0-114.68-17.219-161.137-47.106 8.447.974 16.568 1.299 25.34 1.299 49.055 0 94.213-16.568 130.274-44.832-46.132-.975-84.792-31.188-98.112-72.772 6.498.974 12.995 1.624 19.818 1.624 9.421 0 18.843-1.3 27.614-3.573-48.081-9.747-84.143-51.98-84.143-102.985v-1.299c13.969 7.797 30.214 12.67 47.431 13.319-28.264-18.843-46.781-51.005-46.781-87.391 0-19.492 5.197-37.36 14.294-52.954 51.655 63.675 129.3 105.258 216.365 109.807-1.624-7.797-2.599-15.918-2.599-24.04 0-57.828 46.782-104.934 104.934-104.934 30.213 0 57.502 12.67 76.67 33.137 23.715-4.548 46.456-13.32 66.599-25.34-7.798 24.366-24.366 44.833-46.132 57.827 21.117-2.273 41.584-8.122 60.426-16.243-14.292 20.791-32.161 39.308-52.628 54.253z\"><\/path><\/svg>\t\t\t\t\t<\/a>\n\t\t\t\t<\/span>\n\t\t\t\t\t<\/div>\n\t\t\t\t\t\t<\/div>\n\t\t\t\t<\/div>\n\t\t\t\t\t<\/div>\n\t\t<\/div>\n\t\t\t\t<div class=\"elementor-column elementor-col-50 elementor-top-column elementor-element elementor-element-dc9d8b2\" data-id=\"dc9d8b2\" data-element_type=\"column\" data-e-type=\"column\" data-settings=\"{&quot;background_background&quot;:&quot;classic&quot;}\">\n\t\t\t<div class=\"elementor-widget-wrap elementor-element-populated\">\n\t\t\t\t\t\t<div class=\"elementor-element elementor-element-a9b688f elementor-button-align-stretch elementor-widget elementor-widget-form\" data-id=\"a9b688f\" data-element_type=\"widget\" data-e-type=\"widget\" data-settings=\"{&quot;step_next_label&quot;:&quot;Next&quot;,&quot;step_previous_label&quot;:&quot;Previous&quot;,&quot;button_width&quot;:&quot;100&quot;,&quot;step_type&quot;:&quot;number_text&quot;,&quot;step_icon_shape&quot;:&quot;circle&quot;}\" data-widget_type=\"form.default\">\n\t\t\t\t<div class=\"elementor-widget-container\">\n\t\t\t\t\t\t\t<form class=\"elementor-form\" method=\"post\" name=\"New Form\" aria-label=\"New Form\">\n\t\t\t<input type=\"hidden\" name=\"post_id\" value=\"44\"\/>\n\t\t\t<input type=\"hidden\" name=\"form_id\" value=\"a9b688f\"\/>\n\t\t\t<input type=\"hidden\" name=\"referer_title\" value=\"Contacto Simbiotic | Asesor\u00eda en Sostenibilidad\" \/>\n\n\t\t\t\t\t\t\t<input type=\"hidden\" name=\"queried_id\" value=\"44\"\/>\n\t\t\t\n\t\t\t<div class=\"elementor-form-fields-wrapper elementor-labels-\">\n\t\t\t\t\t\t\t\t<div class=\"elementor-field-type-text elementor-field-group elementor-column elementor-field-group-name elementor-col-100 elementor-field-required\">\n\t\t\t\t\t\t\t\t\t\t\t\t<label for=\"form-field-name\" class=\"elementor-field-label elementor-screen-only\">\n\t\t\t\t\t\t\t\tNombre\t\t\t\t\t\t\t<\/label>\n\t\t\t\t\t\t\t\t\t\t\t\t\t\t<input size=\"1\" type=\"text\" name=\"form_fields[name]\" id=\"form-field-name\" class=\"elementor-field elementor-size-xs  elementor-field-textual\" placeholder=\"Nombre\" required=\"required\">\n\t\t\t\t\t\t\t\t\t\t\t<\/div>\n\t\t\t\t\t\t\t\t<div class=\"elementor-field-type-email elementor-field-group elementor-column elementor-field-group-email elementor-col-50 elementor-field-required\">\n\t\t\t\t\t\t\t\t\t\t\t\t<label for=\"form-field-email\" class=\"elementor-field-label elementor-screen-only\">\n\t\t\t\t\t\t\t\tCorreo\t\t\t\t\t\t\t<\/label>\n\t\t\t\t\t\t\t\t\t\t\t\t\t\t<input size=\"1\" type=\"email\" name=\"form_fields[email]\" id=\"form-field-email\" class=\"elementor-field elementor-size-xs  elementor-field-textual\" placeholder=\"Correo\" required=\"required\">\n\t\t\t\t\t\t\t\t\t\t\t<\/div>\n\t\t\t\t\t\t\t\t<div class=\"elementor-field-type-tel elementor-field-group elementor-column elementor-field-group-field_1d93ce8 elementor-col-50 elementor-field-required\">\n\t\t\t\t\t\t\t\t\t\t\t\t<label for=\"form-field-field_1d93ce8\" class=\"elementor-field-label elementor-screen-only\">\n\t\t\t\t\t\t\t\tTel\u00e9fono\t\t\t\t\t\t\t<\/label>\n\t\t\t\t\t\t<span class=\"ccfef-editor-intl-input\" data-id=\"form-field-field_1d93ce8\" data-field-id=\"1d93ce8\" data-default-country=\"co\" data-include-countries=\"\" data-exclude-countries=\"\" data-dial-code-visibility=\"show\" data-strict-mode=\"no\" style=\"display: none;\"><\/span>\t\t<input size=\"1\" type=\"tel\" name=\"form_fields[field_1d93ce8]\" id=\"form-field-field_1d93ce8\" class=\"elementor-field elementor-size-xs  elementor-field-textual\" placeholder=\"tel\" required=\"required\" pattern=\"[0-9()#&amp;+*-=.]+\" title=\"Only numbers and phone characters (#, -, *, etc) are accepted.\">\n\n\t\t\t\t\t\t<\/div>\n\t\t\t\t\t\t\t\t<div class=\"elementor-field-type-textarea elementor-field-group elementor-column elementor-field-group-message elementor-col-100\">\n\t\t\t\t\t\t\t\t\t\t\t\t<label for=\"form-field-message\" class=\"elementor-field-label elementor-screen-only\">\n\t\t\t\t\t\t\t\tMensaje\t\t\t\t\t\t\t<\/label>\n\t\t\t\t\t\t<textarea class=\"elementor-field-textual elementor-field  elementor-size-xs\" name=\"form_fields[message]\" id=\"form-field-message\" rows=\"4\" placeholder=\"Mensaje\"><\/textarea>\t\t\t\t<\/div>\n\t\t\t\t\t\t\t\t<div class=\"elementor-field-type-recaptcha elementor-field-group elementor-column elementor-field-group-recaptcha elementor-col-100\">\n\t\t\t\t\t<div class=\"elementor-field\" id=\"form-field-recaptcha\"><div class=\"elementor-g-recaptcha\" data-sitekey=\"6Lfx6CAgAAAAAOhltRzB4WUB_fKjw3jTRasU_y3r\" data-type=\"v2_checkbox\" data-theme=\"light\" data-size=\"normal\"><\/div><\/div>\t\t\t\t<\/div>\n\t\t\t\t\t\t\t\t<div class=\"elementor-field-group elementor-column elementor-field-type-submit elementor-col-100 e-form__buttons\">\n\t\t\t\t\t<button class=\"elementor-button elementor-size-sm\" type=\"submit\">\n\t\t\t\t\t\t<span class=\"elementor-button-content-wrapper\">\n\t\t\t\t\t\t\t\t\t\t\t\t\t\t\t\t\t\t\t\t\t\t<span class=\"elementor-button-text\">Enviar<\/span>\n\t\t\t\t\t\t\t\t\t\t\t\t\t<\/span>\n\t\t\t\t\t<\/button>\n\t\t\t\t<\/div>\n\t\t\t<\/div>\n\t\t<\/form>\n\t\t\t\t\t\t<\/div>\n\t\t\t\t<\/div>\n\t\t\t\t\t<\/div>\n\t\t<\/div>\n\t\t\t\t\t<\/div>\n\t\t<\/section>\n\t\t\t\t<\/div>\n\t\t","protected":false},"excerpt":{"rendered":"<p>Estamos atentos de cualquier mensaje o requerimiento que nos quieras hacer llegar. Si tienes dudas, ideas o buscas asesor\u00eda en sostenibilidad, econom\u00eda circular o turismo responsable, completa el formulario y te responderemos lo antes posible. \u00a1Juntos podemos generar un cambio positivo y duradero! Facebook-f Instagram Linkedin Youtube Twitter<\/p>","protected":false},"author":1,"featured_media":0,"parent":0,"menu_order":0,"comment_status":"closed","ping_status":"closed","template":"","meta":{"_uag_custom_page_level_css":"","footnotes":""},"categories":[],"tags":[],"folder":[53],"class_list":["post-44","page","type-page","status-publish","hentry"],"yoast_head":"<!-- This site is optimized with the Yoast SEO Premium plugin v27.0 (Yoast SEO v27.3) - https:\/\/yoast.com\/product\/yoast-seo-premium-wordpress\/ -->\n<title>Contacto Simbiotic | Asesor\u00eda en Sostenibilidad<\/title>\n<meta name=\"description\" content=\"Con Simbiotic recibe asesor\u00edas en sostenibilidad, econom\u00eda circular y turismo responsable. Cocreamos soluciones para tu organizaci\u00f3n.\" \/>\n<meta name=\"robots\" content=\"index, follow, max-snippet:-1, max-image-preview:large, max-video-preview:-1\" \/>\n<link rel=\"canonical\" href=\"https:\/\/redsimbiotic.com\/en\/contacto-simbotic\/\" \/>\n<meta property=\"og:locale\" content=\"en_US\" \/>\n<meta property=\"og:type\" content=\"article\" \/>\n<meta property=\"og:title\" content=\"Contacto\" \/>\n<meta property=\"og:description\" content=\"Con Simbiotic recibe asesor\u00edas en sostenibilidad, econom\u00eda circular y turismo responsable. Cocreamos soluciones para tu organizaci\u00f3n.\" \/>\n<meta property=\"og:url\" content=\"https:\/\/redsimbiotic.com\/en\/contacto-simbotic\/\" \/>\n<meta property=\"og:site_name\" content=\"Simbiotic\" \/>\n<meta property=\"article:publisher\" content=\"https:\/\/www.facebook.com\/Redsimbiotic\/\" \/>\n<meta property=\"article:modified_time\" content=\"2025-08-16T13:35:43+00:00\" \/>\n<meta name=\"twitter:card\" content=\"summary_large_image\" \/>\n<meta name=\"twitter:site\" content=\"@simbiotic1\" \/>\n<meta name=\"twitter:label1\" content=\"Est. reading time\" \/>\n\t<meta name=\"twitter:data1\" content=\"3 minutes\" \/>\n<script type=\"application\/ld+json\" class=\"yoast-schema-graph\">{\"@context\":\"https:\\\/\\\/schema.org\",\"@graph\":[{\"@type\":\"WebPage\",\"@id\":\"https:\\\/\\\/redsimbiotic.com\\\/contacto-simbotic\\\/\",\"url\":\"https:\\\/\\\/redsimbiotic.com\\\/contacto-simbotic\\\/\",\"name\":\"Contacto Simbiotic | Asesor\u00eda en Sostenibilidad\",\"isPartOf\":{\"@id\":\"https:\\\/\\\/redsimbiotic.com\\\/#website\"},\"datePublished\":\"2021-11-21T04:27:16+00:00\",\"dateModified\":\"2025-08-16T13:35:43+00:00\",\"description\":\"Con Simbiotic recibe asesor\u00edas en sostenibilidad, econom\u00eda circular y turismo responsable. Cocreamos soluciones para tu organizaci\u00f3n.\",\"breadcrumb\":{\"@id\":\"https:\\\/\\\/redsimbiotic.com\\\/contacto-simbotic\\\/#breadcrumb\"},\"inLanguage\":\"en-US\",\"potentialAction\":[{\"@type\":\"ReadAction\",\"target\":[\"https:\\\/\\\/redsimbiotic.com\\\/contacto-simbotic\\\/\"]}]},{\"@type\":\"BreadcrumbList\",\"@id\":\"https:\\\/\\\/redsimbiotic.com\\\/contacto-simbotic\\\/#breadcrumb\",\"itemListElement\":[{\"@type\":\"ListItem\",\"position\":1,\"name\":\"Inicio\",\"item\":\"https:\\\/\\\/redsimbiotic.com\\\/\"},{\"@type\":\"ListItem\",\"position\":2,\"name\":\"Contacto\"}]},{\"@type\":\"WebSite\",\"@id\":\"https:\\\/\\\/redsimbiotic.com\\\/#website\",\"url\":\"https:\\\/\\\/redsimbiotic.com\\\/\",\"name\":\"Red Simbiotic\",\"description\":\"Somos una consultora estrat\u00e9gica que genera rentabilidad a trav\u00e9s de hacer lo ambientalmente correcto.\",\"publisher\":{\"@id\":\"https:\\\/\\\/redsimbiotic.com\\\/#organization\"},\"potentialAction\":[{\"@type\":\"SearchAction\",\"target\":{\"@type\":\"EntryPoint\",\"urlTemplate\":\"https:\\\/\\\/redsimbiotic.com\\\/?s={search_term_string}\"},\"query-input\":{\"@type\":\"PropertyValueSpecification\",\"valueRequired\":true,\"valueName\":\"search_term_string\"}}],\"inLanguage\":\"en-US\"},{\"@type\":\"Organization\",\"@id\":\"https:\\\/\\\/redsimbiotic.com\\\/#organization\",\"name\":\"Simbiotic\",\"url\":\"https:\\\/\\\/redsimbiotic.com\\\/\",\"logo\":{\"@type\":\"ImageObject\",\"inLanguage\":\"en-US\",\"@id\":\"https:\\\/\\\/redsimbiotic.com\\\/#\\\/schema\\\/logo\\\/image\\\/\",\"url\":\"https:\\\/\\\/redsimbiotic.com\\\/wp-content\\\/uploads\\\/2021\\\/11\\\/logo-final-14-e1637467835938.png\",\"contentUrl\":\"https:\\\/\\\/redsimbiotic.com\\\/wp-content\\\/uploads\\\/2021\\\/11\\\/logo-final-14-e1637467835938.png\",\"width\":100,\"height\":110,\"caption\":\"Simbiotic\"},\"image\":{\"@id\":\"https:\\\/\\\/redsimbiotic.com\\\/#\\\/schema\\\/logo\\\/image\\\/\"},\"sameAs\":[\"https:\\\/\\\/www.facebook.com\\\/Redsimbiotic\\\/\",\"https:\\\/\\\/x.com\\\/simbiotic1\",\"https:\\\/\\\/www.instagram.com\\\/simbiotic2018\\\/\",\"https:\\\/\\\/co.linkedin.com\\\/company\\\/simbiotic-s-a-s\",\"https:\\\/\\\/www.youtube.com\\\/c\\\/RedSimbiotic\"],\"actionableFeedbackPolicy\":\"https:\\\/\\\/redsimbiotic.com\\\/politica-de-privacidad\\\/\",\"correctionsPolicy\":\"https:\\\/\\\/redsimbiotic.com\\\/politica-de-privacidad\\\/\"}]}<\/script>\n<!-- \/ Yoast SEO Premium plugin. -->","yoast_head_json":{"title":"Contacto Simbiotic | Asesor\u00eda en Sostenibilidad","description":"Con Simbiotic recibe asesor\u00edas en sostenibilidad, econom\u00eda circular y turismo responsable. Cocreamos soluciones para tu organizaci\u00f3n.","robots":{"index":"index","follow":"follow","max-snippet":"max-snippet:-1","max-image-preview":"max-image-preview:large","max-video-preview":"max-video-preview:-1"},"canonical":"https:\/\/redsimbiotic.com\/en\/contacto-simbotic\/","og_locale":"en_US","og_type":"article","og_title":"Contacto","og_description":"Con Simbiotic recibe asesor\u00edas en sostenibilidad, econom\u00eda circular y turismo responsable. Cocreamos soluciones para tu organizaci\u00f3n.","og_url":"https:\/\/redsimbiotic.com\/en\/contacto-simbotic\/","og_site_name":"Simbiotic","article_publisher":"https:\/\/www.facebook.com\/Redsimbiotic\/","article_modified_time":"2025-08-16T13:35:43+00:00","twitter_card":"summary_large_image","twitter_site":"@simbiotic1","twitter_misc":{"Est. reading time":"3 minutes"},"schema":{"@context":"https:\/\/schema.org","@graph":[{"@type":"WebPage","@id":"https:\/\/redsimbiotic.com\/contacto-simbotic\/","url":"https:\/\/redsimbiotic.com\/contacto-simbotic\/","name":"Contacto Simbiotic | Asesor\u00eda en Sostenibilidad","isPartOf":{"@id":"https:\/\/redsimbiotic.com\/#website"},"datePublished":"2021-11-21T04:27:16+00:00","dateModified":"2025-08-16T13:35:43+00:00","description":"Con Simbiotic recibe asesor\u00edas en sostenibilidad, econom\u00eda circular y turismo responsable. Cocreamos soluciones para tu organizaci\u00f3n.","breadcrumb":{"@id":"https:\/\/redsimbiotic.com\/contacto-simbotic\/#breadcrumb"},"inLanguage":"en-US","potentialAction":[{"@type":"ReadAction","target":["https:\/\/redsimbiotic.com\/contacto-simbotic\/"]}]},{"@type":"BreadcrumbList","@id":"https:\/\/redsimbiotic.com\/contacto-simbotic\/#breadcrumb","itemListElement":[{"@type":"ListItem","position":1,"name":"Inicio","item":"https:\/\/redsimbiotic.com\/"},{"@type":"ListItem","position":2,"name":"Contacto"}]},{"@type":"WebSite","@id":"https:\/\/redsimbiotic.com\/#website","url":"https:\/\/redsimbiotic.com\/","name":"Red Simbiotic","description":"We are a strategic consulting firm that generates profitability through doing the environmentally correct thing.","publisher":{"@id":"https:\/\/redsimbiotic.com\/#organization"},"potentialAction":[{"@type":"SearchAction","target":{"@type":"EntryPoint","urlTemplate":"https:\/\/redsimbiotic.com\/?s={search_term_string}"},"query-input":{"@type":"PropertyValueSpecification","valueRequired":true,"valueName":"search_term_string"}}],"inLanguage":"en-US"},{"@type":"Organization","@id":"https:\/\/redsimbiotic.com\/#organization","name":"Simbiotic","url":"https:\/\/redsimbiotic.com\/","logo":{"@type":"ImageObject","inLanguage":"en-US","@id":"https:\/\/redsimbiotic.com\/#\/schema\/logo\/image\/","url":"https:\/\/redsimbiotic.com\/wp-content\/uploads\/2021\/11\/logo-final-14-e1637467835938.png","contentUrl":"https:\/\/redsimbiotic.com\/wp-content\/uploads\/2021\/11\/logo-final-14-e1637467835938.png","width":100,"height":110,"caption":"Simbiotic"},"image":{"@id":"https:\/\/redsimbiotic.com\/#\/schema\/logo\/image\/"},"sameAs":["https:\/\/www.facebook.com\/Redsimbiotic\/","https:\/\/x.com\/simbiotic1","https:\/\/www.instagram.com\/simbiotic2018\/","https:\/\/co.linkedin.com\/company\/simbiotic-s-a-s","https:\/\/www.youtube.com\/c\/RedSimbiotic"],"actionableFeedbackPolicy":"https:\/\/redsimbiotic.com\/politica-de-privacidad\/","correctionsPolicy":"https:\/\/redsimbiotic.com\/politica-de-privacidad\/"}]}},"uagb_featured_image_src":{"full":false,"thumbnail":false,"medium":false,"medium_large":false,"large":false,"1536x1536":false,"2048x2048":false,"trp-custom-language-flag":false,"gform-image-choice-sm":false,"gform-image-choice-md":false,"gform-image-choice-lg":false},"uagb_author_info":{"display_name":"Jorge Sandoval","author_link":"https:\/\/redsimbiotic.com\/en\/author\/r3d51mb10t1c\/"},"uagb_comment_info":0,"uagb_excerpt":"Estamos atentos de cualquier mensaje o requerimiento que nos quieras hacer llegar. Si tienes dudas, ideas o buscas asesor\u00eda en sostenibilidad, econom\u00eda circular o turismo responsable, completa el formulario y te responderemos lo antes posible. \u00a1Juntos podemos generar un cambio positivo y duradero! Facebook-f Instagram Linkedin Youtube Twitter","_links":{"self":[{"href":"https:\/\/redsimbiotic.com\/en\/wp-json\/wp\/v2\/pages\/44","targetHints":{"allow":["GET"]}}],"collection":[{"href":"https:\/\/redsimbiotic.com\/en\/wp-json\/wp\/v2\/pages"}],"about":[{"href":"https:\/\/redsimbiotic.com\/en\/wp-json\/wp\/v2\/types\/page"}],"author":[{"embeddable":true,"href":"https:\/\/redsimbiotic.com\/en\/wp-json\/wp\/v2\/users\/1"}],"replies":[{"embeddable":true,"href":"https:\/\/redsimbiotic.com\/en\/wp-json\/wp\/v2\/comments?post=44"}],"version-history":[{"count":161,"href":"https:\/\/redsimbiotic.com\/en\/wp-json\/wp\/v2\/pages\/44\/revisions"}],"predecessor-version":[{"id":7848,"href":"https:\/\/redsimbiotic.com\/en\/wp-json\/wp\/v2\/pages\/44\/revisions\/7848"}],"wp:attachment":[{"href":"https:\/\/redsimbiotic.com\/en\/wp-json\/wp\/v2\/media?parent=44"}],"wp:term":[{"taxonomy":"category","embeddable":true,"href":"https:\/\/redsimbiotic.com\/en\/wp-json\/wp\/v2\/categories?post=44"},{"taxonomy":"post_tag","embeddable":true,"href":"https:\/\/redsimbiotic.com\/en\/wp-json\/wp\/v2\/tags?post=44"},{"taxonomy":"folder","embeddable":true,"href":"https:\/\/redsimbiotic.com\/en\/wp-json\/wp\/v2\/folder?post=44"}],"curies":[{"name":"wp","href":"https:\/\/api.w.org\/{rel}","templated":true}]}}